{"id":250,"date":"2019-11-18T13:30:00","date_gmt":"2019-11-18T12:30:00","guid":{"rendered":"https:\/\/dev.tidee.mob-ion.net\/?page_id=250"},"modified":"2021-12-02T17:06:42","modified_gmt":"2021-12-02T16:06:42","slug":"notre-bureau-detudes-pour-votre-expertise-projets-industriels","status":"publish","type":"page","link":"https:\/\/dev.tidee.mob-ion.net\/index.php\/notre-bureau-detudes-pour-votre-expertise-projets-industriels\/","title":{"rendered":"Notre bureau d\u2019\u00e9tudes pour votre expertise projets industriels"},"content":{"rendered":"\t\t<div data-elementor-type=\"wp-page\" data-elementor-id=\"250\" class=\"elementor elementor-250\">\n\t\t\t\t\t\t<section class=\"elementor-section elementor-top-section elementor-element elementor-element-9a36085 elementor-section-boxed elementor-section-height-default elementor-section-height-default\" data-id=\"9a36085\" data-element_type=\"section\" data-e-type=\"section\">\n\t\t\t\t\t\t<div class=\"elementor-container elementor-column-gap-default\">\n\t\t\t\t\t<div class=\"elementor-column elementor-col-100 elementor-top-column elementor-element elementor-element-3af7adc\" data-id=\"3af7adc\" data-element_type=\"column\" data-e-type=\"column\">\n\t\t\t<div class=\"elementor-widget-wrap elementor-element-populated\">\n\t\t\t\t\t\t<div class=\"elementor-element elementor-element-e4f7c77 elementor-widget elementor-widget-text-editor\" data-id=\"e4f7c77\" data-element_type=\"widget\" data-e-type=\"widget\" data-widget_type=\"text-editor.default\">\n\t\t\t\t<div class=\"elementor-widget-container\">\n\t\t\t\t\t\t\t\t\t<p>Toutes les r\u00e9alisations en m\u00e9tallerie de nos clients ainsi que nos produits propres ont pour point de d\u00e9part le bureau d\u2019\u00e9tudes industriel. Nos ing\u00e9nieurs en <a href=\"https:\/\/dev.tidee.mob-ion.net\/index.php\/tolerie-fine-sur-mesure\/\">t\u00f4lerie fine<\/a> prennent en charge votre projet : de la conception jusqu\u2019\u00e0 la livraison du produit fini, ils \u00e9valuent la faisabilit\u00e9 du prototype \u00e0 partir des cotation fonctionnelles, adaptent les process aux normes \u00e0 respecter et organisent les tests de r\u00e9sistance indispensables. Votre cahier des charges permet de d\u00e9finir les caract\u00e9ristiques d\u2019un prototype. Apr\u00e8s une recherche de solutions adapt\u00e9es pour la r\u00e9alisation, une mod\u00e9lisation en 3D sert \u00e0 valider les plans d\u00e9finitifs. Le support num\u00e9rique con\u00e7u par notre bureau d\u2019\u00e9tudes industriel est transmis \u00e0 nos techniciens pour la programmation des machines d\u2019usinage et la mise en \u0153uvre.<\/p>\t\t\t\t\t\t\t\t<\/div>\n\t\t\t\t<\/div>\n\t\t\t\t\t<\/div>\n\t\t<\/div>\n\t\t\t\t\t<\/div>\n\t\t<\/section>\n\t\t\t\t<section class=\"elementor-section elementor-top-section elementor-element elementor-element-0de23d5 elementor-section-boxed elementor-section-height-default elementor-section-height-default\" data-id=\"0de23d5\" data-element_type=\"section\" data-e-type=\"section\">\n\t\t\t\t\t\t<div class=\"elementor-container elementor-column-gap-default\">\n\t\t\t\t\t<div class=\"elementor-column elementor-col-100 elementor-top-column elementor-element elementor-element-22d8fc6\" data-id=\"22d8fc6\" data-element_type=\"column\" data-e-type=\"column\">\n\t\t\t<div class=\"elementor-widget-wrap elementor-element-populated\">\n\t\t\t\t\t\t<div class=\"elementor-element elementor-element-60f4a65 elementor-widget elementor-widget-heading\" data-id=\"60f4a65\" data-element_type=\"widget\" data-e-type=\"widget\" data-widget_type=\"heading.default\">\n\t\t\t\t<div class=\"elementor-widget-container\">\n\t\t\t\t\t<h2 class=\"elementor-heading-title elementor-size-default\">Des conseils et un accompagnement sur-mesure<\/h2>\t\t\t\t<\/div>\n\t\t\t\t<\/div>\n\t\t\t\t\t<\/div>\n\t\t<\/div>\n\t\t\t\t\t<\/div>\n\t\t<\/section>\n\t\t\t\t<section class=\"elementor-section elementor-top-section elementor-element elementor-element-8817f26 elementor-section-boxed elementor-section-height-default elementor-section-height-default\" data-id=\"8817f26\" data-element_type=\"section\" data-e-type=\"section\">\n\t\t\t\t\t\t<div class=\"elementor-container elementor-column-gap-default\">\n\t\t\t\t\t<div class=\"elementor-column elementor-col-100 elementor-top-column elementor-element elementor-element-832edeb\" data-id=\"832edeb\" data-element_type=\"column\" data-e-type=\"column\">\n\t\t\t<div class=\"elementor-widget-wrap elementor-element-populated\">\n\t\t\t\t\t\t<div class=\"elementor-element elementor-element-67a51d2 elementor-widget elementor-widget-text-editor\" data-id=\"67a51d2\" data-element_type=\"widget\" data-e-type=\"widget\" data-widget_type=\"text-editor.default\">\n\t\t\t\t<div class=\"elementor-widget-container\">\n\t\t\t\t\t\t\t\t\t<p>\u00c0 chaque \u00e9tape, notre bureau d\u2019\u00e9tudes industriel vous conseille pour mettre en place les meilleurs processus de fabrication. Vous profitez de l\u2019expertise de notre \u00e9quipe pour obtenir des pi\u00e8ces en t\u00f4le aux dimensions requises et robustes. Nous vous guidons dans le choix des mat\u00e9riaux et des outils \u00e0 utiliser pour l\u2019usinage. Le proc\u00e9d\u00e9 choisi participe \u00e0 la pr\u00e9cision des cotations de surfaces ainsi qu\u2019\u00e0 la robustesse du produit livr\u00e9. Le d\u00e9coupage au laser est programm\u00e9 en fonction des cotes \u00e9tablies d\u00e8s la conception. La technique de soudure d\u00e9pend du type de t\u00f4le autant que du profil de la pi\u00e8ce \u00e0 r\u00e9aliser : <a href=\"https:\/\/dev.tidee.mob-ion.net\/index.php\/la-tole-inox-un-materiau-specifique\/\">l\u2019inox<\/a>, l\u2019acier et l\u2019aluminium se fixent selon des proc\u00e9d\u00e9s diff\u00e9rents. Chaque \u00e9l\u00e9ment usin\u00e9 n\u00e9cessite des outils sp\u00e9cifiques. Notre bureau d\u2019\u00e9tudes industriel se charge de les r\u00e9pertorier ou de les concevoir. Notre \u00e9quipe suit votre projet et vous tient inform\u00e9 sur son avanc\u00e9e.<\/p><div>\u00a0<\/div>\t\t\t\t\t\t\t\t<\/div>\n\t\t\t\t<\/div>\n\t\t\t\t\t<\/div>\n\t\t<\/div>\n\t\t\t\t\t<\/div>\n\t\t<\/section>\n\t\t\t\t<section class=\"elementor-section elementor-top-section elementor-element elementor-element-75c45a4 elementor-section-boxed elementor-section-height-default elementor-section-height-default\" data-id=\"75c45a4\" data-element_type=\"section\" data-e-type=\"section\">\n\t\t\t\t\t\t<div class=\"elementor-container elementor-column-gap-default\">\n\t\t\t\t\t<div class=\"elementor-column elementor-col-100 elementor-top-column elementor-element elementor-element-033d611\" data-id=\"033d611\" data-element_type=\"column\" data-e-type=\"column\">\n\t\t\t<div class=\"elementor-widget-wrap elementor-element-populated\">\n\t\t\t\t\t\t<div class=\"elementor-element elementor-element-dc5f3d6 elementor-widget elementor-widget-heading\" data-id=\"dc5f3d6\" data-element_type=\"widget\" data-e-type=\"widget\" data-widget_type=\"heading.default\">\n\t\t\t\t<div class=\"elementor-widget-container\">\n\t\t\t\t\t<h2 class=\"elementor-heading-title elementor-size-default\">Une conception optimis\u00e9e pour un produit rentable<\/h2>\t\t\t\t<\/div>\n\t\t\t\t<\/div>\n\t\t\t\t\t<\/div>\n\t\t<\/div>\n\t\t\t\t\t<\/div>\n\t\t<\/section>\n\t\t\t\t<section class=\"elementor-section elementor-top-section elementor-element elementor-element-2be3d28 elementor-section-boxed elementor-section-height-default elementor-section-height-default\" data-id=\"2be3d28\" data-element_type=\"section\" data-e-type=\"section\">\n\t\t\t\t\t\t<div class=\"elementor-container elementor-column-gap-default\">\n\t\t\t\t\t<div class=\"elementor-column elementor-col-100 elementor-top-column elementor-element elementor-element-36c887a\" data-id=\"36c887a\" data-element_type=\"column\" data-e-type=\"column\">\n\t\t\t<div class=\"elementor-widget-wrap elementor-element-populated\">\n\t\t\t\t\t\t<div class=\"elementor-element elementor-element-439f2e6 elementor-widget elementor-widget-text-editor\" data-id=\"439f2e6\" data-element_type=\"widget\" data-e-type=\"widget\" data-widget_type=\"text-editor.default\">\n\t\t\t\t<div class=\"elementor-widget-container\">\n\t\t\t\t\t\t\t\t\t<p>La simulation num\u00e9rique r\u00e9alis\u00e9e autour de votre projet suffit \u00e0 optimiser les co\u00fbts et les d\u00e9lais. Notre bureau d\u2019\u00e9tudes industriel vous fournit une analyse d\u2019experts. La fiabilit\u00e9 du produit est le r\u00e9sultat d\u2019un ajustement du cahier des charges aux crit\u00e8res de r\u00e9alisations. Vous pouvez compter sur des \u00e9l\u00e9ments fabriqu\u00e9s avec des techniques de pointe pour le cisaillage, le poin\u00e7onnage et le pliage. L\u2019usinage rel\u00e8ve d\u2019un processus \u00e9tudi\u00e9 pour rentabiliser la quantit\u00e9 de mati\u00e8re et le temps de fabrication. La qualit\u00e9 de la mise en \u0153uvre reste un objectif constant. Nos ing\u00e9nieurs du bureau d\u2019\u00e9tudes industriel visent en permanence la r\u00e9sistance des pi\u00e8ces. Pour diminuer les co\u00fbts de production sans n\u00e9gliger la qualit\u00e9 des process, nous produisons les pi\u00e8ces en t\u00f4lerie fine sur place, dans nos ateliers.<\/p><p>Le bureau d\u2019\u00e9tudes industriel met son savoir-faire au service de votre projet. Il d\u00e9termine les machines et les process les plus adapt\u00e9s \u00e0 sa mise en \u0153uvre. Les ing\u00e9nieurs en charge de la gestion de votre ouvrage ont le souci permanent de la pr\u00e9cision pour vous livrer un produit de qualit\u00e9. Les nombreux partenariats avec des secteurs d\u2019activit\u00e9s sensibles comme l\u2019a\u00e9ronautique, l\u2019automobile et la s\u00e9curit\u00e9 n\u00e9cessitent une r\u00e9sistance durable des t\u00f4les usin\u00e9es et soud\u00e9es. Notre bureau d\u2019\u00e9tudes industriel s\u2019occupe de la conception et de la mod\u00e9lisation de petites s\u00e9ries ou de commandes en grande quantit\u00e9. <a href=\"https:\/\/dev.tidee.mob-ion.net\/index.php\/contact\/\">Contactez notre bureau d\u2019\u00e9tudes industriel<\/a> pour la r\u00e9alisation de vos pi\u00e8ces en t\u00f4lerie fine sur-mesure.<\/p><div>\u00a0<\/div>\t\t\t\t\t\t\t\t<\/div>\n\t\t\t\t<\/div>\n\t\t\t\t\t<\/div>\n\t\t<\/div>\n\t\t\t\t\t<\/div>\n\t\t<\/section>\n\t\t\t\t<\/div>\n\t\t","protected":false},"excerpt":{"rendered":"<p>Toutes les r\u00e9alisations en m\u00e9tallerie de nos clients ainsi que nos produits propres ont pour point de d\u00e9part le bureau d\u2019\u00e9tudes industriel. Nos ing\u00e9nieurs en t\u00f4lerie fine prennent en charge votre projet : de la conception jusqu\u2019\u00e0 la livraison du produit fini, ils \u00e9valuent la faisabilit\u00e9 du prototype \u00e0 partir des cotation fonctionnelles, adaptent les&hellip; <br \/> <a class=\"button small blue\" href=\"https:\/\/dev.tidee.mob-ion.net\/index.php\/notre-bureau-detudes-pour-votre-expertise-projets-industriels\/\">Lire la suite<\/a><\/p>\n","protected":false},"author":2,"featured_media":0,"parent":0,"menu_order":0,"comment_status":"closed","ping_status":"closed","template":"","meta":{"footnotes":""},"class_list":["post-250","page","type-page","status-publish","hentry"],"yoast_head":"<!-- This site is optimized with the Yoast SEO plugin v27.5 - https:\/\/yoast.com\/product\/yoast-seo-wordpress\/ -->\n<title>Notre bureau d\u2019\u00e9tudes pour votre expertise projets industriels - Tidee<\/title>\n<meta name=\"robots\" content=\"index, follow, max-snippet:-1, max-image-preview:large, max-video-preview:-1\" \/>\n<link rel=\"canonical\" href=\"https:\/\/dev.tidee.mob-ion.net\/index.php\/notre-bureau-detudes-pour-votre-expertise-projets-industriels\/\" \/>\n<meta property=\"og:locale\" content=\"fr_FR\" \/>\n<meta property=\"og:type\" content=\"article\" \/>\n<meta property=\"og:title\" content=\"Notre bureau d\u2019\u00e9tudes pour votre expertise projets industriels - Tidee\" \/>\n<meta property=\"og:description\" content=\"Toutes les r\u00e9alisations en m\u00e9tallerie de nos clients ainsi que nos produits propres ont pour point de d\u00e9part le bureau d\u2019\u00e9tudes industriel. Nos ing\u00e9nieurs en t\u00f4lerie fine prennent en charge votre projet : de la conception jusqu\u2019\u00e0 la livraison du produit fini, ils \u00e9valuent la faisabilit\u00e9 du prototype \u00e0 partir des cotation fonctionnelles, adaptent les&hellip; Lire la suite\" \/>\n<meta property=\"og:url\" content=\"https:\/\/dev.tidee.mob-ion.net\/index.php\/notre-bureau-detudes-pour-votre-expertise-projets-industriels\/\" \/>\n<meta property=\"og:site_name\" content=\"Tidee\" \/>\n<meta property=\"article:publisher\" content=\"https:\/\/www.facebook.com\/TideeTolerie\" \/>\n<meta property=\"article:modified_time\" content=\"2021-12-02T16:06:42+00:00\" \/>\n<meta name=\"twitter:card\" content=\"summary_large_image\" \/>\n<meta name=\"twitter:site\" content=\"@TideeTolerie\" \/>\n<meta name=\"twitter:label1\" content=\"Dur\u00e9e de lecture estim\u00e9e\" \/>\n\t<meta name=\"twitter:data1\" content=\"3 minutes\" \/>\n<script type=\"application\/ld+json\" class=\"yoast-schema-graph\">{\"@context\":\"https:\\\/\\\/schema.org\",\"@graph\":[{\"@type\":\"WebPage\",\"@id\":\"https:\\\/\\\/dev.tidee.mob-ion.net\\\/index.php\\\/notre-bureau-detudes-pour-votre-expertise-projets-industriels\\\/\",\"url\":\"https:\\\/\\\/dev.tidee.mob-ion.net\\\/index.php\\\/notre-bureau-detudes-pour-votre-expertise-projets-industriels\\\/\",\"name\":\"Notre bureau d\u2019\u00e9tudes pour votre expertise projets industriels - Tidee\",\"isPartOf\":{\"@id\":\"https:\\\/\\\/dev.tidee.mob-ion.net\\\/#website\"},\"datePublished\":\"2019-11-18T12:30:00+00:00\",\"dateModified\":\"2021-12-02T16:06:42+00:00\",\"breadcrumb\":{\"@id\":\"https:\\\/\\\/dev.tidee.mob-ion.net\\\/index.php\\\/notre-bureau-detudes-pour-votre-expertise-projets-industriels\\\/#breadcrumb\"},\"inLanguage\":\"fr-FR\",\"potentialAction\":[{\"@type\":\"ReadAction\",\"target\":[\"https:\\\/\\\/dev.tidee.mob-ion.net\\\/index.php\\\/notre-bureau-detudes-pour-votre-expertise-projets-industriels\\\/\"]}]},{\"@type\":\"BreadcrumbList\",\"@id\":\"https:\\\/\\\/dev.tidee.mob-ion.net\\\/index.php\\\/notre-bureau-detudes-pour-votre-expertise-projets-industriels\\\/#breadcrumb\",\"itemListElement\":[{\"@type\":\"ListItem\",\"position\":1,\"name\":\"Accueil\",\"item\":\"https:\\\/\\\/dev.tidee.mob-ion.net\\\/\"},{\"@type\":\"ListItem\",\"position\":2,\"name\":\"Notre bureau d\u2019\u00e9tudes pour votre expertise projets industriels\"}]},{\"@type\":\"WebSite\",\"@id\":\"https:\\\/\\\/dev.tidee.mob-ion.net\\\/#website\",\"url\":\"https:\\\/\\\/dev.tidee.mob-ion.net\\\/\",\"name\":\"Tidee tolerie fine m\u00e9tallerie\",\"description\":\"\",\"publisher\":{\"@id\":\"https:\\\/\\\/dev.tidee.mob-ion.net\\\/#organization\"},\"potentialAction\":[{\"@type\":\"SearchAction\",\"target\":{\"@type\":\"EntryPoint\",\"urlTemplate\":\"https:\\\/\\\/dev.tidee.mob-ion.net\\\/?s={search_term_string}\"},\"query-input\":{\"@type\":\"PropertyValueSpecification\",\"valueRequired\":true,\"valueName\":\"search_term_string\"}}],\"inLanguage\":\"fr-FR\"},{\"@type\":\"Organization\",\"@id\":\"https:\\\/\\\/dev.tidee.mob-ion.net\\\/#organization\",\"name\":\"Tidee\",\"url\":\"https:\\\/\\\/dev.tidee.mob-ion.net\\\/\",\"logo\":{\"@type\":\"ImageObject\",\"inLanguage\":\"fr-FR\",\"@id\":\"https:\\\/\\\/dev.tidee.mob-ion.net\\\/#\\\/schema\\\/logo\\\/image\\\/\",\"url\":\"https:\\\/\\\/dev.tidee.mob-ion.net\\\/wp-content\\\/uploads\\\/2019\\\/05\\\/tidee-logotype-basse-def.jpg\",\"contentUrl\":\"https:\\\/\\\/dev.tidee.mob-ion.net\\\/wp-content\\\/uploads\\\/2019\\\/05\\\/tidee-logotype-basse-def.jpg\",\"width\":474,\"height\":498,\"caption\":\"Tidee\"},\"image\":{\"@id\":\"https:\\\/\\\/dev.tidee.mob-ion.net\\\/#\\\/schema\\\/logo\\\/image\\\/\"},\"sameAs\":[\"https:\\\/\\\/www.facebook.com\\\/TideeTolerie\",\"https:\\\/\\\/x.com\\\/TideeTolerie\",\"https:\\\/\\\/www.linkedin.com\\\/company\\\/19162475\\\/\"]}]}<\/script>\n<!-- \/ Yoast SEO plugin. -->","yoast_head_json":{"title":"Notre bureau d\u2019\u00e9tudes pour votre expertise projets industriels - Tidee","robots":{"index":"index","follow":"follow","max-snippet":"max-snippet:-1","max-image-preview":"max-image-preview:large","max-video-preview":"max-video-preview:-1"},"canonical":"https:\/\/dev.tidee.mob-ion.net\/index.php\/notre-bureau-detudes-pour-votre-expertise-projets-industriels\/","og_locale":"fr_FR","og_type":"article","og_title":"Notre bureau d\u2019\u00e9tudes pour votre expertise projets industriels - Tidee","og_description":"Toutes les r\u00e9alisations en m\u00e9tallerie de nos clients ainsi que nos produits propres ont pour point de d\u00e9part le bureau d\u2019\u00e9tudes industriel. Nos ing\u00e9nieurs en t\u00f4lerie fine prennent en charge votre projet : de la conception jusqu\u2019\u00e0 la livraison du produit fini, ils \u00e9valuent la faisabilit\u00e9 du prototype \u00e0 partir des cotation fonctionnelles, adaptent les&hellip; Lire la suite","og_url":"https:\/\/dev.tidee.mob-ion.net\/index.php\/notre-bureau-detudes-pour-votre-expertise-projets-industriels\/","og_site_name":"Tidee","article_publisher":"https:\/\/www.facebook.com\/TideeTolerie","article_modified_time":"2021-12-02T16:06:42+00:00","twitter_card":"summary_large_image","twitter_site":"@TideeTolerie","twitter_misc":{"Dur\u00e9e de lecture estim\u00e9e":"3 minutes"},"schema":{"@context":"https:\/\/schema.org","@graph":[{"@type":"WebPage","@id":"https:\/\/dev.tidee.mob-ion.net\/index.php\/notre-bureau-detudes-pour-votre-expertise-projets-industriels\/","url":"https:\/\/dev.tidee.mob-ion.net\/index.php\/notre-bureau-detudes-pour-votre-expertise-projets-industriels\/","name":"Notre bureau d\u2019\u00e9tudes pour votre expertise projets industriels - Tidee","isPartOf":{"@id":"https:\/\/dev.tidee.mob-ion.net\/#website"},"datePublished":"2019-11-18T12:30:00+00:00","dateModified":"2021-12-02T16:06:42+00:00","breadcrumb":{"@id":"https:\/\/dev.tidee.mob-ion.net\/index.php\/notre-bureau-detudes-pour-votre-expertise-projets-industriels\/#breadcrumb"},"inLanguage":"fr-FR","potentialAction":[{"@type":"ReadAction","target":["https:\/\/dev.tidee.mob-ion.net\/index.php\/notre-bureau-detudes-pour-votre-expertise-projets-industriels\/"]}]},{"@type":"BreadcrumbList","@id":"https:\/\/dev.tidee.mob-ion.net\/index.php\/notre-bureau-detudes-pour-votre-expertise-projets-industriels\/#breadcrumb","itemListElement":[{"@type":"ListItem","position":1,"name":"Accueil","item":"https:\/\/dev.tidee.mob-ion.net\/"},{"@type":"ListItem","position":2,"name":"Notre bureau d\u2019\u00e9tudes pour votre expertise projets industriels"}]},{"@type":"WebSite","@id":"https:\/\/dev.tidee.mob-ion.net\/#website","url":"https:\/\/dev.tidee.mob-ion.net\/","name":"Tidee tolerie fine m\u00e9tallerie","description":"","publisher":{"@id":"https:\/\/dev.tidee.mob-ion.net\/#organization"},"potentialAction":[{"@type":"SearchAction","target":{"@type":"EntryPoint","urlTemplate":"https:\/\/dev.tidee.mob-ion.net\/?s={search_term_string}"},"query-input":{"@type":"PropertyValueSpecification","valueRequired":true,"valueName":"search_term_string"}}],"inLanguage":"fr-FR"},{"@type":"Organization","@id":"https:\/\/dev.tidee.mob-ion.net\/#organization","name":"Tidee","url":"https:\/\/dev.tidee.mob-ion.net\/","logo":{"@type":"ImageObject","inLanguage":"fr-FR","@id":"https:\/\/dev.tidee.mob-ion.net\/#\/schema\/logo\/image\/","url":"https:\/\/dev.tidee.mob-ion.net\/wp-content\/uploads\/2019\/05\/tidee-logotype-basse-def.jpg","contentUrl":"https:\/\/dev.tidee.mob-ion.net\/wp-content\/uploads\/2019\/05\/tidee-logotype-basse-def.jpg","width":474,"height":498,"caption":"Tidee"},"image":{"@id":"https:\/\/dev.tidee.mob-ion.net\/#\/schema\/logo\/image\/"},"sameAs":["https:\/\/www.facebook.com\/TideeTolerie","https:\/\/x.com\/TideeTolerie","https:\/\/www.linkedin.com\/company\/19162475\/"]}]}},"_links":{"self":[{"href":"https:\/\/dev.tidee.mob-ion.net\/index.php\/wp-json\/wp\/v2\/pages\/250","targetHints":{"allow":["GET"]}}],"collection":[{"href":"https:\/\/dev.tidee.mob-ion.net\/index.php\/wp-json\/wp\/v2\/pages"}],"about":[{"href":"https:\/\/dev.tidee.mob-ion.net\/index.php\/wp-json\/wp\/v2\/types\/page"}],"author":[{"embeddable":true,"href":"https:\/\/dev.tidee.mob-ion.net\/index.php\/wp-json\/wp\/v2\/users\/2"}],"replies":[{"embeddable":true,"href":"https:\/\/dev.tidee.mob-ion.net\/index.php\/wp-json\/wp\/v2\/comments?post=250"}],"version-history":[{"count":7,"href":"https:\/\/dev.tidee.mob-ion.net\/index.php\/wp-json\/wp\/v2\/pages\/250\/revisions"}],"predecessor-version":[{"id":312,"href":"https:\/\/dev.tidee.mob-ion.net\/index.php\/wp-json\/wp\/v2\/pages\/250\/revisions\/312"}],"wp:attachment":[{"href":"https:\/\/dev.tidee.mob-ion.net\/index.php\/wp-json\/wp\/v2\/media?parent=250"}],"curies":[{"name":"wp","href":"https:\/\/api.w.org\/{rel}","templated":true}]}}