{"id":247,"date":"2019-11-18T13:25:45","date_gmt":"2019-11-18T12:25:45","guid":{"rendered":"https:\/\/dev.tidee.mob-ion.net\/?page_id=247"},"modified":"2021-12-02T17:05:34","modified_gmt":"2021-12-02T16:05:34","slug":"la-tole-inox-un-materiau-specifique","status":"publish","type":"page","link":"https:\/\/dev.tidee.mob-ion.net\/index.php\/la-tole-inox-un-materiau-specifique\/","title":{"rendered":"La t\u00f4le inox, un mat\u00e9riau sp\u00e9cifique"},"content":{"rendered":"\t\t<div data-elementor-type=\"wp-page\" data-elementor-id=\"247\" class=\"elementor elementor-247\">\n\t\t\t\t\t\t<section class=\"elementor-section elementor-top-section elementor-element elementor-element-cf27d08 elementor-section-boxed elementor-section-height-default elementor-section-height-default\" data-id=\"cf27d08\" data-element_type=\"section\" data-e-type=\"section\">\n\t\t\t\t\t\t<div class=\"elementor-container elementor-column-gap-default\">\n\t\t\t\t\t<div class=\"elementor-column elementor-col-100 elementor-top-column elementor-element elementor-element-dc3bfaf\" data-id=\"dc3bfaf\" data-element_type=\"column\" data-e-type=\"column\">\n\t\t\t<div class=\"elementor-widget-wrap elementor-element-populated\">\n\t\t\t\t\t\t<div class=\"elementor-element elementor-element-74db771 elementor-widget elementor-widget-text-editor\" data-id=\"74db771\" data-element_type=\"widget\" data-e-type=\"widget\" data-widget_type=\"text-editor.default\">\n\t\t\t\t<div class=\"elementor-widget-container\">\n\t\t\t\t\t\t\t\t\t<p>La t\u00f4le inox se plie aux besoins de l\u2019industrie. Elle permet d\u2019obtenir de nombreuses formes pour r\u00e9aliser des pi\u00e8ces adapt\u00e9es \u00e0 chaque secteur d\u2019activit\u00e9. Elle se d\u00e9coupe au laser et n\u00e9cessite des techniques particuli\u00e8res pour respecter le cahier des charges. Robuste, la t\u00f4le inox se manie avec l\u2019aide de presses plieuses. La <a href=\"https:\/\/dev.tidee.mob-ion.net\/index.php\/soudures-par-points-sur-lacier\/\">soudure inox<\/a> et le poin\u00e7onnage sont utilis\u00e9s pour fixer les diff\u00e9rentes parties des ouvrages r\u00e9alis\u00e9s. Les m\u00e9thodes propres \u00e0 la m\u00e9tallerie offrent des finitions homog\u00e8nes. Nous fabriquons des contenants en <a href=\"https:\/\/dev.tidee.mob-ion.net\/index.php\/la-tole-inox-un-materiau-specifique\/\">t\u00f4le inox<\/a> \u00e0 toute \u00e9preuve ou des structures r\u00e9sistantes aux forces m\u00e9caniques. De la cabine au coffre s\u00e9curis\u00e9, de l\u2019outil d\u2019usinage \u00e0 la pi\u00e8ce unique, la t\u00f4le inox se pr\u00eate \u00e0 diff\u00e9rents proc\u00e9d\u00e9s de conception.<\/p>\t\t\t\t\t\t\t\t<\/div>\n\t\t\t\t<\/div>\n\t\t\t\t\t<\/div>\n\t\t<\/div>\n\t\t\t\t\t<\/div>\n\t\t<\/section>\n\t\t\t\t<section class=\"elementor-section elementor-top-section elementor-element elementor-element-7b19c1f elementor-section-boxed elementor-section-height-default elementor-section-height-default\" data-id=\"7b19c1f\" data-element_type=\"section\" data-e-type=\"section\">\n\t\t\t\t\t\t<div class=\"elementor-container elementor-column-gap-default\">\n\t\t\t\t\t<div class=\"elementor-column elementor-col-100 elementor-top-column elementor-element elementor-element-1b5aa09\" data-id=\"1b5aa09\" data-element_type=\"column\" data-e-type=\"column\">\n\t\t\t<div class=\"elementor-widget-wrap elementor-element-populated\">\n\t\t\t\t\t\t<div class=\"elementor-element elementor-element-033680b elementor-widget elementor-widget-heading\" data-id=\"033680b\" data-element_type=\"widget\" data-e-type=\"widget\" data-widget_type=\"heading.default\">\n\t\t\t\t<div class=\"elementor-widget-container\">\n\t\t\t\t\t<h2 class=\"elementor-heading-title elementor-size-default\">La t\u00f4le inox, un mat\u00e9riau adapt\u00e9 aux r\u00e9alisations sur-mesure<\/h2>\t\t\t\t<\/div>\n\t\t\t\t<\/div>\n\t\t\t\t\t<\/div>\n\t\t<\/div>\n\t\t\t\t\t<\/div>\n\t\t<\/section>\n\t\t\t\t<section class=\"elementor-section elementor-top-section elementor-element elementor-element-2e3efc0 elementor-section-boxed elementor-section-height-default elementor-section-height-default\" data-id=\"2e3efc0\" data-element_type=\"section\" data-e-type=\"section\">\n\t\t\t\t\t\t<div class=\"elementor-container elementor-column-gap-default\">\n\t\t\t\t\t<div class=\"elementor-column elementor-col-100 elementor-top-column elementor-element elementor-element-ea903ce\" data-id=\"ea903ce\" data-element_type=\"column\" data-e-type=\"column\">\n\t\t\t<div class=\"elementor-widget-wrap elementor-element-populated\">\n\t\t\t\t\t\t<div class=\"elementor-element elementor-element-3eff4af elementor-widget elementor-widget-text-editor\" data-id=\"3eff4af\" data-element_type=\"widget\" data-e-type=\"widget\" data-widget_type=\"text-editor.default\">\n\t\t\t\t<div class=\"elementor-widget-container\">\n\t\t\t\t\t\t\t\t\t<p>La d\u00e9coupe inox au laser garantit une pr\u00e9cision au micron. Pilot\u00e9 par ordinateur, le cisaillage de la t\u00f4le inox suit les cotes \u00e9tablies lors de la conception. La duret\u00e9 du mat\u00e9riau n\u2019a aucune cons\u00e9quence sur le process. La t\u00f4le inox prend les dimensions n\u00e9cessaires. Le soudeur inox utilise des \u00e9lectrodes non fusibles pour fixer les diff\u00e9rentes parties de l\u2019ouvrage sans tordre les pi\u00e8ces. Vous obtenez un usinage sans faille et une r\u00e9alisation solide. Nos techniciens travaillent la t\u00f4le inox en s\u00e9rie ou \u00e0 l\u2019unit\u00e9. L\u2019expertise de nos \u00e9quipes permet d\u2019usiner des formes complexes. Nous adaptons les process \u00e0 chaque commande pour une ma\u00eetrise des co\u00fbts comme des d\u00e9lais de livraison. La production est r\u00e9alis\u00e9e sur place pour un contr\u00f4le qualit\u00e9 \u00e0 chaque \u00e9tape.<\/p>\t\t\t\t\t\t\t\t<\/div>\n\t\t\t\t<\/div>\n\t\t\t\t\t<\/div>\n\t\t<\/div>\n\t\t\t\t\t<\/div>\n\t\t<\/section>\n\t\t\t\t<section class=\"elementor-section elementor-top-section elementor-element elementor-element-fbb12d0 elementor-section-boxed elementor-section-height-default elementor-section-height-default\" data-id=\"fbb12d0\" data-element_type=\"section\" data-e-type=\"section\">\n\t\t\t\t\t\t<div class=\"elementor-container elementor-column-gap-default\">\n\t\t\t\t\t<div class=\"elementor-column elementor-col-100 elementor-top-column elementor-element elementor-element-a297914\" data-id=\"a297914\" data-element_type=\"column\" data-e-type=\"column\">\n\t\t\t<div class=\"elementor-widget-wrap elementor-element-populated\">\n\t\t\t\t\t\t<div class=\"elementor-element elementor-element-fce220d elementor-widget elementor-widget-heading\" data-id=\"fce220d\" data-element_type=\"widget\" data-e-type=\"widget\" data-widget_type=\"heading.default\">\n\t\t\t\t<div class=\"elementor-widget-container\">\n\t\t\t\t\t<h2 class=\"elementor-heading-title elementor-size-default\">La t\u00f4le inox, un mat\u00e9riau de base aux multiples usages<\/h2>\t\t\t\t<\/div>\n\t\t\t\t<\/div>\n\t\t\t\t\t<\/div>\n\t\t<\/div>\n\t\t\t\t\t<\/div>\n\t\t<\/section>\n\t\t\t\t<section class=\"elementor-section elementor-top-section elementor-element elementor-element-17bdcbd elementor-section-boxed elementor-section-height-default elementor-section-height-default\" data-id=\"17bdcbd\" data-element_type=\"section\" data-e-type=\"section\">\n\t\t\t\t\t\t<div class=\"elementor-container elementor-column-gap-default\">\n\t\t\t\t\t<div class=\"elementor-column elementor-col-100 elementor-top-column elementor-element elementor-element-87fcc8a\" data-id=\"87fcc8a\" data-element_type=\"column\" data-e-type=\"column\">\n\t\t\t<div class=\"elementor-widget-wrap elementor-element-populated\">\n\t\t\t\t\t\t<div class=\"elementor-element elementor-element-488cbc3 elementor-widget elementor-widget-text-editor\" data-id=\"488cbc3\" data-element_type=\"widget\" data-e-type=\"widget\" data-widget_type=\"text-editor.default\">\n\t\t\t\t<div class=\"elementor-widget-container\">\n\t\t\t\t\t\t\t\t\t<p>Sp\u00e9cialis\u00e9 dans la t\u00f4lerie fine, nous mettons en \u0153uvre des \u00e9l\u00e9ments en inox con\u00e7us pour satisfaire les exigences techniques de diff\u00e9rents secteurs. La t\u00f4le inox trouve une utilisation dans tous les domaines de l&rsquo;industrie comme l\u2019a\u00e9ronautique, l\u2019industrie navale, ferroviaire et p\u00e9troli\u00e8re ainsi que dans les domaines de la production d\u2019\u00e9nergie, du b\u00e2timent, des rayonnages industriels ou le secteur automobile. La r\u00e9sistance et la fiabilit\u00e9 des \u00e9l\u00e9ments avec soudure inox engage la s\u00e9curit\u00e9 de l\u2019utilisateur. La qualit\u00e9 et la pr\u00e9cision des finitions restent donc une priorit\u00e9 pour nos ing\u00e9nieurs. Nous r\u00e9alisons des cabines destin\u00e9es aux engins de manutention et \u00e0 la protection des personnes. Nous concevons des postes de contr\u00f4le et leur pupitre de commande. Vous pouvez commander des machines sp\u00e9ciales ou des pi\u00e8ces de pr\u00e9cision. Nous installons des armoires sur-mesure et des coffres avec acc\u00e8s s\u00e9curis\u00e9. Nous concevons l\u2019int\u00e9gralit\u00e9 de l\u2019ouvrage sur-mesure ou seulement une partie suivant vos normes sp\u00e9cifiques.<\/p><p>La t\u00f4le inox reste un \u00e9l\u00e9ment robuste pour la fabrication de pi\u00e8ces industrielles. Notre bureau d\u2019\u00e9tudes s\u2019occupe d\u2019optimiser la conception pour un r\u00e9sultat aux normes qualit\u00e9. Nous vous proposons des solutions pour limiter les co\u00fbts de production. <a href=\"https:\/\/dev.tidee.mob-ion.net\/index.php\/contact\/\">Contactez nos experts<\/a> pour un devis adapt\u00e9 \u00e0 votre projet.<\/p><div>\u00a0<\/div>\t\t\t\t\t\t\t\t<\/div>\n\t\t\t\t<\/div>\n\t\t\t\t\t<\/div>\n\t\t<\/div>\n\t\t\t\t\t<\/div>\n\t\t<\/section>\n\t\t\t\t<\/div>\n\t\t","protected":false},"excerpt":{"rendered":"<p>La t\u00f4le inox se plie aux besoins de l\u2019industrie. Elle permet d\u2019obtenir de nombreuses formes pour r\u00e9aliser des pi\u00e8ces adapt\u00e9es \u00e0 chaque secteur d\u2019activit\u00e9. Elle se d\u00e9coupe au laser et n\u00e9cessite des techniques particuli\u00e8res pour respecter le cahier des charges. Robuste, la t\u00f4le inox se manie avec l\u2019aide de presses plieuses. La soudure inox et&hellip; <br \/> <a class=\"button small blue\" href=\"https:\/\/dev.tidee.mob-ion.net\/index.php\/la-tole-inox-un-materiau-specifique\/\">Lire la suite<\/a><\/p>\n","protected":false},"author":2,"featured_media":0,"parent":0,"menu_order":0,"comment_status":"closed","ping_status":"closed","template":"","meta":{"footnotes":""},"class_list":["post-247","page","type-page","status-publish","hentry"],"yoast_head":"<!-- This site is optimized with the Yoast SEO plugin v27.5 - https:\/\/yoast.com\/product\/yoast-seo-wordpress\/ -->\n<title>T\u00f4le inox pour utilisation industrielle : d\u00e9coupe ou soudure - Tidee<\/title>\n<meta name=\"description\" content=\"Notre travail de pr\u00e9cision sur la t\u00f4le en inox vous garantit un r\u00e9sultat de qualit\u00e9 industrielle. Faites appel \u00e0 nous pour votre projet de d\u00e9coupe ou de soudure !\" \/>\n<meta name=\"robots\" content=\"index, follow, max-snippet:-1, max-image-preview:large, max-video-preview:-1\" \/>\n<link rel=\"canonical\" href=\"https:\/\/dev.tidee.mob-ion.net\/index.php\/la-tole-inox-un-materiau-specifique\/\" \/>\n<meta property=\"og:locale\" content=\"fr_FR\" \/>\n<meta property=\"og:type\" content=\"article\" \/>\n<meta property=\"og:title\" content=\"T\u00f4le inox pour utilisation industrielle : d\u00e9coupe ou soudure - Tidee\" \/>\n<meta property=\"og:description\" content=\"Notre travail de pr\u00e9cision sur la t\u00f4le en inox vous garantit un r\u00e9sultat de qualit\u00e9 industrielle. Faites appel \u00e0 nous pour votre projet de d\u00e9coupe ou de soudure !\" \/>\n<meta property=\"og:url\" content=\"https:\/\/dev.tidee.mob-ion.net\/index.php\/la-tole-inox-un-materiau-specifique\/\" \/>\n<meta property=\"og:site_name\" content=\"Tidee\" \/>\n<meta property=\"article:publisher\" content=\"https:\/\/www.facebook.com\/TideeTolerie\" \/>\n<meta property=\"article:modified_time\" content=\"2021-12-02T16:05:34+00:00\" \/>\n<meta name=\"twitter:card\" content=\"summary_large_image\" \/>\n<meta name=\"twitter:site\" content=\"@TideeTolerie\" \/>\n<meta name=\"twitter:label1\" content=\"Dur\u00e9e de lecture estim\u00e9e\" \/>\n\t<meta name=\"twitter:data1\" content=\"3 minutes\" \/>\n<script type=\"application\/ld+json\" class=\"yoast-schema-graph\">{\"@context\":\"https:\\\/\\\/schema.org\",\"@graph\":[{\"@type\":\"WebPage\",\"@id\":\"https:\\\/\\\/dev.tidee.mob-ion.net\\\/index.php\\\/la-tole-inox-un-materiau-specifique\\\/\",\"url\":\"https:\\\/\\\/dev.tidee.mob-ion.net\\\/index.php\\\/la-tole-inox-un-materiau-specifique\\\/\",\"name\":\"T\u00f4le inox pour utilisation industrielle : d\u00e9coupe ou soudure - Tidee\",\"isPartOf\":{\"@id\":\"https:\\\/\\\/dev.tidee.mob-ion.net\\\/#website\"},\"datePublished\":\"2019-11-18T12:25:45+00:00\",\"dateModified\":\"2021-12-02T16:05:34+00:00\",\"description\":\"Notre travail de pr\u00e9cision sur la t\u00f4le en inox vous garantit un r\u00e9sultat de qualit\u00e9 industrielle. Faites appel \u00e0 nous pour votre projet de d\u00e9coupe ou de soudure !\",\"breadcrumb\":{\"@id\":\"https:\\\/\\\/dev.tidee.mob-ion.net\\\/index.php\\\/la-tole-inox-un-materiau-specifique\\\/#breadcrumb\"},\"inLanguage\":\"fr-FR\",\"potentialAction\":[{\"@type\":\"ReadAction\",\"target\":[\"https:\\\/\\\/dev.tidee.mob-ion.net\\\/index.php\\\/la-tole-inox-un-materiau-specifique\\\/\"]}]},{\"@type\":\"BreadcrumbList\",\"@id\":\"https:\\\/\\\/dev.tidee.mob-ion.net\\\/index.php\\\/la-tole-inox-un-materiau-specifique\\\/#breadcrumb\",\"itemListElement\":[{\"@type\":\"ListItem\",\"position\":1,\"name\":\"Accueil\",\"item\":\"https:\\\/\\\/dev.tidee.mob-ion.net\\\/\"},{\"@type\":\"ListItem\",\"position\":2,\"name\":\"La t\u00f4le inox, un mat\u00e9riau sp\u00e9cifique\"}]},{\"@type\":\"WebSite\",\"@id\":\"https:\\\/\\\/dev.tidee.mob-ion.net\\\/#website\",\"url\":\"https:\\\/\\\/dev.tidee.mob-ion.net\\\/\",\"name\":\"Tidee tolerie fine m\u00e9tallerie\",\"description\":\"\",\"publisher\":{\"@id\":\"https:\\\/\\\/dev.tidee.mob-ion.net\\\/#organization\"},\"potentialAction\":[{\"@type\":\"SearchAction\",\"target\":{\"@type\":\"EntryPoint\",\"urlTemplate\":\"https:\\\/\\\/dev.tidee.mob-ion.net\\\/?s={search_term_string}\"},\"query-input\":{\"@type\":\"PropertyValueSpecification\",\"valueRequired\":true,\"valueName\":\"search_term_string\"}}],\"inLanguage\":\"fr-FR\"},{\"@type\":\"Organization\",\"@id\":\"https:\\\/\\\/dev.tidee.mob-ion.net\\\/#organization\",\"name\":\"Tidee\",\"url\":\"https:\\\/\\\/dev.tidee.mob-ion.net\\\/\",\"logo\":{\"@type\":\"ImageObject\",\"inLanguage\":\"fr-FR\",\"@id\":\"https:\\\/\\\/dev.tidee.mob-ion.net\\\/#\\\/schema\\\/logo\\\/image\\\/\",\"url\":\"https:\\\/\\\/dev.tidee.mob-ion.net\\\/wp-content\\\/uploads\\\/2019\\\/05\\\/tidee-logotype-basse-def.jpg\",\"contentUrl\":\"https:\\\/\\\/dev.tidee.mob-ion.net\\\/wp-content\\\/uploads\\\/2019\\\/05\\\/tidee-logotype-basse-def.jpg\",\"width\":474,\"height\":498,\"caption\":\"Tidee\"},\"image\":{\"@id\":\"https:\\\/\\\/dev.tidee.mob-ion.net\\\/#\\\/schema\\\/logo\\\/image\\\/\"},\"sameAs\":[\"https:\\\/\\\/www.facebook.com\\\/TideeTolerie\",\"https:\\\/\\\/x.com\\\/TideeTolerie\",\"https:\\\/\\\/www.linkedin.com\\\/company\\\/19162475\\\/\"]}]}<\/script>\n<!-- \/ Yoast SEO plugin. -->","yoast_head_json":{"title":"T\u00f4le inox pour utilisation industrielle : d\u00e9coupe ou soudure - Tidee","description":"Notre travail de pr\u00e9cision sur la t\u00f4le en inox vous garantit un r\u00e9sultat de qualit\u00e9 industrielle. Faites appel \u00e0 nous pour votre projet de d\u00e9coupe ou de soudure !","robots":{"index":"index","follow":"follow","max-snippet":"max-snippet:-1","max-image-preview":"max-image-preview:large","max-video-preview":"max-video-preview:-1"},"canonical":"https:\/\/dev.tidee.mob-ion.net\/index.php\/la-tole-inox-un-materiau-specifique\/","og_locale":"fr_FR","og_type":"article","og_title":"T\u00f4le inox pour utilisation industrielle : d\u00e9coupe ou soudure - Tidee","og_description":"Notre travail de pr\u00e9cision sur la t\u00f4le en inox vous garantit un r\u00e9sultat de qualit\u00e9 industrielle. Faites appel \u00e0 nous pour votre projet de d\u00e9coupe ou de soudure !","og_url":"https:\/\/dev.tidee.mob-ion.net\/index.php\/la-tole-inox-un-materiau-specifique\/","og_site_name":"Tidee","article_publisher":"https:\/\/www.facebook.com\/TideeTolerie","article_modified_time":"2021-12-02T16:05:34+00:00","twitter_card":"summary_large_image","twitter_site":"@TideeTolerie","twitter_misc":{"Dur\u00e9e de lecture estim\u00e9e":"3 minutes"},"schema":{"@context":"https:\/\/schema.org","@graph":[{"@type":"WebPage","@id":"https:\/\/dev.tidee.mob-ion.net\/index.php\/la-tole-inox-un-materiau-specifique\/","url":"https:\/\/dev.tidee.mob-ion.net\/index.php\/la-tole-inox-un-materiau-specifique\/","name":"T\u00f4le inox pour utilisation industrielle : d\u00e9coupe ou soudure - Tidee","isPartOf":{"@id":"https:\/\/dev.tidee.mob-ion.net\/#website"},"datePublished":"2019-11-18T12:25:45+00:00","dateModified":"2021-12-02T16:05:34+00:00","description":"Notre travail de pr\u00e9cision sur la t\u00f4le en inox vous garantit un r\u00e9sultat de qualit\u00e9 industrielle. Faites appel \u00e0 nous pour votre projet de d\u00e9coupe ou de soudure !","breadcrumb":{"@id":"https:\/\/dev.tidee.mob-ion.net\/index.php\/la-tole-inox-un-materiau-specifique\/#breadcrumb"},"inLanguage":"fr-FR","potentialAction":[{"@type":"ReadAction","target":["https:\/\/dev.tidee.mob-ion.net\/index.php\/la-tole-inox-un-materiau-specifique\/"]}]},{"@type":"BreadcrumbList","@id":"https:\/\/dev.tidee.mob-ion.net\/index.php\/la-tole-inox-un-materiau-specifique\/#breadcrumb","itemListElement":[{"@type":"ListItem","position":1,"name":"Accueil","item":"https:\/\/dev.tidee.mob-ion.net\/"},{"@type":"ListItem","position":2,"name":"La t\u00f4le inox, un mat\u00e9riau sp\u00e9cifique"}]},{"@type":"WebSite","@id":"https:\/\/dev.tidee.mob-ion.net\/#website","url":"https:\/\/dev.tidee.mob-ion.net\/","name":"Tidee tolerie fine m\u00e9tallerie","description":"","publisher":{"@id":"https:\/\/dev.tidee.mob-ion.net\/#organization"},"potentialAction":[{"@type":"SearchAction","target":{"@type":"EntryPoint","urlTemplate":"https:\/\/dev.tidee.mob-ion.net\/?s={search_term_string}"},"query-input":{"@type":"PropertyValueSpecification","valueRequired":true,"valueName":"search_term_string"}}],"inLanguage":"fr-FR"},{"@type":"Organization","@id":"https:\/\/dev.tidee.mob-ion.net\/#organization","name":"Tidee","url":"https:\/\/dev.tidee.mob-ion.net\/","logo":{"@type":"ImageObject","inLanguage":"fr-FR","@id":"https:\/\/dev.tidee.mob-ion.net\/#\/schema\/logo\/image\/","url":"https:\/\/dev.tidee.mob-ion.net\/wp-content\/uploads\/2019\/05\/tidee-logotype-basse-def.jpg","contentUrl":"https:\/\/dev.tidee.mob-ion.net\/wp-content\/uploads\/2019\/05\/tidee-logotype-basse-def.jpg","width":474,"height":498,"caption":"Tidee"},"image":{"@id":"https:\/\/dev.tidee.mob-ion.net\/#\/schema\/logo\/image\/"},"sameAs":["https:\/\/www.facebook.com\/TideeTolerie","https:\/\/x.com\/TideeTolerie","https:\/\/www.linkedin.com\/company\/19162475\/"]}]}},"_links":{"self":[{"href":"https:\/\/dev.tidee.mob-ion.net\/index.php\/wp-json\/wp\/v2\/pages\/247","targetHints":{"allow":["GET"]}}],"collection":[{"href":"https:\/\/dev.tidee.mob-ion.net\/index.php\/wp-json\/wp\/v2\/pages"}],"about":[{"href":"https:\/\/dev.tidee.mob-ion.net\/index.php\/wp-json\/wp\/v2\/types\/page"}],"author":[{"embeddable":true,"href":"https:\/\/dev.tidee.mob-ion.net\/index.php\/wp-json\/wp\/v2\/users\/2"}],"replies":[{"embeddable":true,"href":"https:\/\/dev.tidee.mob-ion.net\/index.php\/wp-json\/wp\/v2\/comments?post=247"}],"version-history":[{"count":8,"href":"https:\/\/dev.tidee.mob-ion.net\/index.php\/wp-json\/wp\/v2\/pages\/247\/revisions"}],"predecessor-version":[{"id":309,"href":"https:\/\/dev.tidee.mob-ion.net\/index.php\/wp-json\/wp\/v2\/pages\/247\/revisions\/309"}],"wp:attachment":[{"href":"https:\/\/dev.tidee.mob-ion.net\/index.php\/wp-json\/wp\/v2\/media?parent=247"}],"curies":[{"name":"wp","href":"https:\/\/api.w.org\/{rel}","templated":true}]}}