{"id":224,"date":"2019-11-06T17:46:08","date_gmt":"2019-11-06T16:46:08","guid":{"rendered":"https:\/\/dev.tidee.mob-ion.net\/?page_id=224"},"modified":"2021-12-02T17:13:34","modified_gmt":"2021-12-02T16:13:34","slug":"la-peinture-electrostatique-et-ses-domaines-demploi","status":"publish","type":"page","link":"https:\/\/dev.tidee.mob-ion.net\/index.php\/la-peinture-electrostatique-et-ses-domaines-demploi\/","title":{"rendered":"La peinture \u00e9lectrostatique et ses domaines d&#8217;emploi"},"content":{"rendered":"\t\t<div data-elementor-type=\"wp-page\" data-elementor-id=\"224\" class=\"elementor elementor-224\">\n\t\t\t\t\t\t<section class=\"elementor-section elementor-top-section elementor-element elementor-element-3fb5a72 elementor-section-boxed elementor-section-height-default elementor-section-height-default\" data-id=\"3fb5a72\" data-element_type=\"section\" data-e-type=\"section\">\n\t\t\t\t\t\t<div class=\"elementor-container elementor-column-gap-default\">\n\t\t\t\t\t<div class=\"elementor-column elementor-col-100 elementor-top-column elementor-element elementor-element-75a530c\" data-id=\"75a530c\" data-element_type=\"column\" data-e-type=\"column\">\n\t\t\t<div class=\"elementor-widget-wrap elementor-element-populated\">\n\t\t\t\t\t\t<div class=\"elementor-element elementor-element-c038ff1 elementor-widget elementor-widget-text-editor\" data-id=\"c038ff1\" data-element_type=\"widget\" data-e-type=\"widget\" data-widget_type=\"text-editor.default\">\n\t\t\t\t<div class=\"elementor-widget-container\">\n\t\t\t\t\t\t\t\t\t<p>Les peintures \u00e9lectrostatiques sont compos\u00e9es de pigments en poudre qui sont attir\u00e9es comme par un aimant en pr\u00e9sence de surfaces m\u00e9talliques. Elles sont donc employ\u00e9es pour la mise en peinture des pi\u00e8ces en acier ou en <a href=\"https:\/\/dev.tidee.mob-ion.net\/index.php\/nos-solutions-de-peinture-aluminium\/\">aluminium<\/a>. L&rsquo;application par bain fluidis\u00e9 \u00e9lectrostatique constitue une variante technique. La pulv\u00e9risation \u00e9lectrostatique est n\u00e9anmoins la m\u00e9thode la plus utilis\u00e9e.<\/p>\t\t\t\t\t\t\t\t<\/div>\n\t\t\t\t<\/div>\n\t\t\t\t\t<\/div>\n\t\t<\/div>\n\t\t\t\t\t<\/div>\n\t\t<\/section>\n\t\t\t\t<section class=\"elementor-section elementor-top-section elementor-element elementor-element-7d4d9b3 elementor-section-boxed elementor-section-height-default elementor-section-height-default\" data-id=\"7d4d9b3\" data-element_type=\"section\" data-e-type=\"section\">\n\t\t\t\t\t\t<div class=\"elementor-container elementor-column-gap-default\">\n\t\t\t\t\t<div class=\"elementor-column elementor-col-100 elementor-top-column elementor-element elementor-element-f6a23d5\" data-id=\"f6a23d5\" data-element_type=\"column\" data-e-type=\"column\">\n\t\t\t<div class=\"elementor-widget-wrap elementor-element-populated\">\n\t\t\t\t\t\t<div class=\"elementor-element elementor-element-1374913 elementor-widget elementor-widget-heading\" data-id=\"1374913\" data-element_type=\"widget\" data-e-type=\"widget\" data-widget_type=\"heading.default\">\n\t\t\t\t<div class=\"elementor-widget-container\">\n\t\t\t\t\t<h2 class=\"elementor-heading-title elementor-size-default\">Les m\u00e9thodes : bain fluidis\u00e9 \u00e9lectrostatique et pulv\u00e9risation \u00e9lectrostatique<\/h2>\t\t\t\t<\/div>\n\t\t\t\t<\/div>\n\t\t\t\t\t<\/div>\n\t\t<\/div>\n\t\t\t\t\t<\/div>\n\t\t<\/section>\n\t\t\t\t<section class=\"elementor-section elementor-top-section elementor-element elementor-element-f56d439 elementor-section-boxed elementor-section-height-default elementor-section-height-default\" data-id=\"f56d439\" data-element_type=\"section\" data-e-type=\"section\">\n\t\t\t\t\t\t<div class=\"elementor-container elementor-column-gap-default\">\n\t\t\t\t\t<div class=\"elementor-column elementor-col-100 elementor-top-column elementor-element elementor-element-ab9ed2e\" data-id=\"ab9ed2e\" data-element_type=\"column\" data-e-type=\"column\">\n\t\t\t<div class=\"elementor-widget-wrap elementor-element-populated\">\n\t\t\t\t\t\t<div class=\"elementor-element elementor-element-4a9a9c2 elementor-widget elementor-widget-text-editor\" data-id=\"4a9a9c2\" data-element_type=\"widget\" data-e-type=\"widget\" data-widget_type=\"text-editor.default\">\n\t\t\t\t<div class=\"elementor-widget-container\">\n\t\t\t\t\t\t\t\t\t<p>La technique de la pulv\u00e9risation \u00e9lectrostatique des pigments de peinture utilise le plus souvent une pompe \u00e0 effet venturi, que l&rsquo;on monte sur un r\u00e9servoir de poudre. Les pigments sont aspir\u00e9s par la pompe dans le circuit de pompage, m\u00e9lang\u00e9s \u00e0 de l&rsquo;air, puis appliqu\u00e9s au pistolet. L&rsquo;application se fait de mani\u00e8re manuelle pour les petites surfaces \u00e0 peindre tandis qu&rsquo;on pr\u00e9f\u00e9rera utiliser un robot, sur lequel est mont\u00e9 le pistolet, pour les pi\u00e8ces de plus grande dimension.<\/p><p>Dans la technique du bain fluidis\u00e9 \u00e9lectrostatique, la peinture en poudre est fluidis\u00e9 dans le r\u00e9servoir pr\u00e9alablement \u00e0 l&rsquo;application sur le support. Ce processus permet un rev\u00eatement particuli\u00e8rement homog\u00e8ne, mais est plus adapt\u00e9 aux couches fines qu&rsquo;aux couches \u00e9paisses, pour lesquelles on pr\u00e9f\u00e8re la pulv\u00e9risation \u00e9lectrostatique. La technique du bain fluidis\u00e9 \u00e9lectrostatique combine les effets magn\u00e9tiques et la fluidisation des poudres. Elle ne n\u00e9cessite pas le pr\u00e9chauffage du support, contrairement au bain fluidis\u00e9 simple.<\/p>\t\t\t\t\t\t\t\t<\/div>\n\t\t\t\t<\/div>\n\t\t\t\t\t<\/div>\n\t\t<\/div>\n\t\t\t\t\t<\/div>\n\t\t<\/section>\n\t\t\t\t<section class=\"elementor-section elementor-top-section elementor-element elementor-element-fc7a627 elementor-section-boxed elementor-section-height-default elementor-section-height-default\" data-id=\"fc7a627\" data-element_type=\"section\" data-e-type=\"section\">\n\t\t\t\t\t\t<div class=\"elementor-container elementor-column-gap-default\">\n\t\t\t\t\t<div class=\"elementor-column elementor-col-100 elementor-top-column elementor-element elementor-element-cbe6c17\" data-id=\"cbe6c17\" data-element_type=\"column\" data-e-type=\"column\">\n\t\t\t<div class=\"elementor-widget-wrap elementor-element-populated\">\n\t\t\t\t\t\t<div class=\"elementor-element elementor-element-8ca6197 elementor-widget elementor-widget-heading\" data-id=\"8ca6197\" data-element_type=\"widget\" data-e-type=\"widget\" data-widget_type=\"heading.default\">\n\t\t\t\t<div class=\"elementor-widget-container\">\n\t\t\t\t\t<h2 class=\"elementor-heading-title elementor-size-default\">Les peintures \u00e9lectrostatiques : avantages et utilisations<\/h2>\t\t\t\t<\/div>\n\t\t\t\t<\/div>\n\t\t\t\t\t<\/div>\n\t\t<\/div>\n\t\t\t\t\t<\/div>\n\t\t<\/section>\n\t\t\t\t<section class=\"elementor-section elementor-top-section elementor-element elementor-element-8e1ac8f elementor-section-boxed elementor-section-height-default elementor-section-height-default\" data-id=\"8e1ac8f\" data-element_type=\"section\" data-e-type=\"section\">\n\t\t\t\t\t\t<div class=\"elementor-container elementor-column-gap-default\">\n\t\t\t\t\t<div class=\"elementor-column elementor-col-100 elementor-top-column elementor-element elementor-element-ade2a4b\" data-id=\"ade2a4b\" data-element_type=\"column\" data-e-type=\"column\">\n\t\t\t<div class=\"elementor-widget-wrap elementor-element-populated\">\n\t\t\t\t\t\t<div class=\"elementor-element elementor-element-49ee30d elementor-widget elementor-widget-text-editor\" data-id=\"49ee30d\" data-element_type=\"widget\" data-e-type=\"widget\" data-widget_type=\"text-editor.default\">\n\t\t\t\t<div class=\"elementor-widget-container\">\n\t\t\t\t\t\t\t\t\t<p><a href=\"https:\/\/dev.tidee.mob-ion.net\/index.php\/nos-services-de-peinture-industrielle\/\">Nos services de peinture industrielle<\/a>Les peintures en poudre pr\u00e9sentent l&rsquo;avantage d&rsquo;\u00eatre faciles \u00e0 conserver. Comme elles ne n\u00e9cessitent pas d&rsquo;additif pour assurer leur \u00e9tat liquide, elles sont aussi plus \u00e9cologiques que les peintures fluides. Les rev\u00eatements appliqu\u00e9s selon les techniques de la poudre \u00e9lectrostatique sont particuli\u00e8rement r\u00e9sistants aux rayures. La mise en oeuvre des peintures \u00e9lectrostatiques en poudre est plut\u00f4t simple, pour peu que l&rsquo;atelier dispose du mat\u00e9riel n\u00e9cessaire. L&rsquo;utilisation de robots permet une r\u00e9duction appr\u00e9ciable des co\u00fbts de production et une augmentation du rendement, avec des volumes de pi\u00e8ces trait\u00e9es plus importants.<\/p><p>Les peintures \u00e9lectrostatiques sont parfaites pour teinter les menuiseries, fen\u00eatres et portes en aluminium. Elles peuvent aussi s&rsquo;appliquer sur les pi\u00e8ces en acier, par exemple des cl\u00f4tures ou diff\u00e9rentes ferronneries. Les peintures \u00e9lectrostatiques sont aussi utilis\u00e9es pour peindre des radiateurs, des meubles en acier ou en aluminium, diff\u00e9rentes pi\u00e8ces pour l&rsquo;industrie automobile ou pour les engins agricoles.<\/p><p>Cette m\u00e9thode d&rsquo;application demeure un moyen fiable et efficace de recouvrir rapidement des surfaces m\u00e9talliques dont la forme est trop complexe \u00e0 peindre avec des m\u00e9thodes traditionnelles \u00e0 la brosse, au pinceau, au rouleau ou au pistolet. Ce proc\u00e9d\u00e9 permet un s\u00e9chage beaucoup plus rapide. Il offre une finition uniforme avec un excellent rendu au s\u00e9chage.<\/p><p>La peinture \u00e9lectrostatique est principalement employ\u00e9e pour recouvrir des surfaces dont la forme est complexe, ce qui rendrait une mise en peinture traditionnelle, avec une brosse ou un pinceau, trop peu fiable. Par ailleurs, la peinture \u00e9lectrostatique s\u00e8che rapidement, ce qui permet d&rsquo;assurer une finition uniforme et qui facilite la manutention des pi\u00e8ces.<\/p>\t\t\t\t\t\t\t\t<\/div>\n\t\t\t\t<\/div>\n\t\t\t\t\t<\/div>\n\t\t<\/div>\n\t\t\t\t\t<\/div>\n\t\t<\/section>\n\t\t\t\t<\/div>\n\t\t","protected":false},"excerpt":{"rendered":"<p>Les peintures \u00e9lectrostatiques sont compos\u00e9es de pigments en poudre qui sont attir\u00e9es comme par un aimant en pr\u00e9sence de surfaces m\u00e9talliques. Elles sont donc employ\u00e9es pour la mise en peinture des pi\u00e8ces en acier ou en aluminium. L&rsquo;application par bain fluidis\u00e9 \u00e9lectrostatique constitue une variante technique. La pulv\u00e9risation \u00e9lectrostatique est n\u00e9anmoins la m\u00e9thode la plus&hellip; <br \/> <a class=\"button small blue\" href=\"https:\/\/dev.tidee.mob-ion.net\/index.php\/la-peinture-electrostatique-et-ses-domaines-demploi\/\">Lire la suite<\/a><\/p>\n","protected":false},"author":2,"featured_media":0,"parent":0,"menu_order":0,"comment_status":"closed","ping_status":"closed","template":"","meta":{"footnotes":""},"class_list":["post-224","page","type-page","status-publish","hentry"],"yoast_head":"<!-- This site is optimized with the Yoast SEO plugin v27.5 - https:\/\/yoast.com\/product\/yoast-seo-wordpress\/ -->\n<title>La peinture \u00e9lectrostatique et ses domaines d&#039;emploi - Tidee<\/title>\n<meta name=\"robots\" content=\"index, follow, max-snippet:-1, max-image-preview:large, max-video-preview:-1\" \/>\n<link rel=\"canonical\" href=\"https:\/\/dev.tidee.mob-ion.net\/index.php\/la-peinture-electrostatique-et-ses-domaines-demploi\/\" \/>\n<meta property=\"og:locale\" content=\"fr_FR\" \/>\n<meta property=\"og:type\" content=\"article\" \/>\n<meta property=\"og:title\" content=\"La peinture \u00e9lectrostatique et ses domaines d&#039;emploi - Tidee\" \/>\n<meta property=\"og:description\" content=\"Les peintures \u00e9lectrostatiques sont compos\u00e9es de pigments en poudre qui sont attir\u00e9es comme par un aimant en pr\u00e9sence de surfaces m\u00e9talliques. Elles sont donc employ\u00e9es pour la mise en peinture des pi\u00e8ces en acier ou en aluminium. L&rsquo;application par bain fluidis\u00e9 \u00e9lectrostatique constitue une variante technique. La pulv\u00e9risation \u00e9lectrostatique est n\u00e9anmoins la m\u00e9thode la plus&hellip; Lire la suite\" \/>\n<meta property=\"og:url\" content=\"https:\/\/dev.tidee.mob-ion.net\/index.php\/la-peinture-electrostatique-et-ses-domaines-demploi\/\" \/>\n<meta property=\"og:site_name\" content=\"Tidee\" \/>\n<meta property=\"article:publisher\" content=\"https:\/\/www.facebook.com\/TideeTolerie\" \/>\n<meta property=\"article:modified_time\" content=\"2021-12-02T16:13:34+00:00\" \/>\n<meta name=\"twitter:card\" content=\"summary_large_image\" \/>\n<meta name=\"twitter:site\" content=\"@TideeTolerie\" \/>\n<meta name=\"twitter:label1\" content=\"Dur\u00e9e de lecture estim\u00e9e\" \/>\n\t<meta name=\"twitter:data1\" content=\"3 minutes\" \/>\n<script type=\"application\/ld+json\" class=\"yoast-schema-graph\">{\"@context\":\"https:\\\/\\\/schema.org\",\"@graph\":[{\"@type\":\"WebPage\",\"@id\":\"https:\\\/\\\/dev.tidee.mob-ion.net\\\/index.php\\\/la-peinture-electrostatique-et-ses-domaines-demploi\\\/\",\"url\":\"https:\\\/\\\/dev.tidee.mob-ion.net\\\/index.php\\\/la-peinture-electrostatique-et-ses-domaines-demploi\\\/\",\"name\":\"La peinture \u00e9lectrostatique et ses domaines d'emploi - Tidee\",\"isPartOf\":{\"@id\":\"https:\\\/\\\/dev.tidee.mob-ion.net\\\/#website\"},\"datePublished\":\"2019-11-06T16:46:08+00:00\",\"dateModified\":\"2021-12-02T16:13:34+00:00\",\"breadcrumb\":{\"@id\":\"https:\\\/\\\/dev.tidee.mob-ion.net\\\/index.php\\\/la-peinture-electrostatique-et-ses-domaines-demploi\\\/#breadcrumb\"},\"inLanguage\":\"fr-FR\",\"potentialAction\":[{\"@type\":\"ReadAction\",\"target\":[\"https:\\\/\\\/dev.tidee.mob-ion.net\\\/index.php\\\/la-peinture-electrostatique-et-ses-domaines-demploi\\\/\"]}]},{\"@type\":\"BreadcrumbList\",\"@id\":\"https:\\\/\\\/dev.tidee.mob-ion.net\\\/index.php\\\/la-peinture-electrostatique-et-ses-domaines-demploi\\\/#breadcrumb\",\"itemListElement\":[{\"@type\":\"ListItem\",\"position\":1,\"name\":\"Accueil\",\"item\":\"https:\\\/\\\/dev.tidee.mob-ion.net\\\/\"},{\"@type\":\"ListItem\",\"position\":2,\"name\":\"La peinture \u00e9lectrostatique et ses domaines d&#8217;emploi\"}]},{\"@type\":\"WebSite\",\"@id\":\"https:\\\/\\\/dev.tidee.mob-ion.net\\\/#website\",\"url\":\"https:\\\/\\\/dev.tidee.mob-ion.net\\\/\",\"name\":\"Tidee tolerie fine m\u00e9tallerie\",\"description\":\"\",\"publisher\":{\"@id\":\"https:\\\/\\\/dev.tidee.mob-ion.net\\\/#organization\"},\"potentialAction\":[{\"@type\":\"SearchAction\",\"target\":{\"@type\":\"EntryPoint\",\"urlTemplate\":\"https:\\\/\\\/dev.tidee.mob-ion.net\\\/?s={search_term_string}\"},\"query-input\":{\"@type\":\"PropertyValueSpecification\",\"valueRequired\":true,\"valueName\":\"search_term_string\"}}],\"inLanguage\":\"fr-FR\"},{\"@type\":\"Organization\",\"@id\":\"https:\\\/\\\/dev.tidee.mob-ion.net\\\/#organization\",\"name\":\"Tidee\",\"url\":\"https:\\\/\\\/dev.tidee.mob-ion.net\\\/\",\"logo\":{\"@type\":\"ImageObject\",\"inLanguage\":\"fr-FR\",\"@id\":\"https:\\\/\\\/dev.tidee.mob-ion.net\\\/#\\\/schema\\\/logo\\\/image\\\/\",\"url\":\"https:\\\/\\\/dev.tidee.mob-ion.net\\\/wp-content\\\/uploads\\\/2019\\\/05\\\/tidee-logotype-basse-def.jpg\",\"contentUrl\":\"https:\\\/\\\/dev.tidee.mob-ion.net\\\/wp-content\\\/uploads\\\/2019\\\/05\\\/tidee-logotype-basse-def.jpg\",\"width\":474,\"height\":498,\"caption\":\"Tidee\"},\"image\":{\"@id\":\"https:\\\/\\\/dev.tidee.mob-ion.net\\\/#\\\/schema\\\/logo\\\/image\\\/\"},\"sameAs\":[\"https:\\\/\\\/www.facebook.com\\\/TideeTolerie\",\"https:\\\/\\\/x.com\\\/TideeTolerie\",\"https:\\\/\\\/www.linkedin.com\\\/company\\\/19162475\\\/\"]}]}<\/script>\n<!-- \/ Yoast SEO plugin. -->","yoast_head_json":{"title":"La peinture \u00e9lectrostatique et ses domaines d'emploi - Tidee","robots":{"index":"index","follow":"follow","max-snippet":"max-snippet:-1","max-image-preview":"max-image-preview:large","max-video-preview":"max-video-preview:-1"},"canonical":"https:\/\/dev.tidee.mob-ion.net\/index.php\/la-peinture-electrostatique-et-ses-domaines-demploi\/","og_locale":"fr_FR","og_type":"article","og_title":"La peinture \u00e9lectrostatique et ses domaines d'emploi - Tidee","og_description":"Les peintures \u00e9lectrostatiques sont compos\u00e9es de pigments en poudre qui sont attir\u00e9es comme par un aimant en pr\u00e9sence de surfaces m\u00e9talliques. Elles sont donc employ\u00e9es pour la mise en peinture des pi\u00e8ces en acier ou en aluminium. L&rsquo;application par bain fluidis\u00e9 \u00e9lectrostatique constitue une variante technique. La pulv\u00e9risation \u00e9lectrostatique est n\u00e9anmoins la m\u00e9thode la plus&hellip; Lire la suite","og_url":"https:\/\/dev.tidee.mob-ion.net\/index.php\/la-peinture-electrostatique-et-ses-domaines-demploi\/","og_site_name":"Tidee","article_publisher":"https:\/\/www.facebook.com\/TideeTolerie","article_modified_time":"2021-12-02T16:13:34+00:00","twitter_card":"summary_large_image","twitter_site":"@TideeTolerie","twitter_misc":{"Dur\u00e9e de lecture estim\u00e9e":"3 minutes"},"schema":{"@context":"https:\/\/schema.org","@graph":[{"@type":"WebPage","@id":"https:\/\/dev.tidee.mob-ion.net\/index.php\/la-peinture-electrostatique-et-ses-domaines-demploi\/","url":"https:\/\/dev.tidee.mob-ion.net\/index.php\/la-peinture-electrostatique-et-ses-domaines-demploi\/","name":"La peinture \u00e9lectrostatique et ses domaines d'emploi - Tidee","isPartOf":{"@id":"https:\/\/dev.tidee.mob-ion.net\/#website"},"datePublished":"2019-11-06T16:46:08+00:00","dateModified":"2021-12-02T16:13:34+00:00","breadcrumb":{"@id":"https:\/\/dev.tidee.mob-ion.net\/index.php\/la-peinture-electrostatique-et-ses-domaines-demploi\/#breadcrumb"},"inLanguage":"fr-FR","potentialAction":[{"@type":"ReadAction","target":["https:\/\/dev.tidee.mob-ion.net\/index.php\/la-peinture-electrostatique-et-ses-domaines-demploi\/"]}]},{"@type":"BreadcrumbList","@id":"https:\/\/dev.tidee.mob-ion.net\/index.php\/la-peinture-electrostatique-et-ses-domaines-demploi\/#breadcrumb","itemListElement":[{"@type":"ListItem","position":1,"name":"Accueil","item":"https:\/\/dev.tidee.mob-ion.net\/"},{"@type":"ListItem","position":2,"name":"La peinture \u00e9lectrostatique et ses domaines d&#8217;emploi"}]},{"@type":"WebSite","@id":"https:\/\/dev.tidee.mob-ion.net\/#website","url":"https:\/\/dev.tidee.mob-ion.net\/","name":"Tidee tolerie fine m\u00e9tallerie","description":"","publisher":{"@id":"https:\/\/dev.tidee.mob-ion.net\/#organization"},"potentialAction":[{"@type":"SearchAction","target":{"@type":"EntryPoint","urlTemplate":"https:\/\/dev.tidee.mob-ion.net\/?s={search_term_string}"},"query-input":{"@type":"PropertyValueSpecification","valueRequired":true,"valueName":"search_term_string"}}],"inLanguage":"fr-FR"},{"@type":"Organization","@id":"https:\/\/dev.tidee.mob-ion.net\/#organization","name":"Tidee","url":"https:\/\/dev.tidee.mob-ion.net\/","logo":{"@type":"ImageObject","inLanguage":"fr-FR","@id":"https:\/\/dev.tidee.mob-ion.net\/#\/schema\/logo\/image\/","url":"https:\/\/dev.tidee.mob-ion.net\/wp-content\/uploads\/2019\/05\/tidee-logotype-basse-def.jpg","contentUrl":"https:\/\/dev.tidee.mob-ion.net\/wp-content\/uploads\/2019\/05\/tidee-logotype-basse-def.jpg","width":474,"height":498,"caption":"Tidee"},"image":{"@id":"https:\/\/dev.tidee.mob-ion.net\/#\/schema\/logo\/image\/"},"sameAs":["https:\/\/www.facebook.com\/TideeTolerie","https:\/\/x.com\/TideeTolerie","https:\/\/www.linkedin.com\/company\/19162475\/"]}]}},"_links":{"self":[{"href":"https:\/\/dev.tidee.mob-ion.net\/index.php\/wp-json\/wp\/v2\/pages\/224","targetHints":{"allow":["GET"]}}],"collection":[{"href":"https:\/\/dev.tidee.mob-ion.net\/index.php\/wp-json\/wp\/v2\/pages"}],"about":[{"href":"https:\/\/dev.tidee.mob-ion.net\/index.php\/wp-json\/wp\/v2\/types\/page"}],"author":[{"embeddable":true,"href":"https:\/\/dev.tidee.mob-ion.net\/index.php\/wp-json\/wp\/v2\/users\/2"}],"replies":[{"embeddable":true,"href":"https:\/\/dev.tidee.mob-ion.net\/index.php\/wp-json\/wp\/v2\/comments?post=224"}],"version-history":[{"count":6,"href":"https:\/\/dev.tidee.mob-ion.net\/index.php\/wp-json\/wp\/v2\/pages\/224\/revisions"}],"predecessor-version":[{"id":325,"href":"https:\/\/dev.tidee.mob-ion.net\/index.php\/wp-json\/wp\/v2\/pages\/224\/revisions\/325"}],"wp:attachment":[{"href":"https:\/\/dev.tidee.mob-ion.net\/index.php\/wp-json\/wp\/v2\/media?parent=224"}],"curies":[{"name":"wp","href":"https:\/\/api.w.org\/{rel}","templated":true}]}}