{"id":219,"date":"2019-11-06T17:32:20","date_gmt":"2019-11-06T16:32:20","guid":{"rendered":"https:\/\/dev.tidee.mob-ion.net\/?page_id=219"},"modified":"2021-12-02T17:12:39","modified_gmt":"2021-12-02T16:12:39","slug":"nos-solutions-de-peinture-aluminium","status":"publish","type":"page","link":"https:\/\/dev.tidee.mob-ion.net\/index.php\/nos-solutions-de-peinture-aluminium\/","title":{"rendered":"Nos solutions de peinture aluminium"},"content":{"rendered":"\t\t<div data-elementor-type=\"wp-page\" data-elementor-id=\"219\" class=\"elementor elementor-219\">\n\t\t\t\t\t\t<section class=\"elementor-section elementor-top-section elementor-element elementor-element-55d9509 elementor-section-boxed elementor-section-height-default elementor-section-height-default\" data-id=\"55d9509\" data-element_type=\"section\" data-e-type=\"section\">\n\t\t\t\t\t\t<div class=\"elementor-container elementor-column-gap-default\">\n\t\t\t\t\t<div class=\"elementor-column elementor-col-100 elementor-top-column elementor-element elementor-element-d14497b\" data-id=\"d14497b\" data-element_type=\"column\" data-e-type=\"column\">\n\t\t\t<div class=\"elementor-widget-wrap elementor-element-populated\">\n\t\t\t\t\t\t<div class=\"elementor-element elementor-element-d95d60b elementor-widget elementor-widget-text-editor\" data-id=\"d95d60b\" data-element_type=\"widget\" data-e-type=\"widget\" data-widget_type=\"text-editor.default\">\n\t\t\t\t<div class=\"elementor-widget-container\">\n\t\t\t\t\t\t\t\t\t<p>La peinture d&rsquo;une pi\u00e8ce en aluminium n\u00e9cessite une technicit\u00e9 certaine. Pas question de se contenter d&rsquo;une peinture standard, ou m\u00eame d&rsquo;une mise en oeuvre courante sur ce type de support m\u00e9tallique. Si vous souhaitez mettre en couleur une cl\u00f4ture, un portail ou toute autre pi\u00e8ce en aluminium, vous voulez \u00e9videmment que la peinture tienne, qu&rsquo;elle prot\u00e8ge le m\u00e9tal et que la teinte soit durable. C&rsquo;est la raison pour laquelle il est indispensable d&rsquo;avoir recours \u00e0 des solutions de mise en peinture aluminium sp\u00e9cialis\u00e9e, comme celles que nous vous proposons chez Tidee.<\/p>\t\t\t\t\t\t\t\t<\/div>\n\t\t\t\t<\/div>\n\t\t\t\t\t<\/div>\n\t\t<\/div>\n\t\t\t\t\t<\/div>\n\t\t<\/section>\n\t\t\t\t<section class=\"elementor-section elementor-top-section elementor-element elementor-element-7d1565e elementor-section-boxed elementor-section-height-default elementor-section-height-default\" data-id=\"7d1565e\" data-element_type=\"section\" data-e-type=\"section\">\n\t\t\t\t\t\t<div class=\"elementor-container elementor-column-gap-default\">\n\t\t\t\t\t<div class=\"elementor-column elementor-col-100 elementor-top-column elementor-element elementor-element-0316ae5\" data-id=\"0316ae5\" data-element_type=\"column\" data-e-type=\"column\">\n\t\t\t<div class=\"elementor-widget-wrap elementor-element-populated\">\n\t\t\t\t\t\t<div class=\"elementor-element elementor-element-108f90d elementor-widget elementor-widget-heading\" data-id=\"108f90d\" data-element_type=\"widget\" data-e-type=\"widget\" data-widget_type=\"heading.default\">\n\t\t\t\t<div class=\"elementor-widget-container\">\n\t\t\t\t\t<h2 class=\"elementor-heading-title elementor-size-default\">Quelles pr\u00e9cautions sont n\u00e9cessaires pour la peinture aluminium ?<\/h2>\t\t\t\t<\/div>\n\t\t\t\t<\/div>\n\t\t\t\t\t<\/div>\n\t\t<\/div>\n\t\t\t\t\t<\/div>\n\t\t<\/section>\n\t\t\t\t<section class=\"elementor-section elementor-top-section elementor-element elementor-element-97332a5 elementor-section-boxed elementor-section-height-default elementor-section-height-default\" data-id=\"97332a5\" data-element_type=\"section\" data-e-type=\"section\">\n\t\t\t\t\t\t<div class=\"elementor-container elementor-column-gap-default\">\n\t\t\t\t\t<div class=\"elementor-column elementor-col-100 elementor-top-column elementor-element elementor-element-2af9600\" data-id=\"2af9600\" data-element_type=\"column\" data-e-type=\"column\">\n\t\t\t<div class=\"elementor-widget-wrap elementor-element-populated\">\n\t\t\t\t\t\t<div class=\"elementor-element elementor-element-16d9bd5 elementor-widget elementor-widget-text-editor\" data-id=\"16d9bd5\" data-element_type=\"widget\" data-e-type=\"widget\" data-widget_type=\"text-editor.default\">\n\t\t\t\t<div class=\"elementor-widget-container\">\n\t\t\t\t\t\t\t\t\t<p>Pour la mise en peinture d&rsquo;une pi\u00e8ce en aluminium, un certain nombre de pr\u00e9cautions doivent \u00eatre prises. Tout d&rsquo;abord, la peinture doit \u00e9videmment \u00eatre bien choisie, adapt\u00e9e au support. Une peinture aluminium est incontournable. Il faut aussi pr\u00e9parer le support, en appliquant une sous-couche. Cette derni\u00e8re permet d&rsquo;assurer un rendu parfait et une meilleure r\u00e9sistance. La pr\u00e9paration professionnelle de l&rsquo;aluminium vous garantit que la peinture va bien accrocher.<\/p>\t\t\t\t\t\t\t\t<\/div>\n\t\t\t\t<\/div>\n\t\t\t\t\t<\/div>\n\t\t<\/div>\n\t\t\t\t\t<\/div>\n\t\t<\/section>\n\t\t\t\t<section class=\"elementor-section elementor-top-section elementor-element elementor-element-491f654 elementor-section-boxed elementor-section-height-default elementor-section-height-default\" data-id=\"491f654\" data-element_type=\"section\" data-e-type=\"section\">\n\t\t\t\t\t\t<div class=\"elementor-container elementor-column-gap-default\">\n\t\t\t\t\t<div class=\"elementor-column elementor-col-100 elementor-top-column elementor-element elementor-element-6f18e9b\" data-id=\"6f18e9b\" data-element_type=\"column\" data-e-type=\"column\">\n\t\t\t<div class=\"elementor-widget-wrap elementor-element-populated\">\n\t\t\t\t\t\t<div class=\"elementor-element elementor-element-a8b1c31 elementor-widget elementor-widget-heading\" data-id=\"a8b1c31\" data-element_type=\"widget\" data-e-type=\"widget\" data-widget_type=\"heading.default\">\n\t\t\t\t<div class=\"elementor-widget-container\">\n\t\t\t\t\t<h2 class=\"elementor-heading-title elementor-size-default\">Quel type de peinture pour l'aluminium ?<\/h2>\t\t\t\t<\/div>\n\t\t\t\t<\/div>\n\t\t\t\t\t<\/div>\n\t\t<\/div>\n\t\t\t\t\t<\/div>\n\t\t<\/section>\n\t\t\t\t<section class=\"elementor-section elementor-top-section elementor-element elementor-element-620743c elementor-section-boxed elementor-section-height-default elementor-section-height-default\" data-id=\"620743c\" data-element_type=\"section\" data-e-type=\"section\">\n\t\t\t\t\t\t<div class=\"elementor-container elementor-column-gap-default\">\n\t\t\t\t\t<div class=\"elementor-column elementor-col-100 elementor-top-column elementor-element elementor-element-eef0114\" data-id=\"eef0114\" data-element_type=\"column\" data-e-type=\"column\">\n\t\t\t<div class=\"elementor-widget-wrap elementor-element-populated\">\n\t\t\t\t\t\t<div class=\"elementor-element elementor-element-e2a752d elementor-widget elementor-widget-text-editor\" data-id=\"e2a752d\" data-element_type=\"widget\" data-e-type=\"widget\" data-widget_type=\"text-editor.default\">\n\t\t\t\t<div class=\"elementor-widget-container\">\n\t\t\t\t\t\t\t\t\t<p>On employait autrefois des peintures glyc\u00e9rophtaliques pour la mise en couleur de l&rsquo;aluminium. Celles-ci sont aujourd&rsquo;hui remplac\u00e9es par des peintures acryliques sp\u00e9ciales, adapt\u00e9es \u00e0 ce type de support. Ces peintures sont moins polluantes et plus \u00e9cologiques. Elles n\u00e9cessitent cependant un traitement r\u00e9ellement adapt\u00e9 du support, \u00e0 commencer, s&rsquo;il s&rsquo;agit d&rsquo;un chantier de r\u00e9novation, par l&rsquo;application d&rsquo;un convertisseur de rouille. Ce traitement est indispensable d\u00e8s lors que l&rsquo;aluminium est oxyd\u00e9. Il doit \u00eatre effectu\u00e9 avant la sous-couche. La mise en oeuvre de ces produits n\u00e9cessite le port de protections, comme un masque et des gants. La meilleure solution consiste \u00e0 confier l&rsquo;application de la peinture aluminium \u00e0 des sp\u00e9cialistes comme ceux de Tidee.<\/p>\t\t\t\t\t\t\t\t<\/div>\n\t\t\t\t<\/div>\n\t\t\t\t\t<\/div>\n\t\t<\/div>\n\t\t\t\t\t<\/div>\n\t\t<\/section>\n\t\t\t\t<section class=\"elementor-section elementor-top-section elementor-element elementor-element-06659fc elementor-section-boxed elementor-section-height-default elementor-section-height-default\" data-id=\"06659fc\" data-element_type=\"section\" data-e-type=\"section\">\n\t\t\t\t\t\t<div class=\"elementor-container elementor-column-gap-default\">\n\t\t\t\t\t<div class=\"elementor-column elementor-col-100 elementor-top-column elementor-element elementor-element-8b191b1\" data-id=\"8b191b1\" data-element_type=\"column\" data-e-type=\"column\">\n\t\t\t<div class=\"elementor-widget-wrap elementor-element-populated\">\n\t\t\t\t\t\t<div class=\"elementor-element elementor-element-3579097 elementor-widget elementor-widget-heading\" data-id=\"3579097\" data-element_type=\"widget\" data-e-type=\"widget\" data-widget_type=\"heading.default\">\n\t\t\t\t<div class=\"elementor-widget-container\">\n\t\t\t\t\t<h2 class=\"elementor-heading-title elementor-size-default\">Les sp\u00e9cificit\u00e9s de la peinture sur aluminium<\/h2>\t\t\t\t<\/div>\n\t\t\t\t<\/div>\n\t\t\t\t\t<\/div>\n\t\t<\/div>\n\t\t\t\t\t<\/div>\n\t\t<\/section>\n\t\t\t\t<section class=\"elementor-section elementor-top-section elementor-element elementor-element-b4f6c12 elementor-section-boxed elementor-section-height-default elementor-section-height-default\" data-id=\"b4f6c12\" data-element_type=\"section\" data-e-type=\"section\">\n\t\t\t\t\t\t<div class=\"elementor-container elementor-column-gap-default\">\n\t\t\t\t\t<div class=\"elementor-column elementor-col-100 elementor-top-column elementor-element elementor-element-57c2d3e\" data-id=\"57c2d3e\" data-element_type=\"column\" data-e-type=\"column\">\n\t\t\t<div class=\"elementor-widget-wrap elementor-element-populated\">\n\t\t\t\t\t\t<div class=\"elementor-element elementor-element-12c1b1e elementor-widget elementor-widget-text-editor\" data-id=\"12c1b1e\" data-element_type=\"widget\" data-e-type=\"widget\" data-widget_type=\"text-editor.default\">\n\t\t\t\t<div class=\"elementor-widget-container\">\n\t\t\t\t\t\t\t\t\t<p>L&rsquo;application d&rsquo;une peinture, m\u00eame adapt\u00e9e, sur de l&rsquo;aluminium est toujours une op\u00e9ration d\u00e9licate. Les pigments peuvent \u00eatre mis en oeuvre au pinceau, au rouleau, avec une brosse, mais on trouve aussi des bombes de peintures aluminium. Si la t\u00e2che des amateurs souhaitant r\u00e9nover leurs volets ou leur portail est facilit\u00e9e par les produits actuels, le r\u00e9sultat n&rsquo;est pas garanti et vous pourriez \u00eatre d\u00e9\u00e7u, malgr\u00e9 les efforts d\u00e9ploy\u00e9s pour pr\u00e9parer le support. C&rsquo;est pourquoi nous vous recommandons d&rsquo;avoir recours aux services sp\u00e9cialis\u00e9s des peintres de Tidee, qui sauront redonner une nouvelle jeunesse \u00e0 vos pi\u00e8ces en aluminium.<\/p>\t\t\t\t\t\t\t\t<\/div>\n\t\t\t\t<\/div>\n\t\t\t\t\t<\/div>\n\t\t<\/div>\n\t\t\t\t\t<\/div>\n\t\t<\/section>\n\t\t\t\t<section class=\"elementor-section elementor-top-section elementor-element elementor-element-665327b elementor-section-boxed elementor-section-height-default elementor-section-height-default\" data-id=\"665327b\" data-element_type=\"section\" data-e-type=\"section\">\n\t\t\t\t\t\t<div class=\"elementor-container elementor-column-gap-default\">\n\t\t\t\t\t<div class=\"elementor-column elementor-col-100 elementor-top-column elementor-element elementor-element-f1feeec\" data-id=\"f1feeec\" data-element_type=\"column\" data-e-type=\"column\">\n\t\t\t<div class=\"elementor-widget-wrap elementor-element-populated\">\n\t\t\t\t\t\t<div class=\"elementor-element elementor-element-be53ca5 elementor-widget elementor-widget-text-editor\" data-id=\"be53ca5\" data-element_type=\"widget\" data-e-type=\"widget\" data-widget_type=\"text-editor.default\">\n\t\t\t\t<div class=\"elementor-widget-container\">\n\t\t\t\t\t\t\t\t\t<p>D\u00e9couvrez en plus sur :<\/p><ul><li>La <a href=\"https:\/\/dev.tidee.mob-ion.net\/index.php\/nos-services-de-peinture-industrielle\/\">peinture industrielle<\/a><\/li><li>Le <a href=\"https:\/\/dev.tidee.mob-ion.net\/index.php\/nos-services-de-thermolaquage\/\">thermolaquage<\/a><\/li><li>La <a href=\"https:\/\/dev.tidee.mob-ion.net\/index.php\/la-peinture-electrostatique-et-ses-domaines-demploi\/\">peinture \u00e9lectrostatique<\/a><\/li><\/ul>\t\t\t\t\t\t\t\t<\/div>\n\t\t\t\t<\/div>\n\t\t\t\t\t<\/div>\n\t\t<\/div>\n\t\t\t\t\t<\/div>\n\t\t<\/section>\n\t\t\t\t<\/div>\n\t\t","protected":false},"excerpt":{"rendered":"<p>La peinture d&rsquo;une pi\u00e8ce en aluminium n\u00e9cessite une technicit\u00e9 certaine. Pas question de se contenter d&rsquo;une peinture standard, ou m\u00eame d&rsquo;une mise en oeuvre courante sur ce type de support m\u00e9tallique. Si vous souhaitez mettre en couleur une cl\u00f4ture, un portail ou toute autre pi\u00e8ce en aluminium, vous voulez \u00e9videmment que la peinture tienne, qu&rsquo;elle&hellip; <br \/> <a class=\"button small blue\" href=\"https:\/\/dev.tidee.mob-ion.net\/index.php\/nos-solutions-de-peinture-aluminium\/\">Lire la suite<\/a><\/p>\n","protected":false},"author":2,"featured_media":0,"parent":0,"menu_order":0,"comment_status":"closed","ping_status":"closed","template":"","meta":{"footnotes":""},"class_list":["post-219","page","type-page","status-publish","hentry"],"yoast_head":"<!-- This site is optimized with the Yoast SEO plugin v27.5 - https:\/\/yoast.com\/product\/yoast-seo-wordpress\/ -->\n<title>Nos solutions de peinture aluminium - Tidee Peinture aluminium : entreprise industrielle - Tidee<\/title>\n<meta name=\"description\" content=\"La peinture sur aluminium ne s&#039;improvise pas. Pour une qualit\u00e9 irr\u00e9prochable, faites appel \u00e0 une entreprise industrielle capable de fournir un travail de pr\u00e9cision.\" \/>\n<meta name=\"robots\" content=\"index, follow, max-snippet:-1, max-image-preview:large, max-video-preview:-1\" \/>\n<link rel=\"canonical\" href=\"https:\/\/dev.tidee.mob-ion.net\/index.php\/nos-solutions-de-peinture-aluminium\/\" \/>\n<meta property=\"og:locale\" content=\"fr_FR\" \/>\n<meta property=\"og:type\" content=\"article\" \/>\n<meta property=\"og:title\" content=\"Nos solutions de peinture aluminium - Tidee Peinture aluminium : entreprise industrielle - Tidee\" \/>\n<meta property=\"og:description\" content=\"La peinture sur aluminium ne s&#039;improvise pas. Pour une qualit\u00e9 irr\u00e9prochable, faites appel \u00e0 une entreprise industrielle capable de fournir un travail de pr\u00e9cision.\" \/>\n<meta property=\"og:url\" content=\"https:\/\/dev.tidee.mob-ion.net\/index.php\/nos-solutions-de-peinture-aluminium\/\" \/>\n<meta property=\"og:site_name\" content=\"Tidee\" \/>\n<meta property=\"article:publisher\" content=\"https:\/\/www.facebook.com\/TideeTolerie\" \/>\n<meta property=\"article:modified_time\" content=\"2021-12-02T16:12:39+00:00\" \/>\n<meta name=\"twitter:card\" content=\"summary_large_image\" \/>\n<meta name=\"twitter:site\" content=\"@TideeTolerie\" \/>\n<meta name=\"twitter:label1\" content=\"Dur\u00e9e de lecture estim\u00e9e\" \/>\n\t<meta name=\"twitter:data1\" content=\"2 minutes\" \/>\n<script type=\"application\/ld+json\" class=\"yoast-schema-graph\">{\"@context\":\"https:\\\/\\\/schema.org\",\"@graph\":[{\"@type\":\"WebPage\",\"@id\":\"https:\\\/\\\/dev.tidee.mob-ion.net\\\/index.php\\\/nos-solutions-de-peinture-aluminium\\\/\",\"url\":\"https:\\\/\\\/dev.tidee.mob-ion.net\\\/index.php\\\/nos-solutions-de-peinture-aluminium\\\/\",\"name\":\"Nos solutions de peinture aluminium - Tidee Peinture aluminium : entreprise industrielle - Tidee\",\"isPartOf\":{\"@id\":\"https:\\\/\\\/dev.tidee.mob-ion.net\\\/#website\"},\"datePublished\":\"2019-11-06T16:32:20+00:00\",\"dateModified\":\"2021-12-02T16:12:39+00:00\",\"description\":\"La peinture sur aluminium ne s'improvise pas. Pour une qualit\u00e9 irr\u00e9prochable, faites appel \u00e0 une entreprise industrielle capable de fournir un travail de pr\u00e9cision.\",\"breadcrumb\":{\"@id\":\"https:\\\/\\\/dev.tidee.mob-ion.net\\\/index.php\\\/nos-solutions-de-peinture-aluminium\\\/#breadcrumb\"},\"inLanguage\":\"fr-FR\",\"potentialAction\":[{\"@type\":\"ReadAction\",\"target\":[\"https:\\\/\\\/dev.tidee.mob-ion.net\\\/index.php\\\/nos-solutions-de-peinture-aluminium\\\/\"]}]},{\"@type\":\"BreadcrumbList\",\"@id\":\"https:\\\/\\\/dev.tidee.mob-ion.net\\\/index.php\\\/nos-solutions-de-peinture-aluminium\\\/#breadcrumb\",\"itemListElement\":[{\"@type\":\"ListItem\",\"position\":1,\"name\":\"Accueil\",\"item\":\"https:\\\/\\\/dev.tidee.mob-ion.net\\\/\"},{\"@type\":\"ListItem\",\"position\":2,\"name\":\"Nos solutions de peinture aluminium\"}]},{\"@type\":\"WebSite\",\"@id\":\"https:\\\/\\\/dev.tidee.mob-ion.net\\\/#website\",\"url\":\"https:\\\/\\\/dev.tidee.mob-ion.net\\\/\",\"name\":\"Tidee tolerie fine m\u00e9tallerie\",\"description\":\"\",\"publisher\":{\"@id\":\"https:\\\/\\\/dev.tidee.mob-ion.net\\\/#organization\"},\"potentialAction\":[{\"@type\":\"SearchAction\",\"target\":{\"@type\":\"EntryPoint\",\"urlTemplate\":\"https:\\\/\\\/dev.tidee.mob-ion.net\\\/?s={search_term_string}\"},\"query-input\":{\"@type\":\"PropertyValueSpecification\",\"valueRequired\":true,\"valueName\":\"search_term_string\"}}],\"inLanguage\":\"fr-FR\"},{\"@type\":\"Organization\",\"@id\":\"https:\\\/\\\/dev.tidee.mob-ion.net\\\/#organization\",\"name\":\"Tidee\",\"url\":\"https:\\\/\\\/dev.tidee.mob-ion.net\\\/\",\"logo\":{\"@type\":\"ImageObject\",\"inLanguage\":\"fr-FR\",\"@id\":\"https:\\\/\\\/dev.tidee.mob-ion.net\\\/#\\\/schema\\\/logo\\\/image\\\/\",\"url\":\"https:\\\/\\\/dev.tidee.mob-ion.net\\\/wp-content\\\/uploads\\\/2019\\\/05\\\/tidee-logotype-basse-def.jpg\",\"contentUrl\":\"https:\\\/\\\/dev.tidee.mob-ion.net\\\/wp-content\\\/uploads\\\/2019\\\/05\\\/tidee-logotype-basse-def.jpg\",\"width\":474,\"height\":498,\"caption\":\"Tidee\"},\"image\":{\"@id\":\"https:\\\/\\\/dev.tidee.mob-ion.net\\\/#\\\/schema\\\/logo\\\/image\\\/\"},\"sameAs\":[\"https:\\\/\\\/www.facebook.com\\\/TideeTolerie\",\"https:\\\/\\\/x.com\\\/TideeTolerie\",\"https:\\\/\\\/www.linkedin.com\\\/company\\\/19162475\\\/\"]}]}<\/script>\n<!-- \/ Yoast SEO plugin. -->","yoast_head_json":{"title":"Nos solutions de peinture aluminium - Tidee Peinture aluminium : entreprise industrielle - Tidee","description":"La peinture sur aluminium ne s'improvise pas. Pour une qualit\u00e9 irr\u00e9prochable, faites appel \u00e0 une entreprise industrielle capable de fournir un travail de pr\u00e9cision.","robots":{"index":"index","follow":"follow","max-snippet":"max-snippet:-1","max-image-preview":"max-image-preview:large","max-video-preview":"max-video-preview:-1"},"canonical":"https:\/\/dev.tidee.mob-ion.net\/index.php\/nos-solutions-de-peinture-aluminium\/","og_locale":"fr_FR","og_type":"article","og_title":"Nos solutions de peinture aluminium - Tidee Peinture aluminium : entreprise industrielle - Tidee","og_description":"La peinture sur aluminium ne s'improvise pas. Pour une qualit\u00e9 irr\u00e9prochable, faites appel \u00e0 une entreprise industrielle capable de fournir un travail de pr\u00e9cision.","og_url":"https:\/\/dev.tidee.mob-ion.net\/index.php\/nos-solutions-de-peinture-aluminium\/","og_site_name":"Tidee","article_publisher":"https:\/\/www.facebook.com\/TideeTolerie","article_modified_time":"2021-12-02T16:12:39+00:00","twitter_card":"summary_large_image","twitter_site":"@TideeTolerie","twitter_misc":{"Dur\u00e9e de lecture estim\u00e9e":"2 minutes"},"schema":{"@context":"https:\/\/schema.org","@graph":[{"@type":"WebPage","@id":"https:\/\/dev.tidee.mob-ion.net\/index.php\/nos-solutions-de-peinture-aluminium\/","url":"https:\/\/dev.tidee.mob-ion.net\/index.php\/nos-solutions-de-peinture-aluminium\/","name":"Nos solutions de peinture aluminium - Tidee Peinture aluminium : entreprise industrielle - Tidee","isPartOf":{"@id":"https:\/\/dev.tidee.mob-ion.net\/#website"},"datePublished":"2019-11-06T16:32:20+00:00","dateModified":"2021-12-02T16:12:39+00:00","description":"La peinture sur aluminium ne s'improvise pas. Pour une qualit\u00e9 irr\u00e9prochable, faites appel \u00e0 une entreprise industrielle capable de fournir un travail de pr\u00e9cision.","breadcrumb":{"@id":"https:\/\/dev.tidee.mob-ion.net\/index.php\/nos-solutions-de-peinture-aluminium\/#breadcrumb"},"inLanguage":"fr-FR","potentialAction":[{"@type":"ReadAction","target":["https:\/\/dev.tidee.mob-ion.net\/index.php\/nos-solutions-de-peinture-aluminium\/"]}]},{"@type":"BreadcrumbList","@id":"https:\/\/dev.tidee.mob-ion.net\/index.php\/nos-solutions-de-peinture-aluminium\/#breadcrumb","itemListElement":[{"@type":"ListItem","position":1,"name":"Accueil","item":"https:\/\/dev.tidee.mob-ion.net\/"},{"@type":"ListItem","position":2,"name":"Nos solutions de peinture aluminium"}]},{"@type":"WebSite","@id":"https:\/\/dev.tidee.mob-ion.net\/#website","url":"https:\/\/dev.tidee.mob-ion.net\/","name":"Tidee tolerie fine m\u00e9tallerie","description":"","publisher":{"@id":"https:\/\/dev.tidee.mob-ion.net\/#organization"},"potentialAction":[{"@type":"SearchAction","target":{"@type":"EntryPoint","urlTemplate":"https:\/\/dev.tidee.mob-ion.net\/?s={search_term_string}"},"query-input":{"@type":"PropertyValueSpecification","valueRequired":true,"valueName":"search_term_string"}}],"inLanguage":"fr-FR"},{"@type":"Organization","@id":"https:\/\/dev.tidee.mob-ion.net\/#organization","name":"Tidee","url":"https:\/\/dev.tidee.mob-ion.net\/","logo":{"@type":"ImageObject","inLanguage":"fr-FR","@id":"https:\/\/dev.tidee.mob-ion.net\/#\/schema\/logo\/image\/","url":"https:\/\/dev.tidee.mob-ion.net\/wp-content\/uploads\/2019\/05\/tidee-logotype-basse-def.jpg","contentUrl":"https:\/\/dev.tidee.mob-ion.net\/wp-content\/uploads\/2019\/05\/tidee-logotype-basse-def.jpg","width":474,"height":498,"caption":"Tidee"},"image":{"@id":"https:\/\/dev.tidee.mob-ion.net\/#\/schema\/logo\/image\/"},"sameAs":["https:\/\/www.facebook.com\/TideeTolerie","https:\/\/x.com\/TideeTolerie","https:\/\/www.linkedin.com\/company\/19162475\/"]}]}},"_links":{"self":[{"href":"https:\/\/dev.tidee.mob-ion.net\/index.php\/wp-json\/wp\/v2\/pages\/219","targetHints":{"allow":["GET"]}}],"collection":[{"href":"https:\/\/dev.tidee.mob-ion.net\/index.php\/wp-json\/wp\/v2\/pages"}],"about":[{"href":"https:\/\/dev.tidee.mob-ion.net\/index.php\/wp-json\/wp\/v2\/types\/page"}],"author":[{"embeddable":true,"href":"https:\/\/dev.tidee.mob-ion.net\/index.php\/wp-json\/wp\/v2\/users\/2"}],"replies":[{"embeddable":true,"href":"https:\/\/dev.tidee.mob-ion.net\/index.php\/wp-json\/wp\/v2\/comments?post=219"}],"version-history":[{"count":8,"href":"https:\/\/dev.tidee.mob-ion.net\/index.php\/wp-json\/wp\/v2\/pages\/219\/revisions"}],"predecessor-version":[{"id":322,"href":"https:\/\/dev.tidee.mob-ion.net\/index.php\/wp-json\/wp\/v2\/pages\/219\/revisions\/322"}],"wp:attachment":[{"href":"https:\/\/dev.tidee.mob-ion.net\/index.php\/wp-json\/wp\/v2\/media?parent=219"}],"curies":[{"name":"wp","href":"https:\/\/api.w.org\/{rel}","templated":true}]}}