{"id":215,"date":"2019-11-06T17:24:30","date_gmt":"2019-11-06T16:24:30","guid":{"rendered":"https:\/\/dev.tidee.mob-ion.net\/?page_id=215"},"modified":"2021-12-02T17:10:56","modified_gmt":"2021-12-02T16:10:56","slug":"nos-services-de-peinture-industrielle","status":"publish","type":"page","link":"https:\/\/dev.tidee.mob-ion.net\/index.php\/nos-services-de-peinture-industrielle\/","title":{"rendered":"Nos services de peinture industrielle"},"content":{"rendered":"\t\t<div data-elementor-type=\"wp-page\" data-elementor-id=\"215\" class=\"elementor elementor-215\">\n\t\t\t\t\t\t<section class=\"elementor-section elementor-top-section elementor-element elementor-element-7fe5390 elementor-section-boxed elementor-section-height-default elementor-section-height-default\" data-id=\"7fe5390\" data-element_type=\"section\" data-e-type=\"section\">\n\t\t\t\t\t\t<div class=\"elementor-container elementor-column-gap-default\">\n\t\t\t\t\t<div class=\"elementor-column elementor-col-100 elementor-top-column elementor-element elementor-element-4a766b5\" data-id=\"4a766b5\" data-element_type=\"column\" data-e-type=\"column\">\n\t\t\t<div class=\"elementor-widget-wrap elementor-element-populated\">\n\t\t\t\t\t\t<div class=\"elementor-element elementor-element-452374e elementor-widget elementor-widget-text-editor\" data-id=\"452374e\" data-element_type=\"widget\" data-e-type=\"widget\" data-widget_type=\"text-editor.default\">\n\t\t\t\t<div class=\"elementor-widget-container\">\n\t\t\t\t\t\t\t\t\t<p>Tidee vous propose diff\u00e9rents services de peinture industrielle. Ces derni\u00e8res se pr\u00e9sentent g\u00e9n\u00e9ralement sous deux formes, selon le type de besoin : les peintures en poudre et les peintures liquides. Les peintures industrielles sont utilis\u00e9es pour le traitement protecteur et la mise en valeur de diff\u00e9rents supports, les m\u00e9taux comme l&rsquo;acier et l&rsquo;aluminium, mais aussi le bois ou le plastique. Tidee vous propose des finitions esth\u00e9tiques et durables.<\/p>\t\t\t\t\t\t\t\t<\/div>\n\t\t\t\t<\/div>\n\t\t\t\t\t<\/div>\n\t\t<\/div>\n\t\t\t\t\t<\/div>\n\t\t<\/section>\n\t\t\t\t<section class=\"elementor-section elementor-top-section elementor-element elementor-element-9edff60 elementor-section-boxed elementor-section-height-default elementor-section-height-default\" data-id=\"9edff60\" data-element_type=\"section\" data-e-type=\"section\">\n\t\t\t\t\t\t<div class=\"elementor-container elementor-column-gap-default\">\n\t\t\t\t\t<div class=\"elementor-column elementor-col-100 elementor-top-column elementor-element elementor-element-72a83a6\" data-id=\"72a83a6\" data-element_type=\"column\" data-e-type=\"column\">\n\t\t\t<div class=\"elementor-widget-wrap elementor-element-populated\">\n\t\t\t\t\t\t<div class=\"elementor-element elementor-element-d131cc7 elementor-widget elementor-widget-heading\" data-id=\"d131cc7\" data-element_type=\"widget\" data-e-type=\"widget\" data-widget_type=\"heading.default\">\n\t\t\t\t<div class=\"elementor-widget-container\">\n\t\t\t\t\t<h2 class=\"elementor-heading-title elementor-size-default\">Traitement et protection des m\u00e9taux par les peintures industrielles<\/h2>\t\t\t\t<\/div>\n\t\t\t\t<\/div>\n\t\t\t\t\t<\/div>\n\t\t<\/div>\n\t\t\t\t\t<\/div>\n\t\t<\/section>\n\t\t\t\t<section class=\"elementor-section elementor-top-section elementor-element elementor-element-e5e0c54 elementor-section-boxed elementor-section-height-default elementor-section-height-default\" data-id=\"e5e0c54\" data-element_type=\"section\" data-e-type=\"section\">\n\t\t\t\t\t\t<div class=\"elementor-container elementor-column-gap-default\">\n\t\t\t\t\t<div class=\"elementor-column elementor-col-100 elementor-top-column elementor-element elementor-element-eff0a53\" data-id=\"eff0a53\" data-element_type=\"column\" data-e-type=\"column\">\n\t\t\t<div class=\"elementor-widget-wrap elementor-element-populated\">\n\t\t\t\t\t\t<div class=\"elementor-element elementor-element-a908514 elementor-widget elementor-widget-text-editor\" data-id=\"a908514\" data-element_type=\"widget\" data-e-type=\"widget\" data-widget_type=\"text-editor.default\">\n\t\t\t\t<div class=\"elementor-widget-container\">\n\t\t\t\t\t\t\t\t\t<p>Pour l&rsquo;industrie, le b\u00e2timent ou encore la r\u00e9alisation de mobilier, Tidee propose l&rsquo;application de peintures industrielles sur les pi\u00e8ces m\u00e9talliques, principalement en <a href=\"https:\/\/dev.tidee.mob-ion.net\/index.php\/nos-solutions-de-peinture-aluminium\/\">aluminium<\/a> et en acier. Nos ateliers sont \u00e9quip\u00e9s pour le <a href=\"https:\/\/dev.tidee.mob-ion.net\/index.php\/nos-services-de-thermolaquage\/\">thermolaquage<\/a> des pi\u00e8ces de diff\u00e9rentes tailles, depuis les petites pi\u00e8ces jusqu&rsquo;aux pi\u00e8ces de grande ampleur. Notre ambition est d&rsquo;allier les questions d&rsquo;esth\u00e9tique et les exigences de technicit\u00e9 et de fonctionnalit\u00e9.<\/p><p>Pour le thermolaquage, ce sont des pigments en poudre qui sont utilis\u00e9s et fix\u00e9s durablement sur le support par polym\u00e9risation. Tidee vous propose aussi la technique du sablage, de l&rsquo;aspersion, de la m\u00e9tallisation, et l&rsquo;application de peintures sp\u00e9cifiques, ce que l&rsquo;on appelle souvent les peintures industrielles.<\/p>\t\t\t\t\t\t\t\t<\/div>\n\t\t\t\t<\/div>\n\t\t\t\t\t<\/div>\n\t\t<\/div>\n\t\t\t\t\t<\/div>\n\t\t<\/section>\n\t\t\t\t<section class=\"elementor-section elementor-top-section elementor-element elementor-element-82cf920 elementor-section-boxed elementor-section-height-default elementor-section-height-default\" data-id=\"82cf920\" data-element_type=\"section\" data-e-type=\"section\">\n\t\t\t\t\t\t<div class=\"elementor-container elementor-column-gap-default\">\n\t\t\t\t\t<div class=\"elementor-column elementor-col-100 elementor-top-column elementor-element elementor-element-013aab5\" data-id=\"013aab5\" data-element_type=\"column\" data-e-type=\"column\">\n\t\t\t<div class=\"elementor-widget-wrap elementor-element-populated\">\n\t\t\t\t\t\t<div class=\"elementor-element elementor-element-df2c28b elementor-widget elementor-widget-heading\" data-id=\"df2c28b\" data-element_type=\"widget\" data-e-type=\"widget\" data-widget_type=\"heading.default\">\n\t\t\t\t<div class=\"elementor-widget-container\">\n\t\t\t\t\t<h2 class=\"elementor-heading-title elementor-size-default\">Sp\u00e9cificit\u00e9 des peintures industrielles<\/h2>\t\t\t\t<\/div>\n\t\t\t\t<\/div>\n\t\t\t\t\t<\/div>\n\t\t<\/div>\n\t\t\t\t\t<\/div>\n\t\t<\/section>\n\t\t\t\t<section class=\"elementor-section elementor-top-section elementor-element elementor-element-a7e4dae elementor-section-boxed elementor-section-height-default elementor-section-height-default\" data-id=\"a7e4dae\" data-element_type=\"section\" data-e-type=\"section\">\n\t\t\t\t\t\t<div class=\"elementor-container elementor-column-gap-default\">\n\t\t\t\t\t<div class=\"elementor-column elementor-col-100 elementor-top-column elementor-element elementor-element-cfd1d6c\" data-id=\"cfd1d6c\" data-element_type=\"column\" data-e-type=\"column\">\n\t\t\t<div class=\"elementor-widget-wrap elementor-element-populated\">\n\t\t\t\t\t\t<div class=\"elementor-element elementor-element-0d8b42c elementor-widget elementor-widget-text-editor\" data-id=\"0d8b42c\" data-element_type=\"widget\" data-e-type=\"widget\" data-widget_type=\"text-editor.default\">\n\t\t\t\t<div class=\"elementor-widget-container\">\n\t\t\t\t\t\t\t\t\t<p>Les peintures industrielles sur base de r\u00e9sine alkyde ont pour objectif de permettre une manipulation rapide des pi\u00e8ces. Il s&rsquo;agit donc de peintures \u00e0 s\u00e9chage rapide. Ces pigments techniques sont particuli\u00e8rement couvrants et opacifiants, ce qui permet d&rsquo;obtenir un effet esth\u00e9tique, sans marques de coulage. Les peintures industrielles s&rsquo;appliquent de diff\u00e9rentes mani\u00e8res : au pistolet, au rouleau, ou encore au pinceau. Leur application demande une formation sp\u00e9cifique, c&rsquo;est pourquoi il est toujours recommand\u00e9 de faire appliquer les peintures industrielles par une entreprise sp\u00e9cialis\u00e9e.<\/p>\t\t\t\t\t\t\t\t<\/div>\n\t\t\t\t<\/div>\n\t\t\t\t\t<\/div>\n\t\t<\/div>\n\t\t\t\t\t<\/div>\n\t\t<\/section>\n\t\t\t\t<section class=\"elementor-section elementor-top-section elementor-element elementor-element-1f97330 elementor-section-boxed elementor-section-height-default elementor-section-height-default\" data-id=\"1f97330\" data-element_type=\"section\" data-e-type=\"section\">\n\t\t\t\t\t\t<div class=\"elementor-container elementor-column-gap-default\">\n\t\t\t\t\t<div class=\"elementor-column elementor-col-100 elementor-top-column elementor-element elementor-element-8d815e0\" data-id=\"8d815e0\" data-element_type=\"column\" data-e-type=\"column\">\n\t\t\t<div class=\"elementor-widget-wrap elementor-element-populated\">\n\t\t\t\t\t\t<div class=\"elementor-element elementor-element-9c87901 elementor-widget elementor-widget-heading\" data-id=\"9c87901\" data-element_type=\"widget\" data-e-type=\"widget\" data-widget_type=\"heading.default\">\n\t\t\t\t<div class=\"elementor-widget-container\">\n\t\t\t\t\t<h2 class=\"elementor-heading-title elementor-size-default\">Caract\u00e9ristiques et avantages des peintures industrielles<\/h2>\t\t\t\t<\/div>\n\t\t\t\t<\/div>\n\t\t\t\t\t<\/div>\n\t\t<\/div>\n\t\t\t\t\t<\/div>\n\t\t<\/section>\n\t\t\t\t<section class=\"elementor-section elementor-top-section elementor-element elementor-element-567e6a0 elementor-section-boxed elementor-section-height-default elementor-section-height-default\" data-id=\"567e6a0\" data-element_type=\"section\" data-e-type=\"section\">\n\t\t\t\t\t\t<div class=\"elementor-container elementor-column-gap-default\">\n\t\t\t\t\t<div class=\"elementor-column elementor-col-100 elementor-top-column elementor-element elementor-element-48e68fa\" data-id=\"48e68fa\" data-element_type=\"column\" data-e-type=\"column\">\n\t\t\t<div class=\"elementor-widget-wrap elementor-element-populated\">\n\t\t\t\t\t\t<div class=\"elementor-element elementor-element-3a77fc4 elementor-widget elementor-widget-text-editor\" data-id=\"3a77fc4\" data-element_type=\"widget\" data-e-type=\"widget\" data-widget_type=\"text-editor.default\">\n\t\t\t\t<div class=\"elementor-widget-container\">\n\t\t\t\t\t\t\t\t\t<p>Ainsi que nous l&rsquo;avons vu, l&rsquo;un des avantages des peintures industrielles est le s\u00e9chage rapide, qui permet une manipulation des pi\u00e8ces sans trop de d\u00e9lai. Mais les peintures industrielles ont bien d&rsquo;autres atouts. Elles sont particuli\u00e8rement robustes et r\u00e9sistantes \u00e0 la corrosion, prot\u00e9geant parfaitement le support m\u00e9tallique. En effet, elles sont appliqu\u00e9es en couches \u00e9paisses qui durcissent rapidement. Elles r\u00e9sistent \u00e0 un usage intense et sont durables. Elles conservent leur brillant et leurs performances techniques m\u00eame lorsqu&rsquo;elles sont expos\u00e9es \u00e0 la lumi\u00e8re, au soleil ou \u00e0 la chaleur. Les peintures industrielles trouvent tout naturellement leur place dans les locaux de production. Elles prot\u00e8gent des pollutions industrielles et peuvent r\u00e9sister aux agents chimiques.<\/p><p>\u00a0<\/p><p>Quelques domaines d&rsquo;utilisation :<\/p><ul><li>mise en couleur d&rsquo;un chariot<\/li><li>protection d&rsquo;une structure m\u00e9tallique<\/li><li>peinture d&rsquo;un engin de chantier<\/li><li>peinture d&rsquo;un engin agricole<\/li><li>peinture d&rsquo;une armoire de bureau.<\/li><\/ul><p>Tidee peut assurer dans ses ateliers la mise en peinture d&rsquo;\u00e9l\u00e9ments m\u00e9talliques neufs ou en r\u00e9novation.<\/p>\t\t\t\t\t\t\t\t<\/div>\n\t\t\t\t<\/div>\n\t\t\t\t\t<\/div>\n\t\t<\/div>\n\t\t\t\t\t<\/div>\n\t\t<\/section>\n\t\t\t\t<\/div>\n\t\t","protected":false},"excerpt":{"rendered":"<p>Tidee vous propose diff\u00e9rents services de peinture industrielle. Ces derni\u00e8res se pr\u00e9sentent g\u00e9n\u00e9ralement sous deux formes, selon le type de besoin : les peintures en poudre et les peintures liquides. Les peintures industrielles sont utilis\u00e9es pour le traitement protecteur et la mise en valeur de diff\u00e9rents supports, les m\u00e9taux comme l&rsquo;acier et l&rsquo;aluminium, mais aussi&hellip; <br \/> <a class=\"button small blue\" href=\"https:\/\/dev.tidee.mob-ion.net\/index.php\/nos-services-de-peinture-industrielle\/\">Lire la suite<\/a><\/p>\n","protected":false},"author":2,"featured_media":0,"parent":0,"menu_order":0,"comment_status":"closed","ping_status":"closed","template":"","meta":{"footnotes":""},"class_list":["post-215","page","type-page","status-publish","hentry"],"yoast_head":"<!-- This site is optimized with the Yoast SEO plugin v27.5 - https:\/\/yoast.com\/product\/yoast-seo-wordpress\/ -->\n<title>Nos services de peinture industrielle - Tidee Peinture industrielle pour vos projets de t\u00f4lerie fine - Tidee<\/title>\n<meta name=\"description\" content=\"Pour vos projets de peinture industrielle, nous poss\u00e9dons l&#039;une des plus importantes cha\u00eene de peinture int\u00e9gr\u00e9e \u00e0 notre outil de production en t\u00f4lerie.\" \/>\n<meta name=\"robots\" content=\"index, follow, max-snippet:-1, max-image-preview:large, max-video-preview:-1\" \/>\n<link rel=\"canonical\" href=\"https:\/\/dev.tidee.mob-ion.net\/index.php\/nos-services-de-peinture-industrielle\/\" \/>\n<meta property=\"og:locale\" content=\"fr_FR\" \/>\n<meta property=\"og:type\" content=\"article\" \/>\n<meta property=\"og:title\" content=\"Nos services de peinture industrielle - Tidee Peinture industrielle pour vos projets de t\u00f4lerie fine - Tidee\" \/>\n<meta property=\"og:description\" content=\"Pour vos projets de peinture industrielle, nous poss\u00e9dons l&#039;une des plus importantes cha\u00eene de peinture int\u00e9gr\u00e9e \u00e0 notre outil de production en t\u00f4lerie.\" \/>\n<meta property=\"og:url\" content=\"https:\/\/dev.tidee.mob-ion.net\/index.php\/nos-services-de-peinture-industrielle\/\" \/>\n<meta property=\"og:site_name\" content=\"Tidee\" \/>\n<meta property=\"article:publisher\" content=\"https:\/\/www.facebook.com\/TideeTolerie\" \/>\n<meta property=\"article:modified_time\" content=\"2021-12-02T16:10:56+00:00\" \/>\n<meta name=\"twitter:card\" content=\"summary_large_image\" \/>\n<meta name=\"twitter:site\" content=\"@TideeTolerie\" \/>\n<meta name=\"twitter:label1\" content=\"Dur\u00e9e de lecture estim\u00e9e\" \/>\n\t<meta name=\"twitter:data1\" content=\"2 minutes\" \/>\n<script type=\"application\/ld+json\" class=\"yoast-schema-graph\">{\"@context\":\"https:\\\/\\\/schema.org\",\"@graph\":[{\"@type\":\"WebPage\",\"@id\":\"https:\\\/\\\/dev.tidee.mob-ion.net\\\/index.php\\\/nos-services-de-peinture-industrielle\\\/\",\"url\":\"https:\\\/\\\/dev.tidee.mob-ion.net\\\/index.php\\\/nos-services-de-peinture-industrielle\\\/\",\"name\":\"Nos services de peinture industrielle - Tidee Peinture industrielle pour vos projets de t\u00f4lerie fine - Tidee\",\"isPartOf\":{\"@id\":\"https:\\\/\\\/dev.tidee.mob-ion.net\\\/#website\"},\"datePublished\":\"2019-11-06T16:24:30+00:00\",\"dateModified\":\"2021-12-02T16:10:56+00:00\",\"description\":\"Pour vos projets de peinture industrielle, nous poss\u00e9dons l'une des plus importantes cha\u00eene de peinture int\u00e9gr\u00e9e \u00e0 notre outil de production en t\u00f4lerie.\",\"breadcrumb\":{\"@id\":\"https:\\\/\\\/dev.tidee.mob-ion.net\\\/index.php\\\/nos-services-de-peinture-industrielle\\\/#breadcrumb\"},\"inLanguage\":\"fr-FR\",\"potentialAction\":[{\"@type\":\"ReadAction\",\"target\":[\"https:\\\/\\\/dev.tidee.mob-ion.net\\\/index.php\\\/nos-services-de-peinture-industrielle\\\/\"]}]},{\"@type\":\"BreadcrumbList\",\"@id\":\"https:\\\/\\\/dev.tidee.mob-ion.net\\\/index.php\\\/nos-services-de-peinture-industrielle\\\/#breadcrumb\",\"itemListElement\":[{\"@type\":\"ListItem\",\"position\":1,\"name\":\"Accueil\",\"item\":\"https:\\\/\\\/dev.tidee.mob-ion.net\\\/\"},{\"@type\":\"ListItem\",\"position\":2,\"name\":\"Nos services de peinture industrielle\"}]},{\"@type\":\"WebSite\",\"@id\":\"https:\\\/\\\/dev.tidee.mob-ion.net\\\/#website\",\"url\":\"https:\\\/\\\/dev.tidee.mob-ion.net\\\/\",\"name\":\"Tidee tolerie fine m\u00e9tallerie\",\"description\":\"\",\"publisher\":{\"@id\":\"https:\\\/\\\/dev.tidee.mob-ion.net\\\/#organization\"},\"potentialAction\":[{\"@type\":\"SearchAction\",\"target\":{\"@type\":\"EntryPoint\",\"urlTemplate\":\"https:\\\/\\\/dev.tidee.mob-ion.net\\\/?s={search_term_string}\"},\"query-input\":{\"@type\":\"PropertyValueSpecification\",\"valueRequired\":true,\"valueName\":\"search_term_string\"}}],\"inLanguage\":\"fr-FR\"},{\"@type\":\"Organization\",\"@id\":\"https:\\\/\\\/dev.tidee.mob-ion.net\\\/#organization\",\"name\":\"Tidee\",\"url\":\"https:\\\/\\\/dev.tidee.mob-ion.net\\\/\",\"logo\":{\"@type\":\"ImageObject\",\"inLanguage\":\"fr-FR\",\"@id\":\"https:\\\/\\\/dev.tidee.mob-ion.net\\\/#\\\/schema\\\/logo\\\/image\\\/\",\"url\":\"https:\\\/\\\/dev.tidee.mob-ion.net\\\/wp-content\\\/uploads\\\/2019\\\/05\\\/tidee-logotype-basse-def.jpg\",\"contentUrl\":\"https:\\\/\\\/dev.tidee.mob-ion.net\\\/wp-content\\\/uploads\\\/2019\\\/05\\\/tidee-logotype-basse-def.jpg\",\"width\":474,\"height\":498,\"caption\":\"Tidee\"},\"image\":{\"@id\":\"https:\\\/\\\/dev.tidee.mob-ion.net\\\/#\\\/schema\\\/logo\\\/image\\\/\"},\"sameAs\":[\"https:\\\/\\\/www.facebook.com\\\/TideeTolerie\",\"https:\\\/\\\/x.com\\\/TideeTolerie\",\"https:\\\/\\\/www.linkedin.com\\\/company\\\/19162475\\\/\"]}]}<\/script>\n<!-- \/ Yoast SEO plugin. -->","yoast_head_json":{"title":"Nos services de peinture industrielle - Tidee Peinture industrielle pour vos projets de t\u00f4lerie fine - Tidee","description":"Pour vos projets de peinture industrielle, nous poss\u00e9dons l'une des plus importantes cha\u00eene de peinture int\u00e9gr\u00e9e \u00e0 notre outil de production en t\u00f4lerie.","robots":{"index":"index","follow":"follow","max-snippet":"max-snippet:-1","max-image-preview":"max-image-preview:large","max-video-preview":"max-video-preview:-1"},"canonical":"https:\/\/dev.tidee.mob-ion.net\/index.php\/nos-services-de-peinture-industrielle\/","og_locale":"fr_FR","og_type":"article","og_title":"Nos services de peinture industrielle - Tidee Peinture industrielle pour vos projets de t\u00f4lerie fine - Tidee","og_description":"Pour vos projets de peinture industrielle, nous poss\u00e9dons l'une des plus importantes cha\u00eene de peinture int\u00e9gr\u00e9e \u00e0 notre outil de production en t\u00f4lerie.","og_url":"https:\/\/dev.tidee.mob-ion.net\/index.php\/nos-services-de-peinture-industrielle\/","og_site_name":"Tidee","article_publisher":"https:\/\/www.facebook.com\/TideeTolerie","article_modified_time":"2021-12-02T16:10:56+00:00","twitter_card":"summary_large_image","twitter_site":"@TideeTolerie","twitter_misc":{"Dur\u00e9e de lecture estim\u00e9e":"2 minutes"},"schema":{"@context":"https:\/\/schema.org","@graph":[{"@type":"WebPage","@id":"https:\/\/dev.tidee.mob-ion.net\/index.php\/nos-services-de-peinture-industrielle\/","url":"https:\/\/dev.tidee.mob-ion.net\/index.php\/nos-services-de-peinture-industrielle\/","name":"Nos services de peinture industrielle - Tidee Peinture industrielle pour vos projets de t\u00f4lerie fine - Tidee","isPartOf":{"@id":"https:\/\/dev.tidee.mob-ion.net\/#website"},"datePublished":"2019-11-06T16:24:30+00:00","dateModified":"2021-12-02T16:10:56+00:00","description":"Pour vos projets de peinture industrielle, nous poss\u00e9dons l'une des plus importantes cha\u00eene de peinture int\u00e9gr\u00e9e \u00e0 notre outil de production en t\u00f4lerie.","breadcrumb":{"@id":"https:\/\/dev.tidee.mob-ion.net\/index.php\/nos-services-de-peinture-industrielle\/#breadcrumb"},"inLanguage":"fr-FR","potentialAction":[{"@type":"ReadAction","target":["https:\/\/dev.tidee.mob-ion.net\/index.php\/nos-services-de-peinture-industrielle\/"]}]},{"@type":"BreadcrumbList","@id":"https:\/\/dev.tidee.mob-ion.net\/index.php\/nos-services-de-peinture-industrielle\/#breadcrumb","itemListElement":[{"@type":"ListItem","position":1,"name":"Accueil","item":"https:\/\/dev.tidee.mob-ion.net\/"},{"@type":"ListItem","position":2,"name":"Nos services de peinture industrielle"}]},{"@type":"WebSite","@id":"https:\/\/dev.tidee.mob-ion.net\/#website","url":"https:\/\/dev.tidee.mob-ion.net\/","name":"Tidee tolerie fine m\u00e9tallerie","description":"","publisher":{"@id":"https:\/\/dev.tidee.mob-ion.net\/#organization"},"potentialAction":[{"@type":"SearchAction","target":{"@type":"EntryPoint","urlTemplate":"https:\/\/dev.tidee.mob-ion.net\/?s={search_term_string}"},"query-input":{"@type":"PropertyValueSpecification","valueRequired":true,"valueName":"search_term_string"}}],"inLanguage":"fr-FR"},{"@type":"Organization","@id":"https:\/\/dev.tidee.mob-ion.net\/#organization","name":"Tidee","url":"https:\/\/dev.tidee.mob-ion.net\/","logo":{"@type":"ImageObject","inLanguage":"fr-FR","@id":"https:\/\/dev.tidee.mob-ion.net\/#\/schema\/logo\/image\/","url":"https:\/\/dev.tidee.mob-ion.net\/wp-content\/uploads\/2019\/05\/tidee-logotype-basse-def.jpg","contentUrl":"https:\/\/dev.tidee.mob-ion.net\/wp-content\/uploads\/2019\/05\/tidee-logotype-basse-def.jpg","width":474,"height":498,"caption":"Tidee"},"image":{"@id":"https:\/\/dev.tidee.mob-ion.net\/#\/schema\/logo\/image\/"},"sameAs":["https:\/\/www.facebook.com\/TideeTolerie","https:\/\/x.com\/TideeTolerie","https:\/\/www.linkedin.com\/company\/19162475\/"]}]}},"_links":{"self":[{"href":"https:\/\/dev.tidee.mob-ion.net\/index.php\/wp-json\/wp\/v2\/pages\/215","targetHints":{"allow":["GET"]}}],"collection":[{"href":"https:\/\/dev.tidee.mob-ion.net\/index.php\/wp-json\/wp\/v2\/pages"}],"about":[{"href":"https:\/\/dev.tidee.mob-ion.net\/index.php\/wp-json\/wp\/v2\/types\/page"}],"author":[{"embeddable":true,"href":"https:\/\/dev.tidee.mob-ion.net\/index.php\/wp-json\/wp\/v2\/users\/2"}],"replies":[{"embeddable":true,"href":"https:\/\/dev.tidee.mob-ion.net\/index.php\/wp-json\/wp\/v2\/comments?post=215"}],"version-history":[{"count":7,"href":"https:\/\/dev.tidee.mob-ion.net\/index.php\/wp-json\/wp\/v2\/pages\/215\/revisions"}],"predecessor-version":[{"id":319,"href":"https:\/\/dev.tidee.mob-ion.net\/index.php\/wp-json\/wp\/v2\/pages\/215\/revisions\/319"}],"wp:attachment":[{"href":"https:\/\/dev.tidee.mob-ion.net\/index.php\/wp-json\/wp\/v2\/media?parent=215"}],"curies":[{"name":"wp","href":"https:\/\/api.w.org\/{rel}","templated":true}]}}