{"id":211,"date":"2019-11-06T17:18:54","date_gmt":"2019-11-06T16:18:54","guid":{"rendered":"https:\/\/dev.tidee.mob-ion.net\/?page_id=211"},"modified":"2021-12-02T17:09:09","modified_gmt":"2021-12-02T16:09:09","slug":"nos-services-de-thermolaquage","status":"publish","type":"page","link":"https:\/\/dev.tidee.mob-ion.net\/index.php\/nos-services-de-thermolaquage\/","title":{"rendered":"Nos services de thermolaquage"},"content":{"rendered":"\t\t<div data-elementor-type=\"wp-page\" data-elementor-id=\"211\" class=\"elementor elementor-211\">\n\t\t\t\t\t\t<section class=\"elementor-section elementor-top-section elementor-element elementor-element-3952282 elementor-section-boxed elementor-section-height-default elementor-section-height-default\" data-id=\"3952282\" data-element_type=\"section\" data-e-type=\"section\">\n\t\t\t\t\t\t<div class=\"elementor-container elementor-column-gap-default\">\n\t\t\t\t\t<div class=\"elementor-column elementor-col-100 elementor-top-column elementor-element elementor-element-0fba96c\" data-id=\"0fba96c\" data-element_type=\"column\" data-e-type=\"column\">\n\t\t\t<div class=\"elementor-widget-wrap elementor-element-populated\">\n\t\t\t\t\t\t<div class=\"elementor-element elementor-element-314cec0 elementor-widget elementor-widget-text-editor\" data-id=\"314cec0\" data-element_type=\"widget\" data-e-type=\"widget\" data-widget_type=\"text-editor.default\">\n\t\t\t\t<div class=\"elementor-widget-container\">\n\t\t\t\t\t\t\t\t\t<p>Le thermolaquage est l&rsquo;une des sp\u00e9cialit\u00e9s de l&rsquo;entreprise Tidee. Ce traitement permet de valoriser, de prot\u00e9ger et d&#8217;embellir les surfaces m\u00e9talliques, qu&rsquo;il s&rsquo;agisse d&rsquo;un thermolaquage r\u00e9alis\u00e9 sur une carrosserie de voiture ou pour des \u00e9l\u00e9ments de construction.<\/p>\t\t\t\t\t\t\t\t<\/div>\n\t\t\t\t<\/div>\n\t\t\t\t\t<\/div>\n\t\t<\/div>\n\t\t\t\t\t<\/div>\n\t\t<\/section>\n\t\t\t\t<section class=\"elementor-section elementor-top-section elementor-element elementor-element-d6dc706 elementor-section-boxed elementor-section-height-default elementor-section-height-default\" data-id=\"d6dc706\" data-element_type=\"section\" data-e-type=\"section\">\n\t\t\t\t\t\t<div class=\"elementor-container elementor-column-gap-default\">\n\t\t\t\t\t<div class=\"elementor-column elementor-col-100 elementor-top-column elementor-element elementor-element-89257d1\" data-id=\"89257d1\" data-element_type=\"column\" data-e-type=\"column\">\n\t\t\t<div class=\"elementor-widget-wrap elementor-element-populated\">\n\t\t\t\t\t\t<div class=\"elementor-element elementor-element-7340445 elementor-widget elementor-widget-heading\" data-id=\"7340445\" data-element_type=\"widget\" data-e-type=\"widget\" data-widget_type=\"heading.default\">\n\t\t\t\t<div class=\"elementor-widget-container\">\n\t\t\t\t\t<h2 class=\"elementor-heading-title elementor-size-default\">Le thermolaquage, pour quel usage ?<\/h2>\t\t\t\t<\/div>\n\t\t\t\t<\/div>\n\t\t\t\t\t<\/div>\n\t\t<\/div>\n\t\t\t\t\t<\/div>\n\t\t<\/section>\n\t\t\t\t<section class=\"elementor-section elementor-top-section elementor-element elementor-element-07f15cc elementor-section-boxed elementor-section-height-default elementor-section-height-default\" data-id=\"07f15cc\" data-element_type=\"section\" data-e-type=\"section\">\n\t\t\t\t\t\t<div class=\"elementor-container elementor-column-gap-default\">\n\t\t\t\t\t<div class=\"elementor-column elementor-col-100 elementor-top-column elementor-element elementor-element-8ce5733\" data-id=\"8ce5733\" data-element_type=\"column\" data-e-type=\"column\">\n\t\t\t<div class=\"elementor-widget-wrap elementor-element-populated\">\n\t\t\t\t\t\t<div class=\"elementor-element elementor-element-c7b29c9 elementor-widget elementor-widget-text-editor\" data-id=\"c7b29c9\" data-element_type=\"widget\" data-e-type=\"widget\" data-widget_type=\"text-editor.default\">\n\t\t\t\t<div class=\"elementor-widget-container\">\n\t\t\t\t\t\t\t\t\t<p>Le thermolaquage est une technique innovante de peinture des m\u00e9taux, utilis\u00e9e pour le traitement des surfaces en acier ou en <a href=\"https:\/\/dev.tidee.mob-ion.net\/index.php\/nos-solutions-de-peinture-aluminium\/\">aluminium<\/a>. On utilise cette technique dans les domaines de la construction, de l&rsquo;architecture, pour les \u00e9quipements industriels, le mobilier urbain, mais aussi dans l&rsquo;<a href=\"https:\/\/dev.tidee.mob-ion.net\/index.php\/nos-services-de-peinture-industrielle\/\">industrie m\u00e9tallique<\/a> ou encore pour r\u00e9aliser des huisseries en aluminium, durables et robustes. Le thermolaquage peut \u00eatre appliqu\u00e9 \u00e0 une pi\u00e8ce unique ou en s\u00e9rie, sur des \u00e9l\u00e9ments de petites dimensions jusqu&rsquo;aux tr\u00e8s grands \u00e9l\u00e9ments. Diff\u00e9rentes surfaces peuvent \u00eatre trait\u00e9es, gr\u00e2ce \u00e0 une pr\u00e9paration soigneuse et cibl\u00e9e dans les ateliers de Tidee. Vous pouvez ainsi nous confier de l&rsquo;acier galvanis\u00e9 ou brut, de l&rsquo;aluminium ou encore de l&rsquo;inox.<\/p>\t\t\t\t\t\t\t\t<\/div>\n\t\t\t\t<\/div>\n\t\t\t\t\t<\/div>\n\t\t<\/div>\n\t\t\t\t\t<\/div>\n\t\t<\/section>\n\t\t\t\t<section class=\"elementor-section elementor-top-section elementor-element elementor-element-8cd4c1e elementor-section-boxed elementor-section-height-default elementor-section-height-default\" data-id=\"8cd4c1e\" data-element_type=\"section\" data-e-type=\"section\">\n\t\t\t\t\t\t<div class=\"elementor-container elementor-column-gap-default\">\n\t\t\t\t\t<div class=\"elementor-column elementor-col-100 elementor-top-column elementor-element elementor-element-fd1aa19\" data-id=\"fd1aa19\" data-element_type=\"column\" data-e-type=\"column\">\n\t\t\t<div class=\"elementor-widget-wrap elementor-element-populated\">\n\t\t\t\t\t\t<div class=\"elementor-element elementor-element-c047ff6 elementor-widget elementor-widget-heading\" data-id=\"c047ff6\" data-element_type=\"widget\" data-e-type=\"widget\" data-widget_type=\"heading.default\">\n\t\t\t\t<div class=\"elementor-widget-container\">\n\t\t\t\t\t<h2 class=\"elementor-heading-title elementor-size-default\">Le thermolaquage : descriptif de la technique<\/h2>\t\t\t\t<\/div>\n\t\t\t\t<\/div>\n\t\t\t\t\t<\/div>\n\t\t<\/div>\n\t\t\t\t\t<\/div>\n\t\t<\/section>\n\t\t\t\t<section class=\"elementor-section elementor-top-section elementor-element elementor-element-c7de0a6 elementor-section-boxed elementor-section-height-default elementor-section-height-default\" data-id=\"c7de0a6\" data-element_type=\"section\" data-e-type=\"section\">\n\t\t\t\t\t\t<div class=\"elementor-container elementor-column-gap-default\">\n\t\t\t\t\t<div class=\"elementor-column elementor-col-100 elementor-top-column elementor-element elementor-element-e98e6a3\" data-id=\"e98e6a3\" data-element_type=\"column\" data-e-type=\"column\">\n\t\t\t<div class=\"elementor-widget-wrap elementor-element-populated\">\n\t\t\t\t\t\t<div class=\"elementor-element elementor-element-42b8fcd elementor-widget elementor-widget-text-editor\" data-id=\"42b8fcd\" data-element_type=\"widget\" data-e-type=\"widget\" data-widget_type=\"text-editor.default\">\n\t\t\t\t<div class=\"elementor-widget-container\">\n\t\t\t\t\t\t\t\t\t<p>Le thermolaquage vise \u00e0 rev\u00eatir des m\u00e9taux de type ferreux et non ferreux d&rsquo;une couche protectrice, permettant aussi la mise en couleur. Le rev\u00eatement peut \u00eatre appliqu\u00e9 sur de l&rsquo;acier noir ou galvanis\u00e9, ou encore \u00e9lectro-zingu\u00e9. Il est aussi possible de traiter de l&rsquo;aluminium anodis\u00e9, brut ou pr\u00e9alablement laqu\u00e9.<\/p><p>Lors du thermolaquage, on d\u00e9pose sur la surface m\u00e9tallique des peintures en poudre par effet \u00e9lectro-statique. Les pigments sont polym\u00e9ris\u00e9s et fix\u00e9s \u00e0 200\u00b0C. On utilise des particules de <a href=\"https:\/\/dev.tidee.mob-ion.net\/index.php\/la-peinture-electrostatique-et-ses-domaines-demploi\/\">peinture charg\u00e9es d&rsquo;\u00e9lectricit\u00e9 statique<\/a>, qui sont attir\u00e9es par la surface m\u00e9tallique. L&rsquo;effet est comparable \u00e0 celui d&rsquo;un aimant. Cette technique a pour avantage que les pigments p\u00e9n\u00e8trent tous les recoins de la pi\u00e8ce \u00e0 recouvrir et que la p\u00e9n\u00e9tration de la peinture est excellente. Le thermolaquage est respectueux de l&rsquo;environnement, en ce sens qu&rsquo;il n&rsquo;exige pas le recours aux solvants ou aux compos\u00e9s toxiques.<\/p>\t\t\t\t\t\t\t\t<\/div>\n\t\t\t\t<\/div>\n\t\t\t\t\t<\/div>\n\t\t<\/div>\n\t\t\t\t\t<\/div>\n\t\t<\/section>\n\t\t\t\t<section class=\"elementor-section elementor-top-section elementor-element elementor-element-279920c elementor-section-boxed elementor-section-height-default elementor-section-height-default\" data-id=\"279920c\" data-element_type=\"section\" data-e-type=\"section\">\n\t\t\t\t\t\t<div class=\"elementor-container elementor-column-gap-default\">\n\t\t\t\t\t<div class=\"elementor-column elementor-col-100 elementor-top-column elementor-element elementor-element-c1a351c\" data-id=\"c1a351c\" data-element_type=\"column\" data-e-type=\"column\">\n\t\t\t<div class=\"elementor-widget-wrap elementor-element-populated\">\n\t\t\t\t\t\t<div class=\"elementor-element elementor-element-43087d4 elementor-widget elementor-widget-heading\" data-id=\"43087d4\" data-element_type=\"widget\" data-e-type=\"widget\" data-widget_type=\"heading.default\">\n\t\t\t\t<div class=\"elementor-widget-container\">\n\t\t\t\t\t<h2 class=\"elementor-heading-title elementor-size-default\">Les avantages d'un rev\u00eatement par thermolaquage<\/h2>\t\t\t\t<\/div>\n\t\t\t\t<\/div>\n\t\t\t\t\t<\/div>\n\t\t<\/div>\n\t\t\t\t\t<\/div>\n\t\t<\/section>\n\t\t\t\t<section class=\"elementor-section elementor-top-section elementor-element elementor-element-8fd1d8d elementor-section-boxed elementor-section-height-default elementor-section-height-default\" data-id=\"8fd1d8d\" data-element_type=\"section\" data-e-type=\"section\">\n\t\t\t\t\t\t<div class=\"elementor-container elementor-column-gap-default\">\n\t\t\t\t\t<div class=\"elementor-column elementor-col-100 elementor-top-column elementor-element elementor-element-8d48274\" data-id=\"8d48274\" data-element_type=\"column\" data-e-type=\"column\">\n\t\t\t<div class=\"elementor-widget-wrap elementor-element-populated\">\n\t\t\t\t\t\t<div class=\"elementor-element elementor-element-5ff47ab elementor-widget elementor-widget-text-editor\" data-id=\"5ff47ab\" data-element_type=\"widget\" data-e-type=\"widget\" data-widget_type=\"text-editor.default\">\n\t\t\t\t<div class=\"elementor-widget-container\">\n\t\t\t\t\t\t\t\t\t<p>Le thermolaquage offre d&rsquo;excellents r\u00e9sultats sur le plan esth\u00e9tique, avec une tenue parfaite des couleurs et une application uniforme de la teinte. On \u00e9vite gr\u00e2ce \u00e0 cette technique les probl\u00e8mes li\u00e9s \u00e0 des effets de coulures. Le choix des teintes est tr\u00e8s large. Les performances techniques parlent \u00e9galement en faveur d&rsquo;un traitement par thermolaquage, puisque le rev\u00eatement r\u00e9siste aux chocs et durcit la surface. Il permet aussi au m\u00e9tal de r\u00e9sister \u00e0 la corrosion. Il est possible d&rsquo;opter pour des effets visuels ou sp\u00e9ciaux.<\/p>\t\t\t\t\t\t\t\t<\/div>\n\t\t\t\t<\/div>\n\t\t\t\t\t<\/div>\n\t\t<\/div>\n\t\t\t\t\t<\/div>\n\t\t<\/section>\n\t\t\t\t<\/div>\n\t\t","protected":false},"excerpt":{"rendered":"<p>Le thermolaquage est l&rsquo;une des sp\u00e9cialit\u00e9s de l&rsquo;entreprise Tidee. Ce traitement permet de valoriser, de prot\u00e9ger et d&#8217;embellir les surfaces m\u00e9talliques, qu&rsquo;il s&rsquo;agisse d&rsquo;un thermolaquage r\u00e9alis\u00e9 sur une carrosserie de voiture ou pour des \u00e9l\u00e9ments de construction. Le thermolaquage, pour quel usage ? Le thermolaquage est une technique innovante de peinture des m\u00e9taux, utilis\u00e9e pour&hellip; <br \/> <a class=\"button small blue\" href=\"https:\/\/dev.tidee.mob-ion.net\/index.php\/nos-services-de-thermolaquage\/\">Lire la suite<\/a><\/p>\n","protected":false},"author":2,"featured_media":0,"parent":0,"menu_order":0,"comment_status":"closed","ping_status":"closed","template":"","meta":{"footnotes":""},"class_list":["post-211","page","type-page","status-publish","hentry"],"yoast_head":"<!-- This site is optimized with the Yoast SEO plugin v27.5 - https:\/\/yoast.com\/product\/yoast-seo-wordpress\/ -->\n<title>Nos services de thermolaquage - Tidee Thermolaquage : entreprise de peinture industrielle - Tidee<\/title>\n<meta name=\"description\" content=\"Le thermolaquage est une technique de peinture sur t\u00f4lerie particuli\u00e8rement efficace. Faites appel \u00e0 notre entreprise industrielle pour un travail de pr\u00e9cision !\" \/>\n<meta name=\"robots\" content=\"index, follow, max-snippet:-1, max-image-preview:large, max-video-preview:-1\" \/>\n<link rel=\"canonical\" href=\"https:\/\/dev.tidee.mob-ion.net\/index.php\/nos-services-de-thermolaquage\/\" \/>\n<meta property=\"og:locale\" content=\"fr_FR\" \/>\n<meta property=\"og:type\" content=\"article\" \/>\n<meta property=\"og:title\" content=\"Nos services de thermolaquage - Tidee Thermolaquage : entreprise de peinture industrielle - Tidee\" \/>\n<meta property=\"og:description\" content=\"Le thermolaquage est une technique de peinture sur t\u00f4lerie particuli\u00e8rement efficace. Faites appel \u00e0 notre entreprise industrielle pour un travail de pr\u00e9cision !\" \/>\n<meta property=\"og:url\" content=\"https:\/\/dev.tidee.mob-ion.net\/index.php\/nos-services-de-thermolaquage\/\" \/>\n<meta property=\"og:site_name\" content=\"Tidee\" \/>\n<meta property=\"article:publisher\" content=\"https:\/\/www.facebook.com\/TideeTolerie\" \/>\n<meta property=\"article:modified_time\" content=\"2021-12-02T16:09:09+00:00\" \/>\n<meta name=\"twitter:card\" content=\"summary_large_image\" \/>\n<meta name=\"twitter:site\" content=\"@TideeTolerie\" \/>\n<meta name=\"twitter:label1\" content=\"Dur\u00e9e de lecture estim\u00e9e\" \/>\n\t<meta name=\"twitter:data1\" content=\"2 minutes\" \/>\n<script type=\"application\/ld+json\" class=\"yoast-schema-graph\">{\"@context\":\"https:\\\/\\\/schema.org\",\"@graph\":[{\"@type\":\"WebPage\",\"@id\":\"https:\\\/\\\/dev.tidee.mob-ion.net\\\/index.php\\\/nos-services-de-thermolaquage\\\/\",\"url\":\"https:\\\/\\\/dev.tidee.mob-ion.net\\\/index.php\\\/nos-services-de-thermolaquage\\\/\",\"name\":\"Nos services de thermolaquage - Tidee Thermolaquage : entreprise de peinture industrielle - Tidee\",\"isPartOf\":{\"@id\":\"https:\\\/\\\/dev.tidee.mob-ion.net\\\/#website\"},\"datePublished\":\"2019-11-06T16:18:54+00:00\",\"dateModified\":\"2021-12-02T16:09:09+00:00\",\"description\":\"Le thermolaquage est une technique de peinture sur t\u00f4lerie particuli\u00e8rement efficace. Faites appel \u00e0 notre entreprise industrielle pour un travail de pr\u00e9cision !\",\"breadcrumb\":{\"@id\":\"https:\\\/\\\/dev.tidee.mob-ion.net\\\/index.php\\\/nos-services-de-thermolaquage\\\/#breadcrumb\"},\"inLanguage\":\"fr-FR\",\"potentialAction\":[{\"@type\":\"ReadAction\",\"target\":[\"https:\\\/\\\/dev.tidee.mob-ion.net\\\/index.php\\\/nos-services-de-thermolaquage\\\/\"]}]},{\"@type\":\"BreadcrumbList\",\"@id\":\"https:\\\/\\\/dev.tidee.mob-ion.net\\\/index.php\\\/nos-services-de-thermolaquage\\\/#breadcrumb\",\"itemListElement\":[{\"@type\":\"ListItem\",\"position\":1,\"name\":\"Accueil\",\"item\":\"https:\\\/\\\/dev.tidee.mob-ion.net\\\/\"},{\"@type\":\"ListItem\",\"position\":2,\"name\":\"Nos services de thermolaquage\"}]},{\"@type\":\"WebSite\",\"@id\":\"https:\\\/\\\/dev.tidee.mob-ion.net\\\/#website\",\"url\":\"https:\\\/\\\/dev.tidee.mob-ion.net\\\/\",\"name\":\"Tidee tolerie fine m\u00e9tallerie\",\"description\":\"\",\"publisher\":{\"@id\":\"https:\\\/\\\/dev.tidee.mob-ion.net\\\/#organization\"},\"potentialAction\":[{\"@type\":\"SearchAction\",\"target\":{\"@type\":\"EntryPoint\",\"urlTemplate\":\"https:\\\/\\\/dev.tidee.mob-ion.net\\\/?s={search_term_string}\"},\"query-input\":{\"@type\":\"PropertyValueSpecification\",\"valueRequired\":true,\"valueName\":\"search_term_string\"}}],\"inLanguage\":\"fr-FR\"},{\"@type\":\"Organization\",\"@id\":\"https:\\\/\\\/dev.tidee.mob-ion.net\\\/#organization\",\"name\":\"Tidee\",\"url\":\"https:\\\/\\\/dev.tidee.mob-ion.net\\\/\",\"logo\":{\"@type\":\"ImageObject\",\"inLanguage\":\"fr-FR\",\"@id\":\"https:\\\/\\\/dev.tidee.mob-ion.net\\\/#\\\/schema\\\/logo\\\/image\\\/\",\"url\":\"https:\\\/\\\/dev.tidee.mob-ion.net\\\/wp-content\\\/uploads\\\/2019\\\/05\\\/tidee-logotype-basse-def.jpg\",\"contentUrl\":\"https:\\\/\\\/dev.tidee.mob-ion.net\\\/wp-content\\\/uploads\\\/2019\\\/05\\\/tidee-logotype-basse-def.jpg\",\"width\":474,\"height\":498,\"caption\":\"Tidee\"},\"image\":{\"@id\":\"https:\\\/\\\/dev.tidee.mob-ion.net\\\/#\\\/schema\\\/logo\\\/image\\\/\"},\"sameAs\":[\"https:\\\/\\\/www.facebook.com\\\/TideeTolerie\",\"https:\\\/\\\/x.com\\\/TideeTolerie\",\"https:\\\/\\\/www.linkedin.com\\\/company\\\/19162475\\\/\"]}]}<\/script>\n<!-- \/ Yoast SEO plugin. -->","yoast_head_json":{"title":"Nos services de thermolaquage - Tidee Thermolaquage : entreprise de peinture industrielle - Tidee","description":"Le thermolaquage est une technique de peinture sur t\u00f4lerie particuli\u00e8rement efficace. Faites appel \u00e0 notre entreprise industrielle pour un travail de pr\u00e9cision !","robots":{"index":"index","follow":"follow","max-snippet":"max-snippet:-1","max-image-preview":"max-image-preview:large","max-video-preview":"max-video-preview:-1"},"canonical":"https:\/\/dev.tidee.mob-ion.net\/index.php\/nos-services-de-thermolaquage\/","og_locale":"fr_FR","og_type":"article","og_title":"Nos services de thermolaquage - Tidee Thermolaquage : entreprise de peinture industrielle - Tidee","og_description":"Le thermolaquage est une technique de peinture sur t\u00f4lerie particuli\u00e8rement efficace. Faites appel \u00e0 notre entreprise industrielle pour un travail de pr\u00e9cision !","og_url":"https:\/\/dev.tidee.mob-ion.net\/index.php\/nos-services-de-thermolaquage\/","og_site_name":"Tidee","article_publisher":"https:\/\/www.facebook.com\/TideeTolerie","article_modified_time":"2021-12-02T16:09:09+00:00","twitter_card":"summary_large_image","twitter_site":"@TideeTolerie","twitter_misc":{"Dur\u00e9e de lecture estim\u00e9e":"2 minutes"},"schema":{"@context":"https:\/\/schema.org","@graph":[{"@type":"WebPage","@id":"https:\/\/dev.tidee.mob-ion.net\/index.php\/nos-services-de-thermolaquage\/","url":"https:\/\/dev.tidee.mob-ion.net\/index.php\/nos-services-de-thermolaquage\/","name":"Nos services de thermolaquage - Tidee Thermolaquage : entreprise de peinture industrielle - Tidee","isPartOf":{"@id":"https:\/\/dev.tidee.mob-ion.net\/#website"},"datePublished":"2019-11-06T16:18:54+00:00","dateModified":"2021-12-02T16:09:09+00:00","description":"Le thermolaquage est une technique de peinture sur t\u00f4lerie particuli\u00e8rement efficace. Faites appel \u00e0 notre entreprise industrielle pour un travail de pr\u00e9cision !","breadcrumb":{"@id":"https:\/\/dev.tidee.mob-ion.net\/index.php\/nos-services-de-thermolaquage\/#breadcrumb"},"inLanguage":"fr-FR","potentialAction":[{"@type":"ReadAction","target":["https:\/\/dev.tidee.mob-ion.net\/index.php\/nos-services-de-thermolaquage\/"]}]},{"@type":"BreadcrumbList","@id":"https:\/\/dev.tidee.mob-ion.net\/index.php\/nos-services-de-thermolaquage\/#breadcrumb","itemListElement":[{"@type":"ListItem","position":1,"name":"Accueil","item":"https:\/\/dev.tidee.mob-ion.net\/"},{"@type":"ListItem","position":2,"name":"Nos services de thermolaquage"}]},{"@type":"WebSite","@id":"https:\/\/dev.tidee.mob-ion.net\/#website","url":"https:\/\/dev.tidee.mob-ion.net\/","name":"Tidee tolerie fine m\u00e9tallerie","description":"","publisher":{"@id":"https:\/\/dev.tidee.mob-ion.net\/#organization"},"potentialAction":[{"@type":"SearchAction","target":{"@type":"EntryPoint","urlTemplate":"https:\/\/dev.tidee.mob-ion.net\/?s={search_term_string}"},"query-input":{"@type":"PropertyValueSpecification","valueRequired":true,"valueName":"search_term_string"}}],"inLanguage":"fr-FR"},{"@type":"Organization","@id":"https:\/\/dev.tidee.mob-ion.net\/#organization","name":"Tidee","url":"https:\/\/dev.tidee.mob-ion.net\/","logo":{"@type":"ImageObject","inLanguage":"fr-FR","@id":"https:\/\/dev.tidee.mob-ion.net\/#\/schema\/logo\/image\/","url":"https:\/\/dev.tidee.mob-ion.net\/wp-content\/uploads\/2019\/05\/tidee-logotype-basse-def.jpg","contentUrl":"https:\/\/dev.tidee.mob-ion.net\/wp-content\/uploads\/2019\/05\/tidee-logotype-basse-def.jpg","width":474,"height":498,"caption":"Tidee"},"image":{"@id":"https:\/\/dev.tidee.mob-ion.net\/#\/schema\/logo\/image\/"},"sameAs":["https:\/\/www.facebook.com\/TideeTolerie","https:\/\/x.com\/TideeTolerie","https:\/\/www.linkedin.com\/company\/19162475\/"]}]}},"_links":{"self":[{"href":"https:\/\/dev.tidee.mob-ion.net\/index.php\/wp-json\/wp\/v2\/pages\/211","targetHints":{"allow":["GET"]}}],"collection":[{"href":"https:\/\/dev.tidee.mob-ion.net\/index.php\/wp-json\/wp\/v2\/pages"}],"about":[{"href":"https:\/\/dev.tidee.mob-ion.net\/index.php\/wp-json\/wp\/v2\/types\/page"}],"author":[{"embeddable":true,"href":"https:\/\/dev.tidee.mob-ion.net\/index.php\/wp-json\/wp\/v2\/users\/2"}],"replies":[{"embeddable":true,"href":"https:\/\/dev.tidee.mob-ion.net\/index.php\/wp-json\/wp\/v2\/comments?post=211"}],"version-history":[{"count":7,"href":"https:\/\/dev.tidee.mob-ion.net\/index.php\/wp-json\/wp\/v2\/pages\/211\/revisions"}],"predecessor-version":[{"id":316,"href":"https:\/\/dev.tidee.mob-ion.net\/index.php\/wp-json\/wp\/v2\/pages\/211\/revisions\/316"}],"wp:attachment":[{"href":"https:\/\/dev.tidee.mob-ion.net\/index.php\/wp-json\/wp\/v2\/media?parent=211"}],"curies":[{"name":"wp","href":"https:\/\/api.w.org\/{rel}","templated":true}]}}