{"id":200,"date":"2019-11-06T15:07:22","date_gmt":"2019-11-06T14:07:22","guid":{"rendered":"https:\/\/dev.tidee.mob-ion.net\/?page_id=200"},"modified":"2021-12-02T17:04:12","modified_gmt":"2021-12-02T16:04:12","slug":"soudures-par-points-sur-lacier","status":"publish","type":"page","link":"https:\/\/dev.tidee.mob-ion.net\/index.php\/soudures-par-points-sur-lacier\/","title":{"rendered":"Soudures par points sur l&rsquo;acier"},"content":{"rendered":"\t\t<div data-elementor-type=\"wp-page\" data-elementor-id=\"200\" class=\"elementor elementor-200\">\n\t\t\t\t\t\t<section class=\"elementor-section elementor-top-section elementor-element elementor-element-d1e093e elementor-section-boxed elementor-section-height-default elementor-section-height-default\" data-id=\"d1e093e\" data-element_type=\"section\" data-e-type=\"section\">\n\t\t\t\t\t\t<div class=\"elementor-container elementor-column-gap-default\">\n\t\t\t\t\t<div class=\"elementor-column elementor-col-100 elementor-top-column elementor-element elementor-element-8b7745b\" data-id=\"8b7745b\" data-element_type=\"column\" data-e-type=\"column\">\n\t\t\t<div class=\"elementor-widget-wrap elementor-element-populated\">\n\t\t\t\t\t\t<div class=\"elementor-element elementor-element-24194ef elementor-widget elementor-widget-text-editor\" data-id=\"24194ef\" data-element_type=\"widget\" data-e-type=\"widget\" data-widget_type=\"text-editor.default\">\n\t\t\t\t<div class=\"elementor-widget-container\">\n\t\t\t\t\t\t\t\t\t<p>La soudure par point des m\u00e9taux est l&rsquo;une des techniques les plus employ\u00e9es et les plus performantes. Elle est pratiqu\u00e9e par Tidee, dans ses ateliers, sur des machines sp\u00e9cifiques qui assurent \u00e0 nos clients un traitement rapide de leurs commandes et une grande pr\u00e9cision des soudures acier. La soudure par points est une des variantes de la soudure \u00e0 l&rsquo;arc, qui consiste \u00e0 \u00e9lever la temp\u00e9rature du m\u00e9tal jusqu&rsquo;au point de fusion, ce qui permet de souder les diff\u00e9rents \u00e9l\u00e9ments.<\/p>\t\t\t\t\t\t\t\t<\/div>\n\t\t\t\t<\/div>\n\t\t\t\t\t<\/div>\n\t\t<\/div>\n\t\t\t\t\t<\/div>\n\t\t<\/section>\n\t\t\t\t<section class=\"elementor-section elementor-top-section elementor-element elementor-element-cd190db elementor-section-boxed elementor-section-height-default elementor-section-height-default\" data-id=\"cd190db\" data-element_type=\"section\" data-e-type=\"section\">\n\t\t\t\t\t\t<div class=\"elementor-container elementor-column-gap-default\">\n\t\t\t\t\t<div class=\"elementor-column elementor-col-100 elementor-top-column elementor-element elementor-element-26a3ebb\" data-id=\"26a3ebb\" data-element_type=\"column\" data-e-type=\"column\">\n\t\t\t<div class=\"elementor-widget-wrap elementor-element-populated\">\n\t\t\t\t\t\t<div class=\"elementor-element elementor-element-70f10b3 elementor-widget elementor-widget-heading\" data-id=\"70f10b3\" data-element_type=\"widget\" data-e-type=\"widget\" data-widget_type=\"heading.default\">\n\t\t\t\t<div class=\"elementor-widget-container\">\n\t\t\t\t\t<h2 class=\"elementor-heading-title elementor-size-default\">Comment fonctionne la soudure par point ?<\/h2>\t\t\t\t<\/div>\n\t\t\t\t<\/div>\n\t\t\t\t\t<\/div>\n\t\t<\/div>\n\t\t\t\t\t<\/div>\n\t\t<\/section>\n\t\t\t\t<section class=\"elementor-section elementor-top-section elementor-element elementor-element-8a7d11c elementor-section-boxed elementor-section-height-default elementor-section-height-default\" data-id=\"8a7d11c\" data-element_type=\"section\" data-e-type=\"section\">\n\t\t\t\t\t\t<div class=\"elementor-container elementor-column-gap-default\">\n\t\t\t\t\t<div class=\"elementor-column elementor-col-100 elementor-top-column elementor-element elementor-element-7e9c01d\" data-id=\"7e9c01d\" data-element_type=\"column\" data-e-type=\"column\">\n\t\t\t<div class=\"elementor-widget-wrap elementor-element-populated\">\n\t\t\t\t\t\t<div class=\"elementor-element elementor-element-6ec0813 elementor-widget elementor-widget-text-editor\" data-id=\"6ec0813\" data-element_type=\"widget\" data-e-type=\"widget\" data-widget_type=\"text-editor.default\">\n\t\t\t\t<div class=\"elementor-widget-container\">\n\t\t\t\t\t\t\t\t\t<p>La soudure par points utilise la technique de soudage par \u00e9lectrode non fusible. Ainsi que nous le disions, il s&rsquo;agit d&rsquo;\u00e9lever la temp\u00e9rature du m\u00e9tal jusqu&rsquo;au point de fusion. Mais une autre action vient s&rsquo;ajouter dans le process industriel mis en oeuvre : l&rsquo;application d&rsquo;une forte pression par proc\u00e9d\u00e9 m\u00e9canique, de mani\u00e8re \u00e0 potentialiser l&rsquo;effet de la haute temp\u00e9rature. De cette mani\u00e8re, la soudure par point est particuli\u00e8rement efficace et le r\u00e9sultat se distingue par sa robustesse et ses performances.<\/p><p>Les pi\u00e8ces m\u00e9talliques \u00e0 souder sont ins\u00e9r\u00e9es entre deux \u00e9lectrodes qui les compriment, puis soumettent l&rsquo;acier \u00e0 un courant de tr\u00e8s forte intensit\u00e9. Il se produit alors un court-circuit, au niveau du point de contact des pi\u00e8ces m\u00e9talliques, ce qui permet la soudure de l&rsquo;acier en quelques secondes \u00e0 peine, avec une tr\u00e8s grande pr\u00e9cision.<\/p>\t\t\t\t\t\t\t\t<\/div>\n\t\t\t\t<\/div>\n\t\t\t\t\t<\/div>\n\t\t<\/div>\n\t\t\t\t\t<\/div>\n\t\t<\/section>\n\t\t\t\t<section class=\"elementor-section elementor-top-section elementor-element elementor-element-79da903 elementor-section-boxed elementor-section-height-default elementor-section-height-default\" data-id=\"79da903\" data-element_type=\"section\" data-e-type=\"section\">\n\t\t\t\t\t\t<div class=\"elementor-container elementor-column-gap-default\">\n\t\t\t\t\t<div class=\"elementor-column elementor-col-100 elementor-top-column elementor-element elementor-element-aaee47b\" data-id=\"aaee47b\" data-element_type=\"column\" data-e-type=\"column\">\n\t\t\t<div class=\"elementor-widget-wrap elementor-element-populated\">\n\t\t\t\t\t\t<div class=\"elementor-element elementor-element-2ee035f elementor-widget elementor-widget-heading\" data-id=\"2ee035f\" data-element_type=\"widget\" data-e-type=\"widget\" data-widget_type=\"heading.default\">\n\t\t\t\t<div class=\"elementor-widget-container\">\n\t\t\t\t\t<h2 class=\"elementor-heading-title elementor-size-default\">Le principe du soudage MIG<\/h2>\t\t\t\t<\/div>\n\t\t\t\t<\/div>\n\t\t\t\t\t<\/div>\n\t\t<\/div>\n\t\t\t\t\t<\/div>\n\t\t<\/section>\n\t\t\t\t<section class=\"elementor-section elementor-top-section elementor-element elementor-element-9862a24 elementor-section-boxed elementor-section-height-default elementor-section-height-default\" data-id=\"9862a24\" data-element_type=\"section\" data-e-type=\"section\">\n\t\t\t\t\t\t<div class=\"elementor-container elementor-column-gap-default\">\n\t\t\t\t\t<div class=\"elementor-column elementor-col-100 elementor-top-column elementor-element elementor-element-34341e7\" data-id=\"34341e7\" data-element_type=\"column\" data-e-type=\"column\">\n\t\t\t<div class=\"elementor-widget-wrap elementor-element-populated\">\n\t\t\t\t\t\t<div class=\"elementor-element elementor-element-5b671de elementor-widget elementor-widget-text-editor\" data-id=\"5b671de\" data-element_type=\"widget\" data-e-type=\"widget\" data-widget_type=\"text-editor.default\">\n\t\t\t\t<div class=\"elementor-widget-container\">\n\t\t\t\t\t\t\t\t\t<p>L&rsquo;entreprise de soudure Tidee vous propose aussi ses prestations de soudage MIG. L&rsquo;abr\u00e9viation MIG renvoie \u00e0 Metal Inert Gaz. Le soudage MIG est un proc\u00e9d\u00e9 d\u00e9riv\u00e9 de la soudure \u00e0 l&rsquo;arc, tout comme la soudure par point. Le process ajoute un dispositif de protection par gaz inerte de la zone \u00e0 souder. On propulse un gaz comme de l&rsquo;Argon ou de l&rsquo;H\u00e9lium sur la pi\u00e8ce \u00e0 souder durant le processus de fusion. Ce gaz a pour fonction de prot\u00e9ger le m\u00e9tal en fusion de l&rsquo;oxydation li\u00e9e \u00e0 l&rsquo;air ambiant.<\/p><p>A la diff\u00e9rence de la soudure par points, dans laquelle on utilise, ainsi que nous l&rsquo;avons vu plus haut, des \u00e9lectrodes, dans le soudage MIG, on privil\u00e9gie l&#8217;emploi d&rsquo;un fil continu, permettant une soudure de type semi-automatique. Le soudage MIG permet d&rsquo;assembler diff\u00e9rents mat\u00e9riaux, comme l&rsquo;acier, l&rsquo;inox, l&rsquo;aluminium ou encore la fonte. L&rsquo;un des principaux avantages de la technique est qu&rsquo;elle permet d&rsquo;assembler des pi\u00e8ces m\u00e9talliques de toutes les \u00e9paisseurs.<\/p><p>Le soudage MAG, quant \u00e0 lui, constitue une variante du soudage MIG : dans ce second proc\u00e9d\u00e9, on utilise toujours une protection gazeuse, mais cette derni\u00e8re n&rsquo;est plus inerte, elle est active. On parle de soudage Metal Active Gaz.<\/p>\t\t\t\t\t\t\t\t<\/div>\n\t\t\t\t<\/div>\n\t\t\t\t\t<\/div>\n\t\t<\/div>\n\t\t\t\t\t<\/div>\n\t\t<\/section>\n\t\t\t\t<section class=\"elementor-section elementor-top-section elementor-element elementor-element-6a0134b elementor-section-boxed elementor-section-height-default elementor-section-height-default\" data-id=\"6a0134b\" data-element_type=\"section\" data-e-type=\"section\">\n\t\t\t\t\t\t<div class=\"elementor-container elementor-column-gap-default\">\n\t\t\t\t\t<div class=\"elementor-column elementor-col-100 elementor-top-column elementor-element elementor-element-fe5fe5f\" data-id=\"fe5fe5f\" data-element_type=\"column\" data-e-type=\"column\">\n\t\t\t<div class=\"elementor-widget-wrap elementor-element-populated\">\n\t\t\t\t\t\t<div class=\"elementor-element elementor-element-662d11e elementor-widget elementor-widget-heading\" data-id=\"662d11e\" data-element_type=\"widget\" data-e-type=\"widget\" data-widget_type=\"heading.default\">\n\t\t\t\t<div class=\"elementor-widget-container\">\n\t\t\t\t\t<h2 class=\"elementor-heading-title elementor-size-default\">Tidee, votre entreprise de soudure<\/h2>\t\t\t\t<\/div>\n\t\t\t\t<\/div>\n\t\t\t\t\t<\/div>\n\t\t<\/div>\n\t\t\t\t\t<\/div>\n\t\t<\/section>\n\t\t\t\t<section class=\"elementor-section elementor-top-section elementor-element elementor-element-71a1e8d elementor-section-boxed elementor-section-height-default elementor-section-height-default\" data-id=\"71a1e8d\" data-element_type=\"section\" data-e-type=\"section\">\n\t\t\t\t\t\t<div class=\"elementor-container elementor-column-gap-default\">\n\t\t\t\t\t<div class=\"elementor-column elementor-col-100 elementor-top-column elementor-element elementor-element-7e8ea0e\" data-id=\"7e8ea0e\" data-element_type=\"column\" data-e-type=\"column\">\n\t\t\t<div class=\"elementor-widget-wrap elementor-element-populated\">\n\t\t\t\t\t\t<div class=\"elementor-element elementor-element-93d88f3 elementor-widget elementor-widget-text-editor\" data-id=\"93d88f3\" data-element_type=\"widget\" data-e-type=\"widget\" data-widget_type=\"text-editor.default\">\n\t\t\t\t<div class=\"elementor-widget-container\">\n\t\t\t\t\t\t\t\t\t<p>Tidee est une entreprise de m\u00e9tallurgie sp\u00e9cialis\u00e9e dans la soudure par point. Nous effectuons en particulier les diff\u00e9rents travaux de soudure de l&rsquo;acier. Cette technique tr\u00e8s pr\u00e9cise, \u00e9conome en temps et donc adapt\u00e9e aux exigences actuelles de la productivit\u00e9, nous permet de traiter diff\u00e9rents types de commandes. Si la soudure par point est largement utilis\u00e9e dans l&rsquo;industrie automobile, pour assembler les pi\u00e8ces m\u00e9talliques de la carrosserie, elle trouve aussi son utilit\u00e9 dans d&rsquo;autres travaux de m\u00e9tallerie.<\/p><p>Parmi ses avantages incontestables, il faut \u00e9videmment citer la pr\u00e9cision de la soudure, qui \u00e9vite la d\u00e9formation des t\u00f4les m\u00e9talliques. Ajoutons la polyvalence, puisque la soudure par points permet le soudage de diff\u00e9rents m\u00e9taux, acier, inox, aluminium en particulier. Les experts de Tidee sauront toujours choisir le process industriel de soudage le mieux adapt\u00e9 \u00e0 votre commande. En effet, l&rsquo;usinage et l&rsquo;assemblage d\u00e9pendent du type de m\u00e9tal.<\/p><p>Il existe principalement deux cat\u00e9gories de t\u00f4le m\u00e9tallique au regard du processus de soudage : les premiers, comme l&rsquo;acier, se caract\u00e9risent par une faible conductibilit\u00e9 thermique et une forte r\u00e9sistivit\u00e9 \u00e9lectrique, tandis que les seconds, par exemple l&rsquo;aluminium ou diff\u00e9rents alliages de cuivre, ont une faible r\u00e9sistivit\u00e9 \u00e9lectrique et une forte conductibilit\u00e9 thermique.<\/p>\t\t\t\t\t\t\t\t<\/div>\n\t\t\t\t<\/div>\n\t\t\t\t\t<\/div>\n\t\t<\/div>\n\t\t\t\t\t<\/div>\n\t\t<\/section>\n\t\t\t\t<section class=\"elementor-section elementor-top-section elementor-element elementor-element-7bb58f1 elementor-section-boxed elementor-section-height-default elementor-section-height-default\" data-id=\"7bb58f1\" data-element_type=\"section\" data-e-type=\"section\">\n\t\t\t\t\t\t<div class=\"elementor-container elementor-column-gap-default\">\n\t\t\t\t\t<div class=\"elementor-column elementor-col-100 elementor-top-column elementor-element elementor-element-fb52a1c\" data-id=\"fb52a1c\" data-element_type=\"column\" data-e-type=\"column\">\n\t\t\t<div class=\"elementor-widget-wrap elementor-element-populated\">\n\t\t\t\t\t\t<div class=\"elementor-element elementor-element-3956c77 elementor-widget elementor-widget-heading\" data-id=\"3956c77\" data-element_type=\"widget\" data-e-type=\"widget\" data-widget_type=\"heading.default\">\n\t\t\t\t<div class=\"elementor-widget-container\">\n\t\t\t\t\t<h2 class=\"elementor-heading-title elementor-size-default\">La soudure par points et les diff\u00e9rents types de m\u00e9taux<\/h2>\t\t\t\t<\/div>\n\t\t\t\t<\/div>\n\t\t\t\t\t<\/div>\n\t\t<\/div>\n\t\t\t\t\t<\/div>\n\t\t<\/section>\n\t\t\t\t<section class=\"elementor-section elementor-top-section elementor-element elementor-element-250350b elementor-section-boxed elementor-section-height-default elementor-section-height-default\" data-id=\"250350b\" data-element_type=\"section\" data-e-type=\"section\">\n\t\t\t\t\t\t<div class=\"elementor-container elementor-column-gap-default\">\n\t\t\t\t\t<div class=\"elementor-column elementor-col-100 elementor-top-column elementor-element elementor-element-158956e\" data-id=\"158956e\" data-element_type=\"column\" data-e-type=\"column\">\n\t\t\t<div class=\"elementor-widget-wrap elementor-element-populated\">\n\t\t\t\t\t\t<div class=\"elementor-element elementor-element-bda3ed1 elementor-widget elementor-widget-text-editor\" data-id=\"bda3ed1\" data-element_type=\"widget\" data-e-type=\"widget\" data-widget_type=\"text-editor.default\">\n\t\t\t\t<div class=\"elementor-widget-container\">\n\t\t\t\t\t\t\t\t\t<p>L&rsquo;acier doux est le m\u00e9tal qui se soude le plus facilement par point, en particulier lorsqu&rsquo;il ne comporte que peu d&rsquo;\u00e9l\u00e9ments sp\u00e9ciaux. Il en va diff\u00e9remment de l&rsquo;acier tremp\u00e9, qui n\u00e9cessite d&rsquo;\u00eatre recuit apr\u00e8s soudage. L&rsquo;<a href=\"https:\/\/dev.tidee.mob-ion.net\/index.php\/la-tole-inox-un-materiau-specifique\/\">acier inoxydable<\/a>, quant \u00e0 lui, r\u00e9agit tr\u00e8s bien \u00e0 la soudure par point, gr\u00e2ce \u00e0 son m\u00e9lange chrome\/nickel.<\/p><p>Le soudage de l&rsquo;aluminium demande la mise en oeuvre d&rsquo;un process parfaitement adapt\u00e9, condition d&rsquo;une soudure durable et fiable. C&rsquo;est le cas de la soudure par point, qui convient bien \u00e0 l&rsquo;aluminium, avec utilisation d&rsquo;un courant d&rsquo;une tr\u00e8s forte intensit\u00e9 sur une courte dur\u00e9e. Le cuivre pur ne peut \u00eatre soud\u00e9 par point, mais le process peut \u00eatre employ\u00e9 pour les alliages de cuivre, par exemple les alliages rouges.<\/p>\t\t\t\t\t\t\t\t<\/div>\n\t\t\t\t<\/div>\n\t\t\t\t\t<\/div>\n\t\t<\/div>\n\t\t\t\t\t<\/div>\n\t\t<\/section>\n\t\t\t\t<section class=\"elementor-section elementor-top-section elementor-element elementor-element-8403941 elementor-section-boxed elementor-section-height-default elementor-section-height-default\" data-id=\"8403941\" data-element_type=\"section\" data-e-type=\"section\">\n\t\t\t\t\t\t<div class=\"elementor-container elementor-column-gap-default\">\n\t\t\t\t\t<div class=\"elementor-column elementor-col-100 elementor-top-column elementor-element elementor-element-ff97d77\" data-id=\"ff97d77\" data-element_type=\"column\" data-e-type=\"column\">\n\t\t\t<div class=\"elementor-widget-wrap elementor-element-populated\">\n\t\t\t\t\t\t<div class=\"elementor-element elementor-element-2c85512 elementor-widget elementor-widget-text-editor\" data-id=\"2c85512\" data-element_type=\"widget\" data-e-type=\"widget\" data-widget_type=\"text-editor.default\">\n\t\t\t\t<div class=\"elementor-widget-container\">\n\t\t\t\t\t\t\t\t\t<p>D\u00e9couvrez aussi :<\/p><ul><li>Le <a href=\"https:\/\/dev.tidee.mob-ion.net\/index.php\/pliage-de-tole-industrielle\/\">pliage de t\u00f4le<\/a><\/li><li>La <a href=\"https:\/\/dev.tidee.mob-ion.net\/index.php\/tolerie-fine-sur-mesure\/\">t\u00f4lerie fine<\/a><\/li><\/ul>\t\t\t\t\t\t\t\t<\/div>\n\t\t\t\t<\/div>\n\t\t\t\t\t<\/div>\n\t\t<\/div>\n\t\t\t\t\t<\/div>\n\t\t<\/section>\n\t\t\t\t<\/div>\n\t\t","protected":false},"excerpt":{"rendered":"<p>La soudure par point des m\u00e9taux est l&rsquo;une des techniques les plus employ\u00e9es et les plus performantes. Elle est pratiqu\u00e9e par Tidee, dans ses ateliers, sur des machines sp\u00e9cifiques qui assurent \u00e0 nos clients un traitement rapide de leurs commandes et une grande pr\u00e9cision des soudures acier. La soudure par points est une des variantes&hellip; <br \/> <a class=\"button small blue\" href=\"https:\/\/dev.tidee.mob-ion.net\/index.php\/soudures-par-points-sur-lacier\/\">Lire la suite<\/a><\/p>\n","protected":false},"author":2,"featured_media":0,"parent":0,"menu_order":0,"comment_status":"closed","ping_status":"closed","template":"","meta":{"footnotes":""},"class_list":["post-200","page","type-page","status-publish","hentry"],"yoast_head":"<!-- This site is optimized with the Yoast SEO plugin v27.5 - https:\/\/yoast.com\/product\/yoast-seo-wordpress\/ -->\n<title>Soudures par points sur l&#039;acier - Tidee Entreprise de soudure par points : soudage TIG\/MIG - Tidee<\/title>\n<meta name=\"description\" content=\"Besoin d&#039;un prestataire pour un soudage de grande pr\u00e9cision ? Faites appel \u00e0 notre entreprise industrielle sp\u00e9cialis\u00e9e dans la t\u00f4lerie fine !\" \/>\n<meta name=\"robots\" content=\"index, follow, max-snippet:-1, max-image-preview:large, max-video-preview:-1\" \/>\n<link rel=\"canonical\" href=\"https:\/\/dev.tidee.mob-ion.net\/index.php\/soudures-par-points-sur-lacier\/\" \/>\n<meta property=\"og:locale\" content=\"fr_FR\" \/>\n<meta property=\"og:type\" content=\"article\" \/>\n<meta property=\"og:title\" content=\"Soudures par points sur l&#039;acier - Tidee Entreprise de soudure par points : soudage TIG\/MIG - Tidee\" \/>\n<meta property=\"og:description\" content=\"Besoin d&#039;un prestataire pour un soudage de grande pr\u00e9cision ? Faites appel \u00e0 notre entreprise industrielle sp\u00e9cialis\u00e9e dans la t\u00f4lerie fine !\" \/>\n<meta property=\"og:url\" content=\"https:\/\/dev.tidee.mob-ion.net\/index.php\/soudures-par-points-sur-lacier\/\" \/>\n<meta property=\"og:site_name\" content=\"Tidee\" \/>\n<meta property=\"article:publisher\" content=\"https:\/\/www.facebook.com\/TideeTolerie\" \/>\n<meta property=\"article:modified_time\" content=\"2021-12-02T16:04:12+00:00\" \/>\n<meta name=\"twitter:card\" content=\"summary_large_image\" \/>\n<meta name=\"twitter:site\" content=\"@TideeTolerie\" \/>\n<meta name=\"twitter:label1\" content=\"Dur\u00e9e de lecture estim\u00e9e\" \/>\n\t<meta name=\"twitter:data1\" content=\"4 minutes\" \/>\n<script type=\"application\/ld+json\" class=\"yoast-schema-graph\">{\"@context\":\"https:\\\/\\\/schema.org\",\"@graph\":[{\"@type\":\"WebPage\",\"@id\":\"https:\\\/\\\/dev.tidee.mob-ion.net\\\/index.php\\\/soudures-par-points-sur-lacier\\\/\",\"url\":\"https:\\\/\\\/dev.tidee.mob-ion.net\\\/index.php\\\/soudures-par-points-sur-lacier\\\/\",\"name\":\"Soudures par points sur l'acier - Tidee Entreprise de soudure par points : soudage TIG\\\/MIG - Tidee\",\"isPartOf\":{\"@id\":\"https:\\\/\\\/dev.tidee.mob-ion.net\\\/#website\"},\"datePublished\":\"2019-11-06T14:07:22+00:00\",\"dateModified\":\"2021-12-02T16:04:12+00:00\",\"description\":\"Besoin d'un prestataire pour un soudage de grande pr\u00e9cision ? Faites appel \u00e0 notre entreprise industrielle sp\u00e9cialis\u00e9e dans la t\u00f4lerie fine !\",\"breadcrumb\":{\"@id\":\"https:\\\/\\\/dev.tidee.mob-ion.net\\\/index.php\\\/soudures-par-points-sur-lacier\\\/#breadcrumb\"},\"inLanguage\":\"fr-FR\",\"potentialAction\":[{\"@type\":\"ReadAction\",\"target\":[\"https:\\\/\\\/dev.tidee.mob-ion.net\\\/index.php\\\/soudures-par-points-sur-lacier\\\/\"]}]},{\"@type\":\"BreadcrumbList\",\"@id\":\"https:\\\/\\\/dev.tidee.mob-ion.net\\\/index.php\\\/soudures-par-points-sur-lacier\\\/#breadcrumb\",\"itemListElement\":[{\"@type\":\"ListItem\",\"position\":1,\"name\":\"Accueil\",\"item\":\"https:\\\/\\\/dev.tidee.mob-ion.net\\\/\"},{\"@type\":\"ListItem\",\"position\":2,\"name\":\"Soudures par points sur l&rsquo;acier\"}]},{\"@type\":\"WebSite\",\"@id\":\"https:\\\/\\\/dev.tidee.mob-ion.net\\\/#website\",\"url\":\"https:\\\/\\\/dev.tidee.mob-ion.net\\\/\",\"name\":\"Tidee tolerie fine m\u00e9tallerie\",\"description\":\"\",\"publisher\":{\"@id\":\"https:\\\/\\\/dev.tidee.mob-ion.net\\\/#organization\"},\"potentialAction\":[{\"@type\":\"SearchAction\",\"target\":{\"@type\":\"EntryPoint\",\"urlTemplate\":\"https:\\\/\\\/dev.tidee.mob-ion.net\\\/?s={search_term_string}\"},\"query-input\":{\"@type\":\"PropertyValueSpecification\",\"valueRequired\":true,\"valueName\":\"search_term_string\"}}],\"inLanguage\":\"fr-FR\"},{\"@type\":\"Organization\",\"@id\":\"https:\\\/\\\/dev.tidee.mob-ion.net\\\/#organization\",\"name\":\"Tidee\",\"url\":\"https:\\\/\\\/dev.tidee.mob-ion.net\\\/\",\"logo\":{\"@type\":\"ImageObject\",\"inLanguage\":\"fr-FR\",\"@id\":\"https:\\\/\\\/dev.tidee.mob-ion.net\\\/#\\\/schema\\\/logo\\\/image\\\/\",\"url\":\"https:\\\/\\\/dev.tidee.mob-ion.net\\\/wp-content\\\/uploads\\\/2019\\\/05\\\/tidee-logotype-basse-def.jpg\",\"contentUrl\":\"https:\\\/\\\/dev.tidee.mob-ion.net\\\/wp-content\\\/uploads\\\/2019\\\/05\\\/tidee-logotype-basse-def.jpg\",\"width\":474,\"height\":498,\"caption\":\"Tidee\"},\"image\":{\"@id\":\"https:\\\/\\\/dev.tidee.mob-ion.net\\\/#\\\/schema\\\/logo\\\/image\\\/\"},\"sameAs\":[\"https:\\\/\\\/www.facebook.com\\\/TideeTolerie\",\"https:\\\/\\\/x.com\\\/TideeTolerie\",\"https:\\\/\\\/www.linkedin.com\\\/company\\\/19162475\\\/\"]}]}<\/script>\n<!-- \/ Yoast SEO plugin. -->","yoast_head_json":{"title":"Soudures par points sur l'acier - Tidee Entreprise de soudure par points : soudage TIG\/MIG - Tidee","description":"Besoin d'un prestataire pour un soudage de grande pr\u00e9cision ? Faites appel \u00e0 notre entreprise industrielle sp\u00e9cialis\u00e9e dans la t\u00f4lerie fine !","robots":{"index":"index","follow":"follow","max-snippet":"max-snippet:-1","max-image-preview":"max-image-preview:large","max-video-preview":"max-video-preview:-1"},"canonical":"https:\/\/dev.tidee.mob-ion.net\/index.php\/soudures-par-points-sur-lacier\/","og_locale":"fr_FR","og_type":"article","og_title":"Soudures par points sur l'acier - Tidee Entreprise de soudure par points : soudage TIG\/MIG - Tidee","og_description":"Besoin d'un prestataire pour un soudage de grande pr\u00e9cision ? Faites appel \u00e0 notre entreprise industrielle sp\u00e9cialis\u00e9e dans la t\u00f4lerie fine !","og_url":"https:\/\/dev.tidee.mob-ion.net\/index.php\/soudures-par-points-sur-lacier\/","og_site_name":"Tidee","article_publisher":"https:\/\/www.facebook.com\/TideeTolerie","article_modified_time":"2021-12-02T16:04:12+00:00","twitter_card":"summary_large_image","twitter_site":"@TideeTolerie","twitter_misc":{"Dur\u00e9e de lecture estim\u00e9e":"4 minutes"},"schema":{"@context":"https:\/\/schema.org","@graph":[{"@type":"WebPage","@id":"https:\/\/dev.tidee.mob-ion.net\/index.php\/soudures-par-points-sur-lacier\/","url":"https:\/\/dev.tidee.mob-ion.net\/index.php\/soudures-par-points-sur-lacier\/","name":"Soudures par points sur l'acier - Tidee Entreprise de soudure par points : soudage TIG\/MIG - Tidee","isPartOf":{"@id":"https:\/\/dev.tidee.mob-ion.net\/#website"},"datePublished":"2019-11-06T14:07:22+00:00","dateModified":"2021-12-02T16:04:12+00:00","description":"Besoin d'un prestataire pour un soudage de grande pr\u00e9cision ? Faites appel \u00e0 notre entreprise industrielle sp\u00e9cialis\u00e9e dans la t\u00f4lerie fine !","breadcrumb":{"@id":"https:\/\/dev.tidee.mob-ion.net\/index.php\/soudures-par-points-sur-lacier\/#breadcrumb"},"inLanguage":"fr-FR","potentialAction":[{"@type":"ReadAction","target":["https:\/\/dev.tidee.mob-ion.net\/index.php\/soudures-par-points-sur-lacier\/"]}]},{"@type":"BreadcrumbList","@id":"https:\/\/dev.tidee.mob-ion.net\/index.php\/soudures-par-points-sur-lacier\/#breadcrumb","itemListElement":[{"@type":"ListItem","position":1,"name":"Accueil","item":"https:\/\/dev.tidee.mob-ion.net\/"},{"@type":"ListItem","position":2,"name":"Soudures par points sur l&rsquo;acier"}]},{"@type":"WebSite","@id":"https:\/\/dev.tidee.mob-ion.net\/#website","url":"https:\/\/dev.tidee.mob-ion.net\/","name":"Tidee tolerie fine m\u00e9tallerie","description":"","publisher":{"@id":"https:\/\/dev.tidee.mob-ion.net\/#organization"},"potentialAction":[{"@type":"SearchAction","target":{"@type":"EntryPoint","urlTemplate":"https:\/\/dev.tidee.mob-ion.net\/?s={search_term_string}"},"query-input":{"@type":"PropertyValueSpecification","valueRequired":true,"valueName":"search_term_string"}}],"inLanguage":"fr-FR"},{"@type":"Organization","@id":"https:\/\/dev.tidee.mob-ion.net\/#organization","name":"Tidee","url":"https:\/\/dev.tidee.mob-ion.net\/","logo":{"@type":"ImageObject","inLanguage":"fr-FR","@id":"https:\/\/dev.tidee.mob-ion.net\/#\/schema\/logo\/image\/","url":"https:\/\/dev.tidee.mob-ion.net\/wp-content\/uploads\/2019\/05\/tidee-logotype-basse-def.jpg","contentUrl":"https:\/\/dev.tidee.mob-ion.net\/wp-content\/uploads\/2019\/05\/tidee-logotype-basse-def.jpg","width":474,"height":498,"caption":"Tidee"},"image":{"@id":"https:\/\/dev.tidee.mob-ion.net\/#\/schema\/logo\/image\/"},"sameAs":["https:\/\/www.facebook.com\/TideeTolerie","https:\/\/x.com\/TideeTolerie","https:\/\/www.linkedin.com\/company\/19162475\/"]}]}},"_links":{"self":[{"href":"https:\/\/dev.tidee.mob-ion.net\/index.php\/wp-json\/wp\/v2\/pages\/200","targetHints":{"allow":["GET"]}}],"collection":[{"href":"https:\/\/dev.tidee.mob-ion.net\/index.php\/wp-json\/wp\/v2\/pages"}],"about":[{"href":"https:\/\/dev.tidee.mob-ion.net\/index.php\/wp-json\/wp\/v2\/types\/page"}],"author":[{"embeddable":true,"href":"https:\/\/dev.tidee.mob-ion.net\/index.php\/wp-json\/wp\/v2\/users\/2"}],"replies":[{"embeddable":true,"href":"https:\/\/dev.tidee.mob-ion.net\/index.php\/wp-json\/wp\/v2\/comments?post=200"}],"version-history":[{"count":10,"href":"https:\/\/dev.tidee.mob-ion.net\/index.php\/wp-json\/wp\/v2\/pages\/200\/revisions"}],"predecessor-version":[{"id":306,"href":"https:\/\/dev.tidee.mob-ion.net\/index.php\/wp-json\/wp\/v2\/pages\/200\/revisions\/306"}],"wp:attachment":[{"href":"https:\/\/dev.tidee.mob-ion.net\/index.php\/wp-json\/wp\/v2\/media?parent=200"}],"curies":[{"name":"wp","href":"https:\/\/api.w.org\/{rel}","templated":true}]}}