{"id":193,"date":"2019-11-06T14:30:35","date_gmt":"2019-11-06T13:30:35","guid":{"rendered":"https:\/\/dev.tidee.mob-ion.net\/?page_id=193"},"modified":"2021-12-02T17:02:06","modified_gmt":"2021-12-02T16:02:06","slug":"pliage-de-tole-industrielle","status":"publish","type":"page","link":"https:\/\/dev.tidee.mob-ion.net\/index.php\/pliage-de-tole-industrielle\/","title":{"rendered":"Pliage de t\u00f4le industrielle"},"content":{"rendered":"\t\t<div data-elementor-type=\"wp-page\" data-elementor-id=\"193\" class=\"elementor elementor-193\">\n\t\t\t\t\t\t<section class=\"elementor-section elementor-top-section elementor-element elementor-element-1e7d1d3 elementor-section-boxed elementor-section-height-default elementor-section-height-default\" data-id=\"1e7d1d3\" data-element_type=\"section\" data-e-type=\"section\">\n\t\t\t\t\t\t<div class=\"elementor-container elementor-column-gap-default\">\n\t\t\t\t\t<div class=\"elementor-column elementor-col-100 elementor-top-column elementor-element elementor-element-faf6432\" data-id=\"faf6432\" data-element_type=\"column\" data-e-type=\"column\">\n\t\t\t<div class=\"elementor-widget-wrap elementor-element-populated\">\n\t\t\t\t\t\t<div class=\"elementor-element elementor-element-1c72e5f elementor-widget elementor-widget-text-editor\" data-id=\"1c72e5f\" data-element_type=\"widget\" data-e-type=\"widget\" data-widget_type=\"text-editor.default\">\n\t\t\t\t<div class=\"elementor-widget-container\">\n\t\t\t\t\t\t\t\t\t<p>Le pliage de la t\u00f4le d&rsquo;aluminium ou d&rsquo;acier est aujourd&rsquo;hui l&rsquo;un des secteurs phares de l&rsquo;industrie m\u00e9tallurgique de pr\u00e9cision. Tidee est sp\u00e9cialis\u00e9 dans la t\u00f4lerie industrielle et propose diff\u00e9rentes prestations de pliage de t\u00f4le. Gr\u00e2ce \u00e0 des plieuses modernes et performantes ou encore gr\u00e2ce \u00e0 nos panneauteuses, pilot\u00e9es par ordinateur, notre entreprise est en mesure de plier en s\u00e9rie, avec rapidit\u00e9 et pr\u00e9cision, une grande vari\u00e9t\u00e9 de pi\u00e8ces de t\u00f4le en <a href=\"https:\/\/dev.tidee.mob-ion.net\/index.php\/la-tole-inox-un-materiau-specifique\/\">inox<\/a>, acier ou encore aluminium. Diff\u00e9rents types de pliages sont possibles : pliage de la t\u00f4le en angle, pliage industriel avec rayon variable, ou encore plis \u00e9cras\u00e9s. Nos presses plieuses permettent une compl\u00e9mentarit\u00e9 id\u00e9ale de l&rsquo;homme et de la machine, qui vous garantit la r\u00e9alisation de vos commandes dans les meilleurs d\u00e9lais.<\/p>\t\t\t\t\t\t\t\t<\/div>\n\t\t\t\t<\/div>\n\t\t\t\t\t<\/div>\n\t\t<\/div>\n\t\t\t\t\t<\/div>\n\t\t<\/section>\n\t\t\t\t<section class=\"elementor-section elementor-top-section elementor-element elementor-element-fded995 elementor-section-boxed elementor-section-height-default elementor-section-height-default\" data-id=\"fded995\" data-element_type=\"section\" data-e-type=\"section\">\n\t\t\t\t\t\t<div class=\"elementor-container elementor-column-gap-default\">\n\t\t\t\t\t<div class=\"elementor-column elementor-col-100 elementor-top-column elementor-element elementor-element-d73700c\" data-id=\"d73700c\" data-element_type=\"column\" data-e-type=\"column\">\n\t\t\t<div class=\"elementor-widget-wrap elementor-element-populated\">\n\t\t\t\t\t\t<div class=\"elementor-element elementor-element-6f634a8 elementor-widget elementor-widget-heading\" data-id=\"6f634a8\" data-element_type=\"widget\" data-e-type=\"widget\" data-widget_type=\"heading.default\">\n\t\t\t\t<div class=\"elementor-widget-container\">\n\t\t\t\t\t<h2 class=\"elementor-heading-title elementor-size-default\">Deux types de pliage de la t\u00f4le<\/h2>\t\t\t\t<\/div>\n\t\t\t\t<\/div>\n\t\t\t\t\t<\/div>\n\t\t<\/div>\n\t\t\t\t\t<\/div>\n\t\t<\/section>\n\t\t\t\t<section class=\"elementor-section elementor-top-section elementor-element elementor-element-0a123f1 elementor-section-boxed elementor-section-height-default elementor-section-height-default\" data-id=\"0a123f1\" data-element_type=\"section\" data-e-type=\"section\">\n\t\t\t\t\t\t<div class=\"elementor-container elementor-column-gap-default\">\n\t\t\t\t\t<div class=\"elementor-column elementor-col-100 elementor-top-column elementor-element elementor-element-40471b4\" data-id=\"40471b4\" data-element_type=\"column\" data-e-type=\"column\">\n\t\t\t<div class=\"elementor-widget-wrap elementor-element-populated\">\n\t\t\t\t\t\t<div class=\"elementor-element elementor-element-76da187 elementor-widget elementor-widget-text-editor\" data-id=\"76da187\" data-element_type=\"widget\" data-e-type=\"widget\" data-widget_type=\"text-editor.default\">\n\t\t\t\t<div class=\"elementor-widget-container\">\n\t\t\t\t\t\t\t\t\t<p>Deux types de pliage industriel vous sont propos\u00e9s chez Tidee. Nous pouvons traiter vos pi\u00e8ces selon la technique de pliage de t\u00f4le dit \u00ab\u00a0en l&rsquo;air\u00a0\u00bb. Nos presses plieuses nous permettent aussi de vous proposer le pliage en frappe, ou pliage de t\u00f4le en fond de matrice. L&rsquo;une des deux techniques sera choisie, en fonction de vos attentes. Les sp\u00e9cialistes de Tidee veilleront \u00e0 choisir le process industriel le mieux adapt\u00e9 \u00e0 l&rsquo;usinage que vous souhaitez. La seconde technique convient aux t\u00f4les d&rsquo;acier ou d&rsquo;aluminium de plus de 2 mm d&rsquo;\u00e9paisseur et est consid\u00e9r\u00e9e comme un forgeage \u00e0 froid de la pi\u00e8ce m\u00e9tallique.<\/p>\t\t\t\t\t\t\t\t<\/div>\n\t\t\t\t<\/div>\n\t\t\t\t\t<\/div>\n\t\t<\/div>\n\t\t\t\t\t<\/div>\n\t\t<\/section>\n\t\t\t\t<section class=\"elementor-section elementor-top-section elementor-element elementor-element-7a2d0c5 elementor-section-boxed elementor-section-height-default elementor-section-height-default\" data-id=\"7a2d0c5\" data-element_type=\"section\" data-e-type=\"section\">\n\t\t\t\t\t\t<div class=\"elementor-container elementor-column-gap-default\">\n\t\t\t\t\t<div class=\"elementor-column elementor-col-100 elementor-top-column elementor-element elementor-element-ee0f9f6\" data-id=\"ee0f9f6\" data-element_type=\"column\" data-e-type=\"column\">\n\t\t\t<div class=\"elementor-widget-wrap elementor-element-populated\">\n\t\t\t\t\t\t<div class=\"elementor-element elementor-element-3a696d5 elementor-widget elementor-widget-heading\" data-id=\"3a696d5\" data-element_type=\"widget\" data-e-type=\"widget\" data-widget_type=\"heading.default\">\n\t\t\t\t<div class=\"elementor-widget-container\">\n\t\t\t\t\t<h2 class=\"elementor-heading-title elementor-size-default\">Le pliage industriel : pour qui ?<\/h2>\t\t\t\t<\/div>\n\t\t\t\t<\/div>\n\t\t\t\t\t<\/div>\n\t\t<\/div>\n\t\t\t\t\t<\/div>\n\t\t<\/section>\n\t\t\t\t<section class=\"elementor-section elementor-top-section elementor-element elementor-element-e20ba9a elementor-section-boxed elementor-section-height-default elementor-section-height-default\" data-id=\"e20ba9a\" data-element_type=\"section\" data-e-type=\"section\">\n\t\t\t\t\t\t<div class=\"elementor-container elementor-column-gap-default\">\n\t\t\t\t\t<div class=\"elementor-column elementor-col-100 elementor-top-column elementor-element elementor-element-2e11078\" data-id=\"2e11078\" data-element_type=\"column\" data-e-type=\"column\">\n\t\t\t<div class=\"elementor-widget-wrap elementor-element-populated\">\n\t\t\t\t\t\t<div class=\"elementor-element elementor-element-0a28e58 elementor-widget elementor-widget-text-editor\" data-id=\"0a28e58\" data-element_type=\"widget\" data-e-type=\"widget\" data-widget_type=\"text-editor.default\">\n\t\t\t\t<div class=\"elementor-widget-container\">\n\t\t\t\t\t\t\t\t\t<p>Chez Tidee, entreprise de m\u00e9tallurgie sp\u00e9cialis\u00e9e dans la t\u00f4lerie fine, nous travaillons aussi bien pour les grands groupes industriels que pour les PME ind\u00e9pendantes. En d&rsquo;autres termes, nous r\u00e9alisons sur nos presses-plieuses et panneauteuses la mise en forme de pi\u00e8ces command\u00e9es en s\u00e9rie comme de pi\u00e8ces uniques sur mesure. Le pliage du m\u00e9tal permet de fabriquer divers b\u00e2tis de machinerie, des armoires \u00e9lectriques ou des baies informatiques. On l&rsquo;utilise aussi pour le pliage des pi\u00e8ces en t\u00f4le des pompes \u00e0 chaleur.<\/p><p>Bo\u00eetiers, \u00e9querres, supports : \u00e0 la base de toutes ces formes, il y a le pliage de l&rsquo;acier ou de l&rsquo;aluminium, que nous r\u00e9alisons dans nos ateliers Tidee. Il n&rsquo;y a d&rsquo;ailleurs pas que l&rsquo;industrie qui a recours au pliage du m\u00e9tal : ce dernier trouve aussi sa place dans la construction et le b\u00e2timent, par exemple dans la fabrication de couvertines, pour des bardages sp\u00e9cifiques ou encore pour un habillage m\u00e9tallique ou des connecteurs pour des maisons modulaires en bois.<\/p>\t\t\t\t\t\t\t\t<\/div>\n\t\t\t\t<\/div>\n\t\t\t\t\t<\/div>\n\t\t<\/div>\n\t\t\t\t\t<\/div>\n\t\t<\/section>\n\t\t\t\t<section class=\"elementor-section elementor-top-section elementor-element elementor-element-2230253 elementor-section-boxed elementor-section-height-default elementor-section-height-default\" data-id=\"2230253\" data-element_type=\"section\" data-e-type=\"section\">\n\t\t\t\t\t\t<div class=\"elementor-container elementor-column-gap-default\">\n\t\t\t\t\t<div class=\"elementor-column elementor-col-100 elementor-top-column elementor-element elementor-element-e2a8f8e\" data-id=\"e2a8f8e\" data-element_type=\"column\" data-e-type=\"column\">\n\t\t\t<div class=\"elementor-widget-wrap elementor-element-populated\">\n\t\t\t\t\t\t<div class=\"elementor-element elementor-element-8230828 elementor-widget elementor-widget-heading\" data-id=\"8230828\" data-element_type=\"widget\" data-e-type=\"widget\" data-widget_type=\"heading.default\">\n\t\t\t\t<div class=\"elementor-widget-container\">\n\t\t\t\t\t<h2 class=\"elementor-heading-title elementor-size-default\">Le pliage industriel chez Tidee : des prestations enti\u00e8rement sur mesure<\/h2>\t\t\t\t<\/div>\n\t\t\t\t<\/div>\n\t\t\t\t\t<\/div>\n\t\t<\/div>\n\t\t\t\t\t<\/div>\n\t\t<\/section>\n\t\t\t\t<section class=\"elementor-section elementor-top-section elementor-element elementor-element-3275390 elementor-section-boxed elementor-section-height-default elementor-section-height-default\" data-id=\"3275390\" data-element_type=\"section\" data-e-type=\"section\">\n\t\t\t\t\t\t<div class=\"elementor-container elementor-column-gap-default\">\n\t\t\t\t\t<div class=\"elementor-column elementor-col-100 elementor-top-column elementor-element elementor-element-7c9abcf\" data-id=\"7c9abcf\" data-element_type=\"column\" data-e-type=\"column\">\n\t\t\t<div class=\"elementor-widget-wrap elementor-element-populated\">\n\t\t\t\t\t\t<div class=\"elementor-element elementor-element-53e6f63 elementor-widget elementor-widget-text-editor\" data-id=\"53e6f63\" data-element_type=\"widget\" data-e-type=\"widget\" data-widget_type=\"text-editor.default\">\n\t\t\t\t<div class=\"elementor-widget-container\">\n\t\t\t\t\t\t\t\t\t<p>Gr\u00e2ce \u00e0 notre bureau d\u2019\u00e9tudes interne, nous vous proposons des prestations personnalis\u00e9es et vous accompagnons de la conception de vos pi\u00e8ces jusqu&rsquo;\u00e0 leur r\u00e9alisation. Le <a href=\"https:\/\/dev.tidee.mob-ion.net\/index.php\/tolerie-fine-sur-mesure\/\">sur mesure<\/a>, chez Tidee, porte d&rsquo;abord sur le nombre de pi\u00e8ces m\u00e9talliques qui feront l&rsquo;objet du pliage. Nous pouvons travailler \u00e0 l&rsquo;unit\u00e9, en petites ou moyennes quantit\u00e9s, mais aussi en s\u00e9rie. Dans tous les cas, nous adapterons nos tarifs et nos prestations au budget de votre entreprise.<\/p><p>Les sp\u00e9cialistes du bureau d\u2019\u00e9tudes de Tidee sauront vous conseiller dans l&rsquo;am\u00e9lioration de vos produits, \u00e0 partir de votre cahier des charges et des pi\u00e8ces pli\u00e9es dont vous avez besoin pour vos r\u00e9alisations. De cette mani\u00e8re, il est possible d&rsquo;optimiser les process de pliage du m\u00e9tal, en maximisant l&rsquo;utilisation de la mati\u00e8re et en r\u00e9duisant les co\u00fbts. Nous veillons aussi, bien \u00e9videmment, \u00e0 r\u00e9duire les d\u00e9lais de production. Les sp\u00e9cialistes Tidee chercheront toujours les solutions les mieux adapt\u00e9es \u00e0 vos besoins dans le respect de votre prix objectif.<\/p>\t\t\t\t\t\t\t\t<\/div>\n\t\t\t\t<\/div>\n\t\t\t\t\t<\/div>\n\t\t<\/div>\n\t\t\t\t\t<\/div>\n\t\t<\/section>\n\t\t\t\t<section class=\"elementor-section elementor-top-section elementor-element elementor-element-f7402d3 elementor-section-boxed elementor-section-height-default elementor-section-height-default\" data-id=\"f7402d3\" data-element_type=\"section\" data-e-type=\"section\">\n\t\t\t\t\t\t<div class=\"elementor-container elementor-column-gap-default\">\n\t\t\t\t\t<div class=\"elementor-column elementor-col-100 elementor-top-column elementor-element elementor-element-292d67c\" data-id=\"292d67c\" data-element_type=\"column\" data-e-type=\"column\">\n\t\t\t<div class=\"elementor-widget-wrap elementor-element-populated\">\n\t\t\t\t\t\t<div class=\"elementor-element elementor-element-a701f8f elementor-widget elementor-widget-heading\" data-id=\"a701f8f\" data-element_type=\"widget\" data-e-type=\"widget\" data-widget_type=\"heading.default\">\n\t\t\t\t<div class=\"elementor-widget-container\">\n\t\t\t\t\t<h2 class=\"elementor-heading-title elementor-size-default\">Une entreprise de t\u00f4lerie fine, experte du pliage industriel<\/h2>\t\t\t\t<\/div>\n\t\t\t\t<\/div>\n\t\t\t\t\t<\/div>\n\t\t<\/div>\n\t\t\t\t\t<\/div>\n\t\t<\/section>\n\t\t\t\t<section class=\"elementor-section elementor-top-section elementor-element elementor-element-195edb6 elementor-section-boxed elementor-section-height-default elementor-section-height-default\" data-id=\"195edb6\" data-element_type=\"section\" data-e-type=\"section\">\n\t\t\t\t\t\t<div class=\"elementor-container elementor-column-gap-default\">\n\t\t\t\t\t<div class=\"elementor-column elementor-col-100 elementor-top-column elementor-element elementor-element-c81d11b\" data-id=\"c81d11b\" data-element_type=\"column\" data-e-type=\"column\">\n\t\t\t<div class=\"elementor-widget-wrap elementor-element-populated\">\n\t\t\t\t\t\t<div class=\"elementor-element elementor-element-6605a56 elementor-widget elementor-widget-text-editor\" data-id=\"6605a56\" data-element_type=\"widget\" data-e-type=\"widget\" data-widget_type=\"text-editor.default\">\n\t\t\t\t<div class=\"elementor-widget-container\">\n\t\t\t\t\t\t\t\t\t<p>Le pliage industriel grand format ne s&rsquo;improvise bien \u00e9videmment pas. Il n\u00e9cessite une r\u00e9elle expertise, que Tidee a d\u00e9velopp\u00e9 durant de longues ann\u00e9es. Cette expertise est aujourd&rsquo;hui mise au service de ses clients. Parce que notre usine dispose d&rsquo;une unit\u00e9 de production performante, nous pouvons prendre en charge les projets de pliage m\u00e9tallique les plus complexes. Tidee se distingue par la rapidit\u00e9 et l&rsquo;efficacit\u00e9, mais aussi l&rsquo;attention particuli\u00e8re qui est donn\u00e9e par nos \u00e9quipes \u00e0 la pr\u00e9cision des t\u00e2ches et des r\u00e9alisations. Pliages \u00e0 fa\u00e7on, pliages de l&rsquo;aluminium ou de l&rsquo;acier, formes sp\u00e9cifiques : une \u00e9quipe de professionnel est \u00e0 votre disposition pour \u00e9tudier tous les projets et s&rsquo;efforcera de prendre en compte au mieux votre cahier des charges.<\/p>\t\t\t\t\t\t\t\t<\/div>\n\t\t\t\t<\/div>\n\t\t\t\t\t<\/div>\n\t\t<\/div>\n\t\t\t\t\t<\/div>\n\t\t<\/section>\n\t\t\t\t<section class=\"elementor-section elementor-top-section elementor-element elementor-element-70f377c elementor-section-boxed elementor-section-height-default elementor-section-height-default\" data-id=\"70f377c\" data-element_type=\"section\" data-e-type=\"section\">\n\t\t\t\t\t\t<div class=\"elementor-container elementor-column-gap-default\">\n\t\t\t\t\t<div class=\"elementor-column elementor-col-100 elementor-top-column elementor-element elementor-element-bdcf02e\" data-id=\"bdcf02e\" data-element_type=\"column\" data-e-type=\"column\">\n\t\t\t<div class=\"elementor-widget-wrap\">\n\t\t\t\t\t\t\t<\/div>\n\t\t<\/div>\n\t\t\t\t\t<\/div>\n\t\t<\/section>\n\t\t\t\t<\/div>\n\t\t","protected":false},"excerpt":{"rendered":"<p>Le pliage de la t\u00f4le d&rsquo;aluminium ou d&rsquo;acier est aujourd&rsquo;hui l&rsquo;un des secteurs phares de l&rsquo;industrie m\u00e9tallurgique de pr\u00e9cision. Tidee est sp\u00e9cialis\u00e9 dans la t\u00f4lerie industrielle et propose diff\u00e9rentes prestations de pliage de t\u00f4le. Gr\u00e2ce \u00e0 des plieuses modernes et performantes ou encore gr\u00e2ce \u00e0 nos panneauteuses, pilot\u00e9es par ordinateur, notre entreprise est en mesure&hellip; <br \/> <a class=\"button small blue\" href=\"https:\/\/dev.tidee.mob-ion.net\/index.php\/pliage-de-tole-industrielle\/\">Lire la suite<\/a><\/p>\n","protected":false},"author":2,"featured_media":0,"parent":0,"menu_order":0,"comment_status":"closed","ping_status":"closed","template":"","meta":{"footnotes":""},"class_list":["post-193","page","type-page","status-publish","hentry"],"yoast_head":"<!-- This site is optimized with the Yoast SEO plugin v27.5 - https:\/\/yoast.com\/product\/yoast-seo-wordpress\/ -->\n<title>Pliage de t\u00f4le industrielle - Tidee Pliage de t\u00f4le industrielle : entreprise m\u00e9tallerie industrielle - Tidee<\/title>\n<meta name=\"description\" content=\"Notre entreprise de t\u00f4lerie fine r\u00e9alise un travail de pr\u00e9cision sur la t\u00f4le. D\u00e9couvrez nos diff\u00e9rents types de pliages, du plus simple au plus complexe.\" \/>\n<meta name=\"robots\" content=\"index, follow, max-snippet:-1, max-image-preview:large, max-video-preview:-1\" \/>\n<link rel=\"canonical\" href=\"https:\/\/dev.tidee.mob-ion.net\/index.php\/pliage-de-tole-industrielle\/\" \/>\n<meta property=\"og:locale\" content=\"fr_FR\" \/>\n<meta property=\"og:type\" content=\"article\" \/>\n<meta property=\"og:title\" content=\"Pliage de t\u00f4le industrielle - Tidee Pliage de t\u00f4le industrielle : entreprise m\u00e9tallerie industrielle - Tidee\" \/>\n<meta property=\"og:description\" content=\"Notre entreprise de t\u00f4lerie fine r\u00e9alise un travail de pr\u00e9cision sur la t\u00f4le. D\u00e9couvrez nos diff\u00e9rents types de pliages, du plus simple au plus complexe.\" \/>\n<meta property=\"og:url\" content=\"https:\/\/dev.tidee.mob-ion.net\/index.php\/pliage-de-tole-industrielle\/\" \/>\n<meta property=\"og:site_name\" content=\"Tidee\" \/>\n<meta property=\"article:publisher\" content=\"https:\/\/www.facebook.com\/TideeTolerie\" \/>\n<meta property=\"article:modified_time\" content=\"2021-12-02T16:02:06+00:00\" \/>\n<meta name=\"twitter:card\" content=\"summary_large_image\" \/>\n<meta name=\"twitter:site\" content=\"@TideeTolerie\" \/>\n<meta name=\"twitter:label1\" content=\"Dur\u00e9e de lecture estim\u00e9e\" \/>\n\t<meta name=\"twitter:data1\" content=\"4 minutes\" \/>\n<script type=\"application\/ld+json\" class=\"yoast-schema-graph\">{\"@context\":\"https:\\\/\\\/schema.org\",\"@graph\":[{\"@type\":\"WebPage\",\"@id\":\"https:\\\/\\\/dev.tidee.mob-ion.net\\\/index.php\\\/pliage-de-tole-industrielle\\\/\",\"url\":\"https:\\\/\\\/dev.tidee.mob-ion.net\\\/index.php\\\/pliage-de-tole-industrielle\\\/\",\"name\":\"Pliage de t\u00f4le industrielle - Tidee Pliage de t\u00f4le industrielle : entreprise m\u00e9tallerie industrielle - Tidee\",\"isPartOf\":{\"@id\":\"https:\\\/\\\/dev.tidee.mob-ion.net\\\/#website\"},\"datePublished\":\"2019-11-06T13:30:35+00:00\",\"dateModified\":\"2021-12-02T16:02:06+00:00\",\"description\":\"Notre entreprise de t\u00f4lerie fine r\u00e9alise un travail de pr\u00e9cision sur la t\u00f4le. D\u00e9couvrez nos diff\u00e9rents types de pliages, du plus simple au plus complexe.\",\"breadcrumb\":{\"@id\":\"https:\\\/\\\/dev.tidee.mob-ion.net\\\/index.php\\\/pliage-de-tole-industrielle\\\/#breadcrumb\"},\"inLanguage\":\"fr-FR\",\"potentialAction\":[{\"@type\":\"ReadAction\",\"target\":[\"https:\\\/\\\/dev.tidee.mob-ion.net\\\/index.php\\\/pliage-de-tole-industrielle\\\/\"]}]},{\"@type\":\"BreadcrumbList\",\"@id\":\"https:\\\/\\\/dev.tidee.mob-ion.net\\\/index.php\\\/pliage-de-tole-industrielle\\\/#breadcrumb\",\"itemListElement\":[{\"@type\":\"ListItem\",\"position\":1,\"name\":\"Accueil\",\"item\":\"https:\\\/\\\/dev.tidee.mob-ion.net\\\/\"},{\"@type\":\"ListItem\",\"position\":2,\"name\":\"Pliage de t\u00f4le industrielle\"}]},{\"@type\":\"WebSite\",\"@id\":\"https:\\\/\\\/dev.tidee.mob-ion.net\\\/#website\",\"url\":\"https:\\\/\\\/dev.tidee.mob-ion.net\\\/\",\"name\":\"Tidee tolerie fine m\u00e9tallerie\",\"description\":\"\",\"publisher\":{\"@id\":\"https:\\\/\\\/dev.tidee.mob-ion.net\\\/#organization\"},\"potentialAction\":[{\"@type\":\"SearchAction\",\"target\":{\"@type\":\"EntryPoint\",\"urlTemplate\":\"https:\\\/\\\/dev.tidee.mob-ion.net\\\/?s={search_term_string}\"},\"query-input\":{\"@type\":\"PropertyValueSpecification\",\"valueRequired\":true,\"valueName\":\"search_term_string\"}}],\"inLanguage\":\"fr-FR\"},{\"@type\":\"Organization\",\"@id\":\"https:\\\/\\\/dev.tidee.mob-ion.net\\\/#organization\",\"name\":\"Tidee\",\"url\":\"https:\\\/\\\/dev.tidee.mob-ion.net\\\/\",\"logo\":{\"@type\":\"ImageObject\",\"inLanguage\":\"fr-FR\",\"@id\":\"https:\\\/\\\/dev.tidee.mob-ion.net\\\/#\\\/schema\\\/logo\\\/image\\\/\",\"url\":\"https:\\\/\\\/dev.tidee.mob-ion.net\\\/wp-content\\\/uploads\\\/2019\\\/05\\\/tidee-logotype-basse-def.jpg\",\"contentUrl\":\"https:\\\/\\\/dev.tidee.mob-ion.net\\\/wp-content\\\/uploads\\\/2019\\\/05\\\/tidee-logotype-basse-def.jpg\",\"width\":474,\"height\":498,\"caption\":\"Tidee\"},\"image\":{\"@id\":\"https:\\\/\\\/dev.tidee.mob-ion.net\\\/#\\\/schema\\\/logo\\\/image\\\/\"},\"sameAs\":[\"https:\\\/\\\/www.facebook.com\\\/TideeTolerie\",\"https:\\\/\\\/x.com\\\/TideeTolerie\",\"https:\\\/\\\/www.linkedin.com\\\/company\\\/19162475\\\/\"]}]}<\/script>\n<!-- \/ Yoast SEO plugin. -->","yoast_head_json":{"title":"Pliage de t\u00f4le industrielle - Tidee Pliage de t\u00f4le industrielle : entreprise m\u00e9tallerie industrielle - Tidee","description":"Notre entreprise de t\u00f4lerie fine r\u00e9alise un travail de pr\u00e9cision sur la t\u00f4le. D\u00e9couvrez nos diff\u00e9rents types de pliages, du plus simple au plus complexe.","robots":{"index":"index","follow":"follow","max-snippet":"max-snippet:-1","max-image-preview":"max-image-preview:large","max-video-preview":"max-video-preview:-1"},"canonical":"https:\/\/dev.tidee.mob-ion.net\/index.php\/pliage-de-tole-industrielle\/","og_locale":"fr_FR","og_type":"article","og_title":"Pliage de t\u00f4le industrielle - Tidee Pliage de t\u00f4le industrielle : entreprise m\u00e9tallerie industrielle - Tidee","og_description":"Notre entreprise de t\u00f4lerie fine r\u00e9alise un travail de pr\u00e9cision sur la t\u00f4le. D\u00e9couvrez nos diff\u00e9rents types de pliages, du plus simple au plus complexe.","og_url":"https:\/\/dev.tidee.mob-ion.net\/index.php\/pliage-de-tole-industrielle\/","og_site_name":"Tidee","article_publisher":"https:\/\/www.facebook.com\/TideeTolerie","article_modified_time":"2021-12-02T16:02:06+00:00","twitter_card":"summary_large_image","twitter_site":"@TideeTolerie","twitter_misc":{"Dur\u00e9e de lecture estim\u00e9e":"4 minutes"},"schema":{"@context":"https:\/\/schema.org","@graph":[{"@type":"WebPage","@id":"https:\/\/dev.tidee.mob-ion.net\/index.php\/pliage-de-tole-industrielle\/","url":"https:\/\/dev.tidee.mob-ion.net\/index.php\/pliage-de-tole-industrielle\/","name":"Pliage de t\u00f4le industrielle - Tidee Pliage de t\u00f4le industrielle : entreprise m\u00e9tallerie industrielle - Tidee","isPartOf":{"@id":"https:\/\/dev.tidee.mob-ion.net\/#website"},"datePublished":"2019-11-06T13:30:35+00:00","dateModified":"2021-12-02T16:02:06+00:00","description":"Notre entreprise de t\u00f4lerie fine r\u00e9alise un travail de pr\u00e9cision sur la t\u00f4le. D\u00e9couvrez nos diff\u00e9rents types de pliages, du plus simple au plus complexe.","breadcrumb":{"@id":"https:\/\/dev.tidee.mob-ion.net\/index.php\/pliage-de-tole-industrielle\/#breadcrumb"},"inLanguage":"fr-FR","potentialAction":[{"@type":"ReadAction","target":["https:\/\/dev.tidee.mob-ion.net\/index.php\/pliage-de-tole-industrielle\/"]}]},{"@type":"BreadcrumbList","@id":"https:\/\/dev.tidee.mob-ion.net\/index.php\/pliage-de-tole-industrielle\/#breadcrumb","itemListElement":[{"@type":"ListItem","position":1,"name":"Accueil","item":"https:\/\/dev.tidee.mob-ion.net\/"},{"@type":"ListItem","position":2,"name":"Pliage de t\u00f4le industrielle"}]},{"@type":"WebSite","@id":"https:\/\/dev.tidee.mob-ion.net\/#website","url":"https:\/\/dev.tidee.mob-ion.net\/","name":"Tidee tolerie fine m\u00e9tallerie","description":"","publisher":{"@id":"https:\/\/dev.tidee.mob-ion.net\/#organization"},"potentialAction":[{"@type":"SearchAction","target":{"@type":"EntryPoint","urlTemplate":"https:\/\/dev.tidee.mob-ion.net\/?s={search_term_string}"},"query-input":{"@type":"PropertyValueSpecification","valueRequired":true,"valueName":"search_term_string"}}],"inLanguage":"fr-FR"},{"@type":"Organization","@id":"https:\/\/dev.tidee.mob-ion.net\/#organization","name":"Tidee","url":"https:\/\/dev.tidee.mob-ion.net\/","logo":{"@type":"ImageObject","inLanguage":"fr-FR","@id":"https:\/\/dev.tidee.mob-ion.net\/#\/schema\/logo\/image\/","url":"https:\/\/dev.tidee.mob-ion.net\/wp-content\/uploads\/2019\/05\/tidee-logotype-basse-def.jpg","contentUrl":"https:\/\/dev.tidee.mob-ion.net\/wp-content\/uploads\/2019\/05\/tidee-logotype-basse-def.jpg","width":474,"height":498,"caption":"Tidee"},"image":{"@id":"https:\/\/dev.tidee.mob-ion.net\/#\/schema\/logo\/image\/"},"sameAs":["https:\/\/www.facebook.com\/TideeTolerie","https:\/\/x.com\/TideeTolerie","https:\/\/www.linkedin.com\/company\/19162475\/"]}]}},"_links":{"self":[{"href":"https:\/\/dev.tidee.mob-ion.net\/index.php\/wp-json\/wp\/v2\/pages\/193","targetHints":{"allow":["GET"]}}],"collection":[{"href":"https:\/\/dev.tidee.mob-ion.net\/index.php\/wp-json\/wp\/v2\/pages"}],"about":[{"href":"https:\/\/dev.tidee.mob-ion.net\/index.php\/wp-json\/wp\/v2\/types\/page"}],"author":[{"embeddable":true,"href":"https:\/\/dev.tidee.mob-ion.net\/index.php\/wp-json\/wp\/v2\/users\/2"}],"replies":[{"embeddable":true,"href":"https:\/\/dev.tidee.mob-ion.net\/index.php\/wp-json\/wp\/v2\/comments?post=193"}],"version-history":[{"count":7,"href":"https:\/\/dev.tidee.mob-ion.net\/index.php\/wp-json\/wp\/v2\/pages\/193\/revisions"}],"predecessor-version":[{"id":300,"href":"https:\/\/dev.tidee.mob-ion.net\/index.php\/wp-json\/wp\/v2\/pages\/193\/revisions\/300"}],"wp:attachment":[{"href":"https:\/\/dev.tidee.mob-ion.net\/index.php\/wp-json\/wp\/v2\/media?parent=193"}],"curies":[{"name":"wp","href":"https:\/\/api.w.org\/{rel}","templated":true}]}}