{"id":135,"date":"2019-06-11T14:02:55","date_gmt":"2019-06-11T12:02:55","guid":{"rendered":"https:\/\/dev.tidee.mob-ion.net\/?page_id=135"},"modified":"2021-12-02T17:15:17","modified_gmt":"2021-12-02T16:15:17","slug":"contact","status":"publish","type":"page","link":"https:\/\/dev.tidee.mob-ion.net\/index.php\/contact\/","title":{"rendered":"Contact"},"content":{"rendered":"\t\t<div data-elementor-type=\"wp-post\" data-elementor-id=\"135\" class=\"elementor elementor-135\">\n\t\t\t\t\t\t<section class=\"elementor-section elementor-top-section elementor-element elementor-element-fc1c2c3 elementor-section-boxed elementor-section-height-default elementor-section-height-default\" data-id=\"fc1c2c3\" data-element_type=\"section\" data-e-type=\"section\">\n\t\t\t\t\t\t<div class=\"elementor-container elementor-column-gap-default\">\n\t\t\t\t\t<div class=\"elementor-column elementor-col-50 elementor-top-column elementor-element elementor-element-e7d2f3c\" data-id=\"e7d2f3c\" data-element_type=\"column\" data-e-type=\"column\">\n\t\t\t<div class=\"elementor-widget-wrap elementor-element-populated\">\n\t\t\t\t\t\t<div class=\"elementor-element elementor-element-6ac30ba elementor-widget elementor-widget-google_maps\" data-id=\"6ac30ba\" data-element_type=\"widget\" data-e-type=\"widget\" data-widget_type=\"google_maps.default\">\n\t\t\t\t<div class=\"elementor-widget-container\">\n\t\t\t\t\t\t\t<div class=\"elementor-custom-embed\">\n\t\t\t<iframe loading=\"lazy\"\n\t\t\t\t\tsrc=\"https:\/\/maps.google.com\/maps?q=570%20rue%20de%20Robbe%2C%2002120%20Guise&#038;t=m&#038;z=7&#038;output=embed&#038;iwloc=near\"\n\t\t\t\t\ttitle=\"570 rue de Robbe, 02120 Guise\"\n\t\t\t\t\taria-label=\"570 rue de Robbe, 02120 Guise\"\n\t\t\t><\/iframe>\n\t\t<\/div>\n\t\t\t\t\t\t<\/div>\n\t\t\t\t<\/div>\n\t\t\t\t\t<\/div>\n\t\t<\/div>\n\t\t\t\t<div class=\"elementor-column elementor-col-50 elementor-top-column elementor-element elementor-element-ea1a5da\" data-id=\"ea1a5da\" data-element_type=\"column\" data-e-type=\"column\">\n\t\t\t<div class=\"elementor-widget-wrap elementor-element-populated\">\n\t\t\t\t\t\t<div class=\"elementor-element elementor-element-968cb45 elementor-widget elementor-widget-text-editor\" data-id=\"968cb45\" data-element_type=\"widget\" data-e-type=\"widget\" data-widget_type=\"text-editor.default\">\n\t\t\t\t<div class=\"elementor-widget-container\">\n\t\t\t\t\t\t\t\t\t<h3>Tidee<\/h3><p>570 rue de Robbe<br \/>02120 GUISE\u00a0<br \/>FRANCE<\/p><p>+33 (0)3 75 21 00 45<\/p><p>contact@tidee.fr<\/p>\t\t\t\t\t\t\t\t<\/div>\n\t\t\t\t<\/div>\n\t\t\t\t\t<\/div>\n\t\t<\/div>\n\t\t\t\t\t<\/div>\n\t\t<\/section>\n\t\t\t\t<section class=\"elementor-section elementor-top-section elementor-element elementor-element-966d9f4 elementor-section-boxed elementor-section-height-default elementor-section-height-default\" data-id=\"966d9f4\" data-element_type=\"section\" data-e-type=\"section\">\n\t\t\t\t\t\t<div class=\"elementor-container elementor-column-gap-default\">\n\t\t\t\t\t<div class=\"elementor-column elementor-col-100 elementor-top-column elementor-element elementor-element-7f2e251\" data-id=\"7f2e251\" data-element_type=\"column\" data-e-type=\"column\">\n\t\t\t<div class=\"elementor-widget-wrap elementor-element-populated\">\n\t\t\t\t\t\t<div class=\"elementor-element elementor-element-465df13 elementor-widget elementor-widget-text-editor\" data-id=\"465df13\" data-element_type=\"widget\" data-e-type=\"widget\" data-widget_type=\"text-editor.default\">\n\t\t\t\t<div class=\"elementor-widget-container\">\n\t\t\t\t\t\t\t\t\t<p>Vous voulez nous poser une question ? Vous cherchez des informations sur le domaine de la t\u00f4lerie, nos offres de stage et d&#8217;emploi ? Vous avez des besoins en transformation du m\u00e9tal, vous \u00eates clients et souhaitez des renseignements ou chiffrer une prestation ?<br \/>S\u00e9lectionnez l&rsquo;objet de votre demande et suivez les instructions.<\/p>\t\t\t\t\t\t\t\t<\/div>\n\t\t\t\t<\/div>\n\t\t\t\t\t<\/div>\n\t\t<\/div>\n\t\t\t\t\t<\/div>\n\t\t<\/section>\n\t\t\t\t<section class=\"elementor-section elementor-top-section elementor-element elementor-element-abc2af6 elementor-section-boxed elementor-section-height-default elementor-section-height-default\" data-id=\"abc2af6\" data-element_type=\"section\" data-e-type=\"section\">\n\t\t\t\t\t\t<div class=\"elementor-container elementor-column-gap-default\">\n\t\t\t\t\t<div class=\"elementor-column elementor-col-100 elementor-top-column elementor-element elementor-element-a66ac4f\" data-id=\"a66ac4f\" data-element_type=\"column\" data-e-type=\"column\">\n\t\t\t<div class=\"elementor-widget-wrap elementor-element-populated\">\n\t\t\t\t\t\t<div class=\"elementor-element elementor-element-9cd77b4 elementor-widget elementor-widget-shortcode\" data-id=\"9cd77b4\" data-element_type=\"widget\" data-e-type=\"widget\" data-widget_type=\"shortcode.default\">\n\t\t\t\t<div class=\"elementor-widget-container\">\n\t\t\t\t\t\t\t<div class=\"elementor-shortcode\"><div class=\"wpforms-container wpforms-container-full\" id=\"wpforms-139\"><form id=\"wpforms-form-139\" class=\"wpforms-validate wpforms-form\" data-formid=\"139\" method=\"post\" enctype=\"multipart\/form-data\" action=\"\/index.php\/wp-json\/wp\/v2\/pages\/135\" data-token=\"b60d584738090a78f42cb45931c1f614\" data-token-time=\"1778127487\"><noscript class=\"wpforms-error-noscript\">Veuillez activer JavaScript dans votre navigateur pour remplir ce formulaire.<\/noscript><div class=\"wpforms-field-container\"><div id=\"wpforms-139-field_0-container\" class=\"wpforms-field wpforms-field-name\" data-field-id=\"0\"><label class=\"wpforms-field-label\">Nom <span class=\"wpforms-required-label\">*<\/span><\/label><div class=\"wpforms-field-row wpforms-field-medium\"><div class=\"wpforms-field-row-block wpforms-first wpforms-one-half\"><input type=\"text\" id=\"wpforms-139-field_0\" class=\"wpforms-field-name-first wpforms-field-required\" name=\"wpforms[fields][0][first]\" required><label for=\"wpforms-139-field_0\" class=\"wpforms-field-sublabel after\">Pr\u00e9nom<\/label><\/div><div class=\"wpforms-field-row-block wpforms-one-half\"><input type=\"text\" id=\"wpforms-139-field_0-last\" class=\"wpforms-field-name-last wpforms-field-required\" name=\"wpforms[fields][0][last]\" required><label for=\"wpforms-139-field_0-last\" class=\"wpforms-field-sublabel after\">Nom<\/label><\/div><\/div><\/div><div id=\"wpforms-139-field_6-container\" class=\"wpforms-field wpforms-field-name\" data-field-id=\"6\"><label class=\"wpforms-field-label\" for=\"wpforms-139-field_6\">Entreprise et fonction <span class=\"wpforms-required-label\">*<\/span><\/label><input type=\"text\" id=\"wpforms-139-field_6\" class=\"wpforms-field-medium wpforms-field-required\" name=\"wpforms[fields][6]\" required><\/div><div id=\"wpforms-139-field_1-container\" class=\"wpforms-field wpforms-field-email\" data-field-id=\"1\"><label class=\"wpforms-field-label\" for=\"wpforms-139-field_1\">E-mail <span class=\"wpforms-required-label\">*<\/span><\/label><input type=\"email\" id=\"wpforms-139-field_1\" class=\"wpforms-field-medium wpforms-field-required\" name=\"wpforms[fields][1]\" spellcheck=\"false\" required><\/div><div id=\"wpforms-139-field_4-container\" class=\"wpforms-field wpforms-field-select\" data-field-id=\"4\"><label class=\"wpforms-field-label\" for=\"wpforms-139-field_4\">Sujet <span class=\"wpforms-required-label\">*<\/span><\/label><select id=\"wpforms-139-field_4\" class=\"wpforms-field-medium wpforms-field-required\" name=\"wpforms[fields][4]\" required=\"required\"><option value=\"Renseignement et chiffrage\"  class=\"choice-1 depth-1\"  >Renseignement et chiffrage<\/option><option value=\"Recrutement (stages et emplois)\"  class=\"choice-2 depth-1\"  >Recrutement (stages et emplois)<\/option><option value=\"Fournisseur\"  class=\"choice-3 depth-1\"  >Fournisseur<\/option><\/select><\/div><div id=\"wpforms-139-field_2-container\" class=\"wpforms-field wpforms-field-textarea\" data-field-id=\"2\"><label class=\"wpforms-field-label\" for=\"wpforms-139-field_2\">Message <span class=\"wpforms-required-label\">*<\/span><\/label><textarea id=\"wpforms-139-field_2\" class=\"wpforms-field-medium wpforms-field-required\" name=\"wpforms[fields][2]\" required><\/textarea><\/div><\/div><!-- .wpforms-field-container --><div class=\"wpforms-field wpforms-field-hp\"><label for=\"wpforms-139-field-hp\" class=\"wpforms-field-label\">Email<\/label><input type=\"text\" name=\"wpforms[hp]\" id=\"wpforms-139-field-hp\" class=\"wpforms-field-medium\"><\/div><div class=\"wpforms-submit-container\" ><input type=\"hidden\" name=\"wpforms[id]\" value=\"139\"><input type=\"hidden\" name=\"page_title\" value=\"\"><input type=\"hidden\" name=\"page_url\" value=\"https:\/\/dev.tidee.mob-ion.net\/index.php\/wp-json\/wp\/v2\/pages\/135\"><input type=\"hidden\" name=\"url_referer\" value=\"\"><button type=\"submit\" name=\"wpforms[submit]\" id=\"wpforms-submit-139\" class=\"wpforms-submit\" data-alt-text=\"Envoi...\" data-submit-text=\"Envoyer\" aria-live=\"assertive\" value=\"wpforms-submit\">Envoyer<\/button><\/div><\/form><\/div>  <!-- .wpforms-container --><\/div>\n\t\t\t\t\t\t<\/div>\n\t\t\t\t<\/div>\n\t\t\t\t\t<\/div>\n\t\t<\/div>\n\t\t\t\t\t<\/div>\n\t\t<\/section>\n\t\t\t\t<\/div>\n\t\t","protected":false},"excerpt":{"rendered":"<p>Tidee 570 rue de Robbe02120 GUISE\u00a0FRANCE +33 (0)3 75 21 00 45 contact@tidee.fr Vous voulez nous poser une question ? Vous cherchez des informations sur le domaine de la t\u00f4lerie, nos offres de stage et d&#8217;emploi ? Vous avez des besoins en transformation du m\u00e9tal, vous \u00eates clients et souhaitez des renseignements ou chiffrer une&hellip; <br \/> <a class=\"button small blue\" href=\"https:\/\/dev.tidee.mob-ion.net\/index.php\/contact\/\">Lire la suite<\/a><\/p>\n","protected":false},"author":2,"featured_media":0,"parent":0,"menu_order":0,"comment_status":"closed","ping_status":"closed","template":"","meta":{"footnotes":""},"class_list":["post-135","page","type-page","status-publish","hentry"],"yoast_head":"<!-- This site is optimized with the Yoast SEO plugin v27.5 - https:\/\/yoast.com\/product\/yoast-seo-wordpress\/ -->\n<title>Contact - Tidee<\/title>\n<meta name=\"robots\" content=\"index, follow, max-snippet:-1, max-image-preview:large, max-video-preview:-1\" \/>\n<link rel=\"canonical\" href=\"https:\/\/dev.tidee.mob-ion.net\/index.php\/contact\/\" \/>\n<meta property=\"og:locale\" content=\"fr_FR\" \/>\n<meta property=\"og:type\" content=\"article\" \/>\n<meta property=\"og:title\" content=\"Contact - Tidee\" \/>\n<meta property=\"og:description\" content=\"Tidee 570 rue de Robbe02120 GUISE\u00a0FRANCE +33 (0)3 75 21 00 45 contact@tidee.fr Vous voulez nous poser une question ? Vous cherchez des informations sur le domaine de la t\u00f4lerie, nos offres de stage et d&#8217;emploi ? Vous avez des besoins en transformation du m\u00e9tal, vous \u00eates clients et souhaitez des renseignements ou chiffrer une&hellip; Lire la suite\" \/>\n<meta property=\"og:url\" content=\"https:\/\/dev.tidee.mob-ion.net\/index.php\/contact\/\" \/>\n<meta property=\"og:site_name\" content=\"Tidee\" \/>\n<meta property=\"article:publisher\" content=\"https:\/\/www.facebook.com\/TideeTolerie\" \/>\n<meta property=\"article:modified_time\" content=\"2021-12-02T16:15:17+00:00\" \/>\n<meta name=\"twitter:card\" content=\"summary_large_image\" \/>\n<meta name=\"twitter:site\" content=\"@TideeTolerie\" \/>\n<meta name=\"twitter:label1\" content=\"Dur\u00e9e de lecture estim\u00e9e\" \/>\n\t<meta name=\"twitter:data1\" content=\"1 minute\" \/>\n<script type=\"application\/ld+json\" class=\"yoast-schema-graph\">{\"@context\":\"https:\\\/\\\/schema.org\",\"@graph\":[{\"@type\":\"WebPage\",\"@id\":\"https:\\\/\\\/dev.tidee.mob-ion.net\\\/index.php\\\/contact\\\/\",\"url\":\"https:\\\/\\\/dev.tidee.mob-ion.net\\\/index.php\\\/contact\\\/\",\"name\":\"Contact - Tidee\",\"isPartOf\":{\"@id\":\"https:\\\/\\\/dev.tidee.mob-ion.net\\\/#website\"},\"datePublished\":\"2019-06-11T12:02:55+00:00\",\"dateModified\":\"2021-12-02T16:15:17+00:00\",\"breadcrumb\":{\"@id\":\"https:\\\/\\\/dev.tidee.mob-ion.net\\\/index.php\\\/contact\\\/#breadcrumb\"},\"inLanguage\":\"fr-FR\",\"potentialAction\":[{\"@type\":\"ReadAction\",\"target\":[\"https:\\\/\\\/dev.tidee.mob-ion.net\\\/index.php\\\/contact\\\/\"]}]},{\"@type\":\"BreadcrumbList\",\"@id\":\"https:\\\/\\\/dev.tidee.mob-ion.net\\\/index.php\\\/contact\\\/#breadcrumb\",\"itemListElement\":[{\"@type\":\"ListItem\",\"position\":1,\"name\":\"Accueil\",\"item\":\"https:\\\/\\\/dev.tidee.mob-ion.net\\\/\"},{\"@type\":\"ListItem\",\"position\":2,\"name\":\"Contact\"}]},{\"@type\":\"WebSite\",\"@id\":\"https:\\\/\\\/dev.tidee.mob-ion.net\\\/#website\",\"url\":\"https:\\\/\\\/dev.tidee.mob-ion.net\\\/\",\"name\":\"Tidee tolerie fine m\u00e9tallerie\",\"description\":\"\",\"publisher\":{\"@id\":\"https:\\\/\\\/dev.tidee.mob-ion.net\\\/#organization\"},\"potentialAction\":[{\"@type\":\"SearchAction\",\"target\":{\"@type\":\"EntryPoint\",\"urlTemplate\":\"https:\\\/\\\/dev.tidee.mob-ion.net\\\/?s={search_term_string}\"},\"query-input\":{\"@type\":\"PropertyValueSpecification\",\"valueRequired\":true,\"valueName\":\"search_term_string\"}}],\"inLanguage\":\"fr-FR\"},{\"@type\":\"Organization\",\"@id\":\"https:\\\/\\\/dev.tidee.mob-ion.net\\\/#organization\",\"name\":\"Tidee\",\"url\":\"https:\\\/\\\/dev.tidee.mob-ion.net\\\/\",\"logo\":{\"@type\":\"ImageObject\",\"inLanguage\":\"fr-FR\",\"@id\":\"https:\\\/\\\/dev.tidee.mob-ion.net\\\/#\\\/schema\\\/logo\\\/image\\\/\",\"url\":\"https:\\\/\\\/dev.tidee.mob-ion.net\\\/wp-content\\\/uploads\\\/2019\\\/05\\\/tidee-logotype-basse-def.jpg\",\"contentUrl\":\"https:\\\/\\\/dev.tidee.mob-ion.net\\\/wp-content\\\/uploads\\\/2019\\\/05\\\/tidee-logotype-basse-def.jpg\",\"width\":474,\"height\":498,\"caption\":\"Tidee\"},\"image\":{\"@id\":\"https:\\\/\\\/dev.tidee.mob-ion.net\\\/#\\\/schema\\\/logo\\\/image\\\/\"},\"sameAs\":[\"https:\\\/\\\/www.facebook.com\\\/TideeTolerie\",\"https:\\\/\\\/x.com\\\/TideeTolerie\",\"https:\\\/\\\/www.linkedin.com\\\/company\\\/19162475\\\/\"]}]}<\/script>\n<!-- \/ Yoast SEO plugin. -->","yoast_head_json":{"title":"Contact - Tidee","robots":{"index":"index","follow":"follow","max-snippet":"max-snippet:-1","max-image-preview":"max-image-preview:large","max-video-preview":"max-video-preview:-1"},"canonical":"https:\/\/dev.tidee.mob-ion.net\/index.php\/contact\/","og_locale":"fr_FR","og_type":"article","og_title":"Contact - Tidee","og_description":"Tidee 570 rue de Robbe02120 GUISE\u00a0FRANCE +33 (0)3 75 21 00 45 contact@tidee.fr Vous voulez nous poser une question ? Vous cherchez des informations sur le domaine de la t\u00f4lerie, nos offres de stage et d&#8217;emploi ? Vous avez des besoins en transformation du m\u00e9tal, vous \u00eates clients et souhaitez des renseignements ou chiffrer une&hellip; Lire la suite","og_url":"https:\/\/dev.tidee.mob-ion.net\/index.php\/contact\/","og_site_name":"Tidee","article_publisher":"https:\/\/www.facebook.com\/TideeTolerie","article_modified_time":"2021-12-02T16:15:17+00:00","twitter_card":"summary_large_image","twitter_site":"@TideeTolerie","twitter_misc":{"Dur\u00e9e de lecture estim\u00e9e":"1 minute"},"schema":{"@context":"https:\/\/schema.org","@graph":[{"@type":"WebPage","@id":"https:\/\/dev.tidee.mob-ion.net\/index.php\/contact\/","url":"https:\/\/dev.tidee.mob-ion.net\/index.php\/contact\/","name":"Contact - Tidee","isPartOf":{"@id":"https:\/\/dev.tidee.mob-ion.net\/#website"},"datePublished":"2019-06-11T12:02:55+00:00","dateModified":"2021-12-02T16:15:17+00:00","breadcrumb":{"@id":"https:\/\/dev.tidee.mob-ion.net\/index.php\/contact\/#breadcrumb"},"inLanguage":"fr-FR","potentialAction":[{"@type":"ReadAction","target":["https:\/\/dev.tidee.mob-ion.net\/index.php\/contact\/"]}]},{"@type":"BreadcrumbList","@id":"https:\/\/dev.tidee.mob-ion.net\/index.php\/contact\/#breadcrumb","itemListElement":[{"@type":"ListItem","position":1,"name":"Accueil","item":"https:\/\/dev.tidee.mob-ion.net\/"},{"@type":"ListItem","position":2,"name":"Contact"}]},{"@type":"WebSite","@id":"https:\/\/dev.tidee.mob-ion.net\/#website","url":"https:\/\/dev.tidee.mob-ion.net\/","name":"Tidee tolerie fine m\u00e9tallerie","description":"","publisher":{"@id":"https:\/\/dev.tidee.mob-ion.net\/#organization"},"potentialAction":[{"@type":"SearchAction","target":{"@type":"EntryPoint","urlTemplate":"https:\/\/dev.tidee.mob-ion.net\/?s={search_term_string}"},"query-input":{"@type":"PropertyValueSpecification","valueRequired":true,"valueName":"search_term_string"}}],"inLanguage":"fr-FR"},{"@type":"Organization","@id":"https:\/\/dev.tidee.mob-ion.net\/#organization","name":"Tidee","url":"https:\/\/dev.tidee.mob-ion.net\/","logo":{"@type":"ImageObject","inLanguage":"fr-FR","@id":"https:\/\/dev.tidee.mob-ion.net\/#\/schema\/logo\/image\/","url":"https:\/\/dev.tidee.mob-ion.net\/wp-content\/uploads\/2019\/05\/tidee-logotype-basse-def.jpg","contentUrl":"https:\/\/dev.tidee.mob-ion.net\/wp-content\/uploads\/2019\/05\/tidee-logotype-basse-def.jpg","width":474,"height":498,"caption":"Tidee"},"image":{"@id":"https:\/\/dev.tidee.mob-ion.net\/#\/schema\/logo\/image\/"},"sameAs":["https:\/\/www.facebook.com\/TideeTolerie","https:\/\/x.com\/TideeTolerie","https:\/\/www.linkedin.com\/company\/19162475\/"]}]}},"_links":{"self":[{"href":"https:\/\/dev.tidee.mob-ion.net\/index.php\/wp-json\/wp\/v2\/pages\/135","targetHints":{"allow":["GET"]}}],"collection":[{"href":"https:\/\/dev.tidee.mob-ion.net\/index.php\/wp-json\/wp\/v2\/pages"}],"about":[{"href":"https:\/\/dev.tidee.mob-ion.net\/index.php\/wp-json\/wp\/v2\/types\/page"}],"author":[{"embeddable":true,"href":"https:\/\/dev.tidee.mob-ion.net\/index.php\/wp-json\/wp\/v2\/users\/2"}],"replies":[{"embeddable":true,"href":"https:\/\/dev.tidee.mob-ion.net\/index.php\/wp-json\/wp\/v2\/comments?post=135"}],"version-history":[{"count":12,"href":"https:\/\/dev.tidee.mob-ion.net\/index.php\/wp-json\/wp\/v2\/pages\/135\/revisions"}],"predecessor-version":[{"id":333,"href":"https:\/\/dev.tidee.mob-ion.net\/index.php\/wp-json\/wp\/v2\/pages\/135\/revisions\/333"}],"wp:attachment":[{"href":"https:\/\/dev.tidee.mob-ion.net\/index.php\/wp-json\/wp\/v2\/media?parent=135"}],"curies":[{"name":"wp","href":"https:\/\/api.w.org\/{rel}","templated":true}]}}