{"id":123,"date":"2019-06-11T11:41:33","date_gmt":"2019-06-11T09:41:33","guid":{"rendered":"https:\/\/dev.tidee.mob-ion.net\/?page_id=123"},"modified":"2021-12-02T17:14:58","modified_gmt":"2021-12-02T16:14:58","slug":"capacites-et-savoir-faire","status":"publish","type":"page","link":"https:\/\/dev.tidee.mob-ion.net\/index.php\/capacites-et-savoir-faire\/","title":{"rendered":"Capacit\u00e9s et savoir-faire"},"content":{"rendered":"\t\t<div data-elementor-type=\"wp-post\" data-elementor-id=\"123\" class=\"elementor elementor-123\">\n\t\t\t\t\t\t<section class=\"elementor-section elementor-top-section elementor-element elementor-element-f914c4f elementor-section-boxed elementor-section-height-default elementor-section-height-default\" data-id=\"f914c4f\" data-element_type=\"section\" data-e-type=\"section\">\n\t\t\t\t\t\t<div class=\"elementor-container elementor-column-gap-default\">\n\t\t\t\t\t<div class=\"elementor-column elementor-col-100 elementor-top-column elementor-element elementor-element-de51e8e\" data-id=\"de51e8e\" data-element_type=\"column\" data-e-type=\"column\">\n\t\t\t<div class=\"elementor-widget-wrap elementor-element-populated\">\n\t\t\t\t\t\t<div class=\"elementor-element elementor-element-3112d2a elementor-widget elementor-widget-heading\" data-id=\"3112d2a\" data-element_type=\"widget\" data-e-type=\"widget\" data-widget_type=\"heading.default\">\n\t\t\t\t<div class=\"elementor-widget-container\">\n\t\t\t\t\t<h2 class=\"elementor-heading-title elementor-size-default\">Des capacit\u00e9s majeures<\/h2>\t\t\t\t<\/div>\n\t\t\t\t<\/div>\n\t\t\t\t\t<\/div>\n\t\t<\/div>\n\t\t\t\t\t<\/div>\n\t\t<\/section>\n\t\t\t\t<section class=\"elementor-section elementor-top-section elementor-element elementor-element-b3adbd8 elementor-section-boxed elementor-section-height-default elementor-section-height-default\" data-id=\"b3adbd8\" data-element_type=\"section\" data-e-type=\"section\">\n\t\t\t\t\t\t<div class=\"elementor-container elementor-column-gap-default\">\n\t\t\t\t\t<div class=\"elementor-column elementor-col-50 elementor-top-column elementor-element elementor-element-7a6faf6\" data-id=\"7a6faf6\" data-element_type=\"column\" data-e-type=\"column\">\n\t\t\t<div class=\"elementor-widget-wrap elementor-element-populated\">\n\t\t\t\t\t\t<div class=\"elementor-element elementor-element-d9dffde elementor-widget elementor-widget-text-editor\" data-id=\"d9dffde\" data-element_type=\"widget\" data-e-type=\"widget\" data-widget_type=\"text-editor.default\">\n\t\t\t\t<div class=\"elementor-widget-container\">\n\t\t\t\t\t\t\t\t\t<ul><li>4 Lignes de coupe (27 Formats de bobines de 128 \u00e0 1225 mm)<\/li><li>Secteur num\u00e9rique<ul><li><strong>cisailles<\/strong><\/li><li><strong>poin\u00e7onneuses<\/strong><\/li><li><strong>plieuses AMADA<\/strong><\/li><\/ul><\/li><li>Secteur panneautage automatique<ul><li><strong>panneauteuses SALVAGNINI<\/strong><\/li><\/ul><\/li><li>Secteur peinture<ul><li><strong>Cha\u00eene de peinture poudre avec 2 technologies d&rsquo;application (INOBELL,\u00a0AUTO MACH JET), capacit\u00e9 nominale 1000m\u00b2\/heure<\/strong><\/li><li><strong>\u00a0Cabine proto<\/strong><\/li><\/ul><\/li><li>Secteur soudure<ul><li><strong>soudure manuelle<\/strong><\/li><li><strong>soudure robotis\u00e9e<\/strong><\/li><\/ul><\/li><li>Secteur logistique et exp\u00e9dition :<ul><li><strong>plus de 10 000 m\u00b2<\/strong><\/li><li><strong>6 quais de chargement<\/strong><\/li><\/ul><\/li><\/ul>\t\t\t\t\t\t\t\t<\/div>\n\t\t\t\t<\/div>\n\t\t\t\t\t<\/div>\n\t\t<\/div>\n\t\t\t\t<div class=\"elementor-column elementor-col-50 elementor-top-column elementor-element elementor-element-08c7cc3\" data-id=\"08c7cc3\" data-element_type=\"column\" data-e-type=\"column\">\n\t\t\t<div class=\"elementor-widget-wrap elementor-element-populated\">\n\t\t\t\t\t\t<div class=\"elementor-element elementor-element-1903414 elementor-widget elementor-widget-image\" data-id=\"1903414\" data-element_type=\"widget\" data-e-type=\"widget\" data-widget_type=\"image.default\">\n\t\t\t\t<div class=\"elementor-widget-container\">\n\t\t\t\t\t\t\t\t\t\t\t\t\t\t\t<img fetchpriority=\"high\" decoding=\"async\" width=\"1024\" height=\"576\" src=\"https:\/\/dev.tidee.mob-ion.net\/wp-content\/uploads\/2019\/06\/tidee-salvagnini-1024x576.jpg\" class=\"attachment-large size-large wp-image-127\" alt=\"\" srcset=\"https:\/\/dev.tidee.mob-ion.net\/wp-content\/uploads\/2019\/06\/tidee-salvagnini-1024x576.jpg 1024w, https:\/\/dev.tidee.mob-ion.net\/wp-content\/uploads\/2019\/06\/tidee-salvagnini-300x169.jpg 300w, https:\/\/dev.tidee.mob-ion.net\/wp-content\/uploads\/2019\/06\/tidee-salvagnini-768x432.jpg 768w, https:\/\/dev.tidee.mob-ion.net\/wp-content\/uploads\/2019\/06\/tidee-salvagnini.jpg 1920w\" sizes=\"(max-width: 1024px) 100vw, 1024px\" \/>\t\t\t\t\t\t\t\t\t\t\t\t\t\t\t<\/div>\n\t\t\t\t<\/div>\n\t\t\t\t\t<\/div>\n\t\t<\/div>\n\t\t\t\t\t<\/div>\n\t\t<\/section>\n\t\t\t\t<section class=\"elementor-section elementor-top-section elementor-element elementor-element-9750670 elementor-section-boxed elementor-section-height-default elementor-section-height-default\" data-id=\"9750670\" data-element_type=\"section\" data-e-type=\"section\">\n\t\t\t\t\t\t<div class=\"elementor-container elementor-column-gap-default\">\n\t\t\t\t\t<div class=\"elementor-column elementor-col-50 elementor-top-column elementor-element elementor-element-aecf8be\" data-id=\"aecf8be\" data-element_type=\"column\" data-e-type=\"column\">\n\t\t\t<div class=\"elementor-widget-wrap elementor-element-populated\">\n\t\t\t\t\t\t<div class=\"elementor-element elementor-element-a72baa0 elementor-widget elementor-widget-image\" data-id=\"a72baa0\" data-element_type=\"widget\" data-e-type=\"widget\" data-widget_type=\"image.default\">\n\t\t\t\t<div class=\"elementor-widget-container\">\n\t\t\t\t\t\t\t\t\t\t\t\t\t\t\t<img decoding=\"async\" width=\"1024\" height=\"576\" src=\"https:\/\/dev.tidee.mob-ion.net\/wp-content\/uploads\/2019\/06\/tidee-parc3-1024x576.jpg\" class=\"attachment-large size-large wp-image-131\" alt=\"\" srcset=\"https:\/\/dev.tidee.mob-ion.net\/wp-content\/uploads\/2019\/06\/tidee-parc3-1024x576.jpg 1024w, https:\/\/dev.tidee.mob-ion.net\/wp-content\/uploads\/2019\/06\/tidee-parc3-300x169.jpg 300w, https:\/\/dev.tidee.mob-ion.net\/wp-content\/uploads\/2019\/06\/tidee-parc3-768x432.jpg 768w, https:\/\/dev.tidee.mob-ion.net\/wp-content\/uploads\/2019\/06\/tidee-parc3.jpg 1920w\" sizes=\"(max-width: 1024px) 100vw, 1024px\" \/>\t\t\t\t\t\t\t\t\t\t\t\t\t\t\t<\/div>\n\t\t\t\t<\/div>\n\t\t\t\t\t<\/div>\n\t\t<\/div>\n\t\t\t\t<div class=\"elementor-column elementor-col-50 elementor-top-column elementor-element elementor-element-eb2e258\" data-id=\"eb2e258\" data-element_type=\"column\" data-e-type=\"column\">\n\t\t\t<div class=\"elementor-widget-wrap elementor-element-populated\">\n\t\t\t\t\t\t<div class=\"elementor-element elementor-element-56484cd elementor-widget elementor-widget-image\" data-id=\"56484cd\" data-element_type=\"widget\" data-e-type=\"widget\" data-widget_type=\"image.default\">\n\t\t\t\t<div class=\"elementor-widget-container\">\n\t\t\t\t\t\t\t\t\t\t\t\t\t\t\t<img decoding=\"async\" width=\"1024\" height=\"576\" src=\"https:\/\/dev.tidee.mob-ion.net\/wp-content\/uploads\/2019\/06\/tidee-parc2-1024x576.jpg\" class=\"attachment-large size-large wp-image-130\" alt=\"\" srcset=\"https:\/\/dev.tidee.mob-ion.net\/wp-content\/uploads\/2019\/06\/tidee-parc2-1024x576.jpg 1024w, https:\/\/dev.tidee.mob-ion.net\/wp-content\/uploads\/2019\/06\/tidee-parc2-300x169.jpg 300w, https:\/\/dev.tidee.mob-ion.net\/wp-content\/uploads\/2019\/06\/tidee-parc2-768x432.jpg 768w, https:\/\/dev.tidee.mob-ion.net\/wp-content\/uploads\/2019\/06\/tidee-parc2.jpg 1920w\" sizes=\"(max-width: 1024px) 100vw, 1024px\" \/>\t\t\t\t\t\t\t\t\t\t\t\t\t\t\t<\/div>\n\t\t\t\t<\/div>\n\t\t\t\t\t<\/div>\n\t\t<\/div>\n\t\t\t\t\t<\/div>\n\t\t<\/section>\n\t\t\t\t<section class=\"elementor-section elementor-top-section elementor-element elementor-element-30345e1 elementor-section-boxed elementor-section-height-default elementor-section-height-default\" data-id=\"30345e1\" data-element_type=\"section\" data-e-type=\"section\">\n\t\t\t\t\t\t<div class=\"elementor-container elementor-column-gap-default\">\n\t\t\t\t\t<div class=\"elementor-column elementor-col-50 elementor-top-column elementor-element elementor-element-610c786\" data-id=\"610c786\" data-element_type=\"column\" data-e-type=\"column\">\n\t\t\t<div class=\"elementor-widget-wrap elementor-element-populated\">\n\t\t\t\t\t\t<div class=\"elementor-element elementor-element-7319383 elementor-widget elementor-widget-image\" data-id=\"7319383\" data-element_type=\"widget\" data-e-type=\"widget\" data-widget_type=\"image.default\">\n\t\t\t\t<div class=\"elementor-widget-container\">\n\t\t\t\t\t\t\t\t\t\t\t\t\t\t\t<img loading=\"lazy\" decoding=\"async\" width=\"1024\" height=\"576\" src=\"https:\/\/dev.tidee.mob-ion.net\/wp-content\/uploads\/2019\/06\/tidee-parc1-1024x576.jpg\" class=\"attachment-large size-large wp-image-129\" alt=\"\" srcset=\"https:\/\/dev.tidee.mob-ion.net\/wp-content\/uploads\/2019\/06\/tidee-parc1-1024x576.jpg 1024w, https:\/\/dev.tidee.mob-ion.net\/wp-content\/uploads\/2019\/06\/tidee-parc1-300x169.jpg 300w, https:\/\/dev.tidee.mob-ion.net\/wp-content\/uploads\/2019\/06\/tidee-parc1-768x432.jpg 768w, https:\/\/dev.tidee.mob-ion.net\/wp-content\/uploads\/2019\/06\/tidee-parc1.jpg 1920w\" sizes=\"(max-width: 1024px) 100vw, 1024px\" \/>\t\t\t\t\t\t\t\t\t\t\t\t\t\t\t<\/div>\n\t\t\t\t<\/div>\n\t\t\t\t\t<\/div>\n\t\t<\/div>\n\t\t\t\t<div class=\"elementor-column elementor-col-50 elementor-top-column elementor-element elementor-element-e0d846a\" data-id=\"e0d846a\" data-element_type=\"column\" data-e-type=\"column\">\n\t\t\t<div class=\"elementor-widget-wrap elementor-element-populated\">\n\t\t\t\t\t\t<div class=\"elementor-element elementor-element-4183adb elementor-widget elementor-widget-image\" data-id=\"4183adb\" data-element_type=\"widget\" data-e-type=\"widget\" data-widget_type=\"image.default\">\n\t\t\t\t<div class=\"elementor-widget-container\">\n\t\t\t\t\t\t\t\t\t\t\t\t\t\t\t<img loading=\"lazy\" decoding=\"async\" width=\"1024\" height=\"576\" src=\"https:\/\/dev.tidee.mob-ion.net\/wp-content\/uploads\/2019\/06\/tidee-parc4-1024x576.jpg\" class=\"attachment-large size-large wp-image-132\" alt=\"\" srcset=\"https:\/\/dev.tidee.mob-ion.net\/wp-content\/uploads\/2019\/06\/tidee-parc4-1024x576.jpg 1024w, https:\/\/dev.tidee.mob-ion.net\/wp-content\/uploads\/2019\/06\/tidee-parc4-300x169.jpg 300w, https:\/\/dev.tidee.mob-ion.net\/wp-content\/uploads\/2019\/06\/tidee-parc4-768x432.jpg 768w, https:\/\/dev.tidee.mob-ion.net\/wp-content\/uploads\/2019\/06\/tidee-parc4.jpg 1920w\" sizes=\"(max-width: 1024px) 100vw, 1024px\" \/>\t\t\t\t\t\t\t\t\t\t\t\t\t\t\t<\/div>\n\t\t\t\t<\/div>\n\t\t\t\t\t<\/div>\n\t\t<\/div>\n\t\t\t\t\t<\/div>\n\t\t<\/section>\n\t\t\t\t<\/div>\n\t\t","protected":false},"excerpt":{"rendered":"<p>Des capacit\u00e9s majeures 4 Lignes de coupe (27 Formats de bobines de 128 \u00e0 1225 mm) Secteur num\u00e9rique cisailles poin\u00e7onneuses plieuses AMADA Secteur panneautage automatique panneauteuses SALVAGNINI Secteur peinture Cha\u00eene de peinture poudre avec 2 technologies d&rsquo;application (INOBELL,\u00a0AUTO MACH JET), capacit\u00e9 nominale 1000m\u00b2\/heure \u00a0Cabine proto Secteur soudure soudure manuelle soudure robotis\u00e9e Secteur logistique et exp\u00e9dition&hellip; <br \/> <a class=\"button small blue\" href=\"https:\/\/dev.tidee.mob-ion.net\/index.php\/capacites-et-savoir-faire\/\">Lire la suite<\/a><\/p>\n","protected":false},"author":2,"featured_media":0,"parent":0,"menu_order":0,"comment_status":"closed","ping_status":"closed","template":"","meta":{"footnotes":""},"class_list":["post-123","page","type-page","status-publish","hentry"],"yoast_head":"<!-- This site is optimized with the Yoast SEO plugin v27.5 - https:\/\/yoast.com\/product\/yoast-seo-wordpress\/ -->\n<title>Capacit\u00e9s et savoir-faire - Tidee<\/title>\n<meta name=\"robots\" content=\"index, follow, max-snippet:-1, max-image-preview:large, max-video-preview:-1\" \/>\n<link rel=\"canonical\" href=\"https:\/\/dev.tidee.mob-ion.net\/index.php\/capacites-et-savoir-faire\/\" \/>\n<meta property=\"og:locale\" content=\"fr_FR\" \/>\n<meta property=\"og:type\" content=\"article\" \/>\n<meta property=\"og:title\" content=\"Capacit\u00e9s et savoir-faire - Tidee\" \/>\n<meta property=\"og:description\" content=\"Des capacit\u00e9s majeures 4 Lignes de coupe (27 Formats de bobines de 128 \u00e0 1225 mm) Secteur num\u00e9rique cisailles poin\u00e7onneuses plieuses AMADA Secteur panneautage automatique panneauteuses SALVAGNINI Secteur peinture Cha\u00eene de peinture poudre avec 2 technologies d&rsquo;application (INOBELL,\u00a0AUTO MACH JET), capacit\u00e9 nominale 1000m\u00b2\/heure \u00a0Cabine proto Secteur soudure soudure manuelle soudure robotis\u00e9e Secteur logistique et exp\u00e9dition&hellip; Lire la suite\" \/>\n<meta property=\"og:url\" content=\"https:\/\/dev.tidee.mob-ion.net\/index.php\/capacites-et-savoir-faire\/\" \/>\n<meta property=\"og:site_name\" content=\"Tidee\" \/>\n<meta property=\"article:publisher\" content=\"https:\/\/www.facebook.com\/TideeTolerie\" \/>\n<meta property=\"article:modified_time\" content=\"2021-12-02T16:14:58+00:00\" \/>\n<meta property=\"og:image\" content=\"https:\/\/dev.tidee.mob-ion.net\/wp-content\/uploads\/2019\/06\/tidee-salvagnini-1024x576.jpg\" \/>\n<meta name=\"twitter:card\" content=\"summary_large_image\" \/>\n<meta name=\"twitter:site\" content=\"@TideeTolerie\" \/>\n<meta name=\"twitter:label1\" content=\"Dur\u00e9e de lecture estim\u00e9e\" \/>\n\t<meta name=\"twitter:data1\" content=\"2 minutes\" \/>\n<script type=\"application\/ld+json\" class=\"yoast-schema-graph\">{\"@context\":\"https:\\\/\\\/schema.org\",\"@graph\":[{\"@type\":\"WebPage\",\"@id\":\"https:\\\/\\\/dev.tidee.mob-ion.net\\\/index.php\\\/capacites-et-savoir-faire\\\/\",\"url\":\"https:\\\/\\\/dev.tidee.mob-ion.net\\\/index.php\\\/capacites-et-savoir-faire\\\/\",\"name\":\"Capacit\u00e9s et savoir-faire - Tidee\",\"isPartOf\":{\"@id\":\"https:\\\/\\\/dev.tidee.mob-ion.net\\\/#website\"},\"primaryImageOfPage\":{\"@id\":\"https:\\\/\\\/dev.tidee.mob-ion.net\\\/index.php\\\/capacites-et-savoir-faire\\\/#primaryimage\"},\"image\":{\"@id\":\"https:\\\/\\\/dev.tidee.mob-ion.net\\\/index.php\\\/capacites-et-savoir-faire\\\/#primaryimage\"},\"thumbnailUrl\":\"https:\\\/\\\/dev.tidee.mob-ion.net\\\/wp-content\\\/uploads\\\/2019\\\/06\\\/tidee-salvagnini-1024x576.jpg\",\"datePublished\":\"2019-06-11T09:41:33+00:00\",\"dateModified\":\"2021-12-02T16:14:58+00:00\",\"breadcrumb\":{\"@id\":\"https:\\\/\\\/dev.tidee.mob-ion.net\\\/index.php\\\/capacites-et-savoir-faire\\\/#breadcrumb\"},\"inLanguage\":\"fr-FR\",\"potentialAction\":[{\"@type\":\"ReadAction\",\"target\":[\"https:\\\/\\\/dev.tidee.mob-ion.net\\\/index.php\\\/capacites-et-savoir-faire\\\/\"]}]},{\"@type\":\"ImageObject\",\"inLanguage\":\"fr-FR\",\"@id\":\"https:\\\/\\\/dev.tidee.mob-ion.net\\\/index.php\\\/capacites-et-savoir-faire\\\/#primaryimage\",\"url\":\"https:\\\/\\\/dev.tidee.mob-ion.net\\\/wp-content\\\/uploads\\\/2019\\\/06\\\/tidee-salvagnini-1024x576.jpg\",\"contentUrl\":\"https:\\\/\\\/dev.tidee.mob-ion.net\\\/wp-content\\\/uploads\\\/2019\\\/06\\\/tidee-salvagnini-1024x576.jpg\"},{\"@type\":\"BreadcrumbList\",\"@id\":\"https:\\\/\\\/dev.tidee.mob-ion.net\\\/index.php\\\/capacites-et-savoir-faire\\\/#breadcrumb\",\"itemListElement\":[{\"@type\":\"ListItem\",\"position\":1,\"name\":\"Accueil\",\"item\":\"https:\\\/\\\/dev.tidee.mob-ion.net\\\/\"},{\"@type\":\"ListItem\",\"position\":2,\"name\":\"Capacit\u00e9s et savoir-faire\"}]},{\"@type\":\"WebSite\",\"@id\":\"https:\\\/\\\/dev.tidee.mob-ion.net\\\/#website\",\"url\":\"https:\\\/\\\/dev.tidee.mob-ion.net\\\/\",\"name\":\"Tidee tolerie fine m\u00e9tallerie\",\"description\":\"\",\"publisher\":{\"@id\":\"https:\\\/\\\/dev.tidee.mob-ion.net\\\/#organization\"},\"potentialAction\":[{\"@type\":\"SearchAction\",\"target\":{\"@type\":\"EntryPoint\",\"urlTemplate\":\"https:\\\/\\\/dev.tidee.mob-ion.net\\\/?s={search_term_string}\"},\"query-input\":{\"@type\":\"PropertyValueSpecification\",\"valueRequired\":true,\"valueName\":\"search_term_string\"}}],\"inLanguage\":\"fr-FR\"},{\"@type\":\"Organization\",\"@id\":\"https:\\\/\\\/dev.tidee.mob-ion.net\\\/#organization\",\"name\":\"Tidee\",\"url\":\"https:\\\/\\\/dev.tidee.mob-ion.net\\\/\",\"logo\":{\"@type\":\"ImageObject\",\"inLanguage\":\"fr-FR\",\"@id\":\"https:\\\/\\\/dev.tidee.mob-ion.net\\\/#\\\/schema\\\/logo\\\/image\\\/\",\"url\":\"https:\\\/\\\/dev.tidee.mob-ion.net\\\/wp-content\\\/uploads\\\/2019\\\/05\\\/tidee-logotype-basse-def.jpg\",\"contentUrl\":\"https:\\\/\\\/dev.tidee.mob-ion.net\\\/wp-content\\\/uploads\\\/2019\\\/05\\\/tidee-logotype-basse-def.jpg\",\"width\":474,\"height\":498,\"caption\":\"Tidee\"},\"image\":{\"@id\":\"https:\\\/\\\/dev.tidee.mob-ion.net\\\/#\\\/schema\\\/logo\\\/image\\\/\"},\"sameAs\":[\"https:\\\/\\\/www.facebook.com\\\/TideeTolerie\",\"https:\\\/\\\/x.com\\\/TideeTolerie\",\"https:\\\/\\\/www.linkedin.com\\\/company\\\/19162475\\\/\"]}]}<\/script>\n<!-- \/ Yoast SEO plugin. -->","yoast_head_json":{"title":"Capacit\u00e9s et savoir-faire - Tidee","robots":{"index":"index","follow":"follow","max-snippet":"max-snippet:-1","max-image-preview":"max-image-preview:large","max-video-preview":"max-video-preview:-1"},"canonical":"https:\/\/dev.tidee.mob-ion.net\/index.php\/capacites-et-savoir-faire\/","og_locale":"fr_FR","og_type":"article","og_title":"Capacit\u00e9s et savoir-faire - Tidee","og_description":"Des capacit\u00e9s majeures 4 Lignes de coupe (27 Formats de bobines de 128 \u00e0 1225 mm) Secteur num\u00e9rique cisailles poin\u00e7onneuses plieuses AMADA Secteur panneautage automatique panneauteuses SALVAGNINI Secteur peinture Cha\u00eene de peinture poudre avec 2 technologies d&rsquo;application (INOBELL,\u00a0AUTO MACH JET), capacit\u00e9 nominale 1000m\u00b2\/heure \u00a0Cabine proto Secteur soudure soudure manuelle soudure robotis\u00e9e Secteur logistique et exp\u00e9dition&hellip; Lire la suite","og_url":"https:\/\/dev.tidee.mob-ion.net\/index.php\/capacites-et-savoir-faire\/","og_site_name":"Tidee","article_publisher":"https:\/\/www.facebook.com\/TideeTolerie","article_modified_time":"2021-12-02T16:14:58+00:00","og_image":[{"url":"https:\/\/dev.tidee.mob-ion.net\/wp-content\/uploads\/2019\/06\/tidee-salvagnini-1024x576.jpg","type":"","width":"","height":""}],"twitter_card":"summary_large_image","twitter_site":"@TideeTolerie","twitter_misc":{"Dur\u00e9e de lecture estim\u00e9e":"2 minutes"},"schema":{"@context":"https:\/\/schema.org","@graph":[{"@type":"WebPage","@id":"https:\/\/dev.tidee.mob-ion.net\/index.php\/capacites-et-savoir-faire\/","url":"https:\/\/dev.tidee.mob-ion.net\/index.php\/capacites-et-savoir-faire\/","name":"Capacit\u00e9s et savoir-faire - Tidee","isPartOf":{"@id":"https:\/\/dev.tidee.mob-ion.net\/#website"},"primaryImageOfPage":{"@id":"https:\/\/dev.tidee.mob-ion.net\/index.php\/capacites-et-savoir-faire\/#primaryimage"},"image":{"@id":"https:\/\/dev.tidee.mob-ion.net\/index.php\/capacites-et-savoir-faire\/#primaryimage"},"thumbnailUrl":"https:\/\/dev.tidee.mob-ion.net\/wp-content\/uploads\/2019\/06\/tidee-salvagnini-1024x576.jpg","datePublished":"2019-06-11T09:41:33+00:00","dateModified":"2021-12-02T16:14:58+00:00","breadcrumb":{"@id":"https:\/\/dev.tidee.mob-ion.net\/index.php\/capacites-et-savoir-faire\/#breadcrumb"},"inLanguage":"fr-FR","potentialAction":[{"@type":"ReadAction","target":["https:\/\/dev.tidee.mob-ion.net\/index.php\/capacites-et-savoir-faire\/"]}]},{"@type":"ImageObject","inLanguage":"fr-FR","@id":"https:\/\/dev.tidee.mob-ion.net\/index.php\/capacites-et-savoir-faire\/#primaryimage","url":"https:\/\/dev.tidee.mob-ion.net\/wp-content\/uploads\/2019\/06\/tidee-salvagnini-1024x576.jpg","contentUrl":"https:\/\/dev.tidee.mob-ion.net\/wp-content\/uploads\/2019\/06\/tidee-salvagnini-1024x576.jpg"},{"@type":"BreadcrumbList","@id":"https:\/\/dev.tidee.mob-ion.net\/index.php\/capacites-et-savoir-faire\/#breadcrumb","itemListElement":[{"@type":"ListItem","position":1,"name":"Accueil","item":"https:\/\/dev.tidee.mob-ion.net\/"},{"@type":"ListItem","position":2,"name":"Capacit\u00e9s et savoir-faire"}]},{"@type":"WebSite","@id":"https:\/\/dev.tidee.mob-ion.net\/#website","url":"https:\/\/dev.tidee.mob-ion.net\/","name":"Tidee tolerie fine m\u00e9tallerie","description":"","publisher":{"@id":"https:\/\/dev.tidee.mob-ion.net\/#organization"},"potentialAction":[{"@type":"SearchAction","target":{"@type":"EntryPoint","urlTemplate":"https:\/\/dev.tidee.mob-ion.net\/?s={search_term_string}"},"query-input":{"@type":"PropertyValueSpecification","valueRequired":true,"valueName":"search_term_string"}}],"inLanguage":"fr-FR"},{"@type":"Organization","@id":"https:\/\/dev.tidee.mob-ion.net\/#organization","name":"Tidee","url":"https:\/\/dev.tidee.mob-ion.net\/","logo":{"@type":"ImageObject","inLanguage":"fr-FR","@id":"https:\/\/dev.tidee.mob-ion.net\/#\/schema\/logo\/image\/","url":"https:\/\/dev.tidee.mob-ion.net\/wp-content\/uploads\/2019\/05\/tidee-logotype-basse-def.jpg","contentUrl":"https:\/\/dev.tidee.mob-ion.net\/wp-content\/uploads\/2019\/05\/tidee-logotype-basse-def.jpg","width":474,"height":498,"caption":"Tidee"},"image":{"@id":"https:\/\/dev.tidee.mob-ion.net\/#\/schema\/logo\/image\/"},"sameAs":["https:\/\/www.facebook.com\/TideeTolerie","https:\/\/x.com\/TideeTolerie","https:\/\/www.linkedin.com\/company\/19162475\/"]}]}},"_links":{"self":[{"href":"https:\/\/dev.tidee.mob-ion.net\/index.php\/wp-json\/wp\/v2\/pages\/123","targetHints":{"allow":["GET"]}}],"collection":[{"href":"https:\/\/dev.tidee.mob-ion.net\/index.php\/wp-json\/wp\/v2\/pages"}],"about":[{"href":"https:\/\/dev.tidee.mob-ion.net\/index.php\/wp-json\/wp\/v2\/types\/page"}],"author":[{"embeddable":true,"href":"https:\/\/dev.tidee.mob-ion.net\/index.php\/wp-json\/wp\/v2\/users\/2"}],"replies":[{"embeddable":true,"href":"https:\/\/dev.tidee.mob-ion.net\/index.php\/wp-json\/wp\/v2\/comments?post=123"}],"version-history":[{"count":11,"href":"https:\/\/dev.tidee.mob-ion.net\/index.php\/wp-json\/wp\/v2\/pages\/123\/revisions"}],"predecessor-version":[{"id":329,"href":"https:\/\/dev.tidee.mob-ion.net\/index.php\/wp-json\/wp\/v2\/pages\/123\/revisions\/329"}],"wp:attachment":[{"href":"https:\/\/dev.tidee.mob-ion.net\/index.php\/wp-json\/wp\/v2\/media?parent=123"}],"curies":[{"name":"wp","href":"https:\/\/api.w.org\/{rel}","templated":true}]}}