{"id":103,"date":"2019-06-11T11:00:36","date_gmt":"2019-06-11T09:00:36","guid":{"rendered":"https:\/\/dev.tidee.mob-ion.net\/?page_id=103"},"modified":"2019-11-07T16:55:12","modified_gmt":"2019-11-07T15:55:12","slug":"lentreprise-tidee","status":"publish","type":"page","link":"https:\/\/dev.tidee.mob-ion.net\/index.php\/lentreprise-tidee\/","title":{"rendered":"L&rsquo;entreprise"},"content":{"rendered":"\t\t<div data-elementor-type=\"wp-post\" data-elementor-id=\"103\" class=\"elementor elementor-103\">\n\t\t\t\t\t\t<section class=\"elementor-section elementor-top-section elementor-element elementor-element-723d2b6 elementor-section-boxed elementor-section-height-default elementor-section-height-default\" data-id=\"723d2b6\" data-element_type=\"section\" data-e-type=\"section\">\n\t\t\t\t\t\t<div class=\"elementor-container elementor-column-gap-default\">\n\t\t\t\t\t<div class=\"elementor-column elementor-col-100 elementor-top-column elementor-element elementor-element-9186b5d\" data-id=\"9186b5d\" data-element_type=\"column\" data-e-type=\"column\">\n\t\t\t<div class=\"elementor-widget-wrap elementor-element-populated\">\n\t\t\t\t\t\t<div class=\"elementor-element elementor-element-7b2cf8b elementor-widget elementor-widget-heading\" data-id=\"7b2cf8b\" data-element_type=\"widget\" data-e-type=\"widget\" data-widget_type=\"heading.default\">\n\t\t\t\t<div class=\"elementor-widget-container\">\n\t\t\t\t\t<h2 class=\"elementor-heading-title elementor-size-default\">Tidee, l'h\u00e9ritage d'une vieille dame<\/h2>\t\t\t\t<\/div>\n\t\t\t\t<\/div>\n\t\t\t\t\t<\/div>\n\t\t<\/div>\n\t\t\t\t\t<\/div>\n\t\t<\/section>\n\t\t\t\t<section class=\"elementor-section elementor-top-section elementor-element elementor-element-80a8bb7 elementor-section-boxed elementor-section-height-default elementor-section-height-default\" data-id=\"80a8bb7\" data-element_type=\"section\" data-e-type=\"section\">\n\t\t\t\t\t\t<div class=\"elementor-container elementor-column-gap-default\">\n\t\t\t\t\t<div class=\"elementor-column elementor-col-100 elementor-top-column elementor-element elementor-element-2099da2\" data-id=\"2099da2\" data-element_type=\"column\" data-e-type=\"column\">\n\t\t\t<div class=\"elementor-widget-wrap elementor-element-populated\">\n\t\t\t\t\t\t<section class=\"elementor-section elementor-inner-section elementor-element elementor-element-7a5ea1b elementor-section-boxed elementor-section-height-default elementor-section-height-default\" data-id=\"7a5ea1b\" data-element_type=\"section\" data-e-type=\"section\">\n\t\t\t\t\t\t<div class=\"elementor-container elementor-column-gap-default\">\n\t\t\t\t\t<div class=\"elementor-column elementor-col-50 elementor-inner-column elementor-element elementor-element-5ab135f\" data-id=\"5ab135f\" data-element_type=\"column\" data-e-type=\"column\">\n\t\t\t<div class=\"elementor-widget-wrap elementor-element-populated\">\n\t\t\t\t\t\t<div class=\"elementor-element elementor-element-c8e5f6f elementor-widget elementor-widget-text-editor\" data-id=\"c8e5f6f\" data-element_type=\"widget\" data-e-type=\"widget\" data-widget_type=\"text-editor.default\">\n\t\t\t\t<div class=\"elementor-widget-container\">\n\t\t\t\t\t\t\t\t\t<p align=\"justify\">Les industriels Chenest et Larsonnier, concessionnaires depuis 1856 du site de l&rsquo;ancien couvent des Minimes \u00e0 Guise, y \u00e9tablissent une filature de laines peign\u00e9es, transf\u00e9r\u00e9e en 1878 dans des b\u00e2timents plus vastes sur le site actuel.<\/p><p align=\"justify\">L&rsquo;entreprise est acquise au d\u00e9but du 20e si\u00e8cle par l&rsquo;industriel roubaisien J. Cau.\u00a0<\/p><p align=\"justify\">Ce dernier fait construire, avant 1908, un magasin aux fil\u00e9s et un magasin aux laines au sud de la cour centrale, et fait sur\u00e9lever, de part et d&rsquo;autre de la chemin\u00e9e, le b\u00e2timent abritant le r\u00e9fectoire et la buanderie, et l&rsquo;ancienne salle des machines transform\u00e9e en bureaux.<\/p>\t\t\t\t\t\t\t\t<\/div>\n\t\t\t\t<\/div>\n\t\t\t\t\t<\/div>\n\t\t<\/div>\n\t\t\t\t<div class=\"elementor-column elementor-col-50 elementor-inner-column elementor-element elementor-element-3f7cf67\" data-id=\"3f7cf67\" data-element_type=\"column\" data-e-type=\"column\">\n\t\t\t<div class=\"elementor-widget-wrap elementor-element-populated\">\n\t\t\t\t\t\t<div class=\"elementor-element elementor-element-bf0cfc5 elementor-widget elementor-widget-image\" data-id=\"bf0cfc5\" data-element_type=\"widget\" data-e-type=\"widget\" data-widget_type=\"image.default\">\n\t\t\t\t<div class=\"elementor-widget-container\">\n\t\t\t\t\t\t\t\t\t\t\t\t\t\t\t<img fetchpriority=\"high\" decoding=\"async\" width=\"907\" height=\"575\" src=\"https:\/\/dev.tidee.mob-ion.net\/wp-content\/uploads\/2019\/06\/filature-cau-guise.jpg\" class=\"attachment-full size-full wp-image-107\" alt=\"\" srcset=\"https:\/\/dev.tidee.mob-ion.net\/wp-content\/uploads\/2019\/06\/filature-cau-guise.jpg 907w, https:\/\/dev.tidee.mob-ion.net\/wp-content\/uploads\/2019\/06\/filature-cau-guise-300x190.jpg 300w, https:\/\/dev.tidee.mob-ion.net\/wp-content\/uploads\/2019\/06\/filature-cau-guise-768x487.jpg 768w\" sizes=\"(max-width: 907px) 100vw, 907px\" \/>\t\t\t\t\t\t\t\t\t\t\t\t\t\t\t<\/div>\n\t\t\t\t<\/div>\n\t\t\t\t\t<\/div>\n\t\t<\/div>\n\t\t\t\t\t<\/div>\n\t\t<\/section>\n\t\t\t\t\t<\/div>\n\t\t<\/div>\n\t\t\t\t\t<\/div>\n\t\t<\/section>\n\t\t\t\t<section class=\"elementor-section elementor-top-section elementor-element elementor-element-4915deb elementor-section-boxed elementor-section-height-default elementor-section-height-default\" data-id=\"4915deb\" data-element_type=\"section\" data-e-type=\"section\">\n\t\t\t\t\t\t<div class=\"elementor-container elementor-column-gap-default\">\n\t\t\t\t\t<div class=\"elementor-column elementor-col-33 elementor-top-column elementor-element elementor-element-9cd2852\" data-id=\"9cd2852\" data-element_type=\"column\" data-e-type=\"column\">\n\t\t\t<div class=\"elementor-widget-wrap elementor-element-populated\">\n\t\t\t\t\t\t<div class=\"elementor-element elementor-element-82552ca elementor-widget elementor-widget-image\" data-id=\"82552ca\" data-element_type=\"widget\" data-e-type=\"widget\" data-widget_type=\"image.default\">\n\t\t\t\t<div class=\"elementor-widget-container\">\n\t\t\t\t\t\t\t\t\t\t\t\t\t\t\t<img decoding=\"async\" width=\"907\" height=\"587\" src=\"https:\/\/dev.tidee.mob-ion.net\/wp-content\/uploads\/2019\/06\/sansen-guise.jpg\" class=\"attachment-large size-large wp-image-109\" alt=\"\" srcset=\"https:\/\/dev.tidee.mob-ion.net\/wp-content\/uploads\/2019\/06\/sansen-guise.jpg 907w, https:\/\/dev.tidee.mob-ion.net\/wp-content\/uploads\/2019\/06\/sansen-guise-300x194.jpg 300w, https:\/\/dev.tidee.mob-ion.net\/wp-content\/uploads\/2019\/06\/sansen-guise-768x497.jpg 768w\" sizes=\"(max-width: 907px) 100vw, 907px\" \/>\t\t\t\t\t\t\t\t\t\t\t\t\t\t\t<\/div>\n\t\t\t\t<\/div>\n\t\t\t\t\t<\/div>\n\t\t<\/div>\n\t\t\t\t<div class=\"elementor-column elementor-col-66 elementor-top-column elementor-element elementor-element-c3db53a\" data-id=\"c3db53a\" data-element_type=\"column\" data-e-type=\"column\">\n\t\t\t<div class=\"elementor-widget-wrap elementor-element-populated\">\n\t\t\t\t\t\t<div class=\"elementor-element elementor-element-f0c0675 elementor-widget elementor-widget-text-editor\" data-id=\"f0c0675\" data-element_type=\"widget\" data-e-type=\"widget\" data-widget_type=\"text-editor.default\">\n\t\t\t\t<div class=\"elementor-widget-container\">\n\t\t\t\t\t\t\t\t\t<p align=\"justify\">En 1932, apr\u00e8s acquisition du site de Guise, la soci\u00e9t\u00e9 alors d\u00e9nomm\u00e9e \u00ab\u00a0soci\u00e9t\u00e9 SANSEN\u00a0\u00bb, fut fond\u00e9e par Edmond Sansen pour la fabrication de mat\u00e9riel agricole.<\/p><p align=\"justify\">A la suite de l\u2019application des nouvelles mesures prescrivant \u00e0 toutes les entreprises de mettre \u00e0 la disposition du personnel des vestiaires, l\u2019entreprise d\u00e9marre cette nouvelle fabrication qui correspondait au mat\u00e9riel de t\u00f4lerie dont elle disposait.<\/p><p align=\"justify\">Au fil des ann\u00e9es, l\u2019entreprise \u00e9volue progressivement vers la r\u00e9alisation des vestiaires de bureau, puis des armoires de classement et enfin, vers le mobilier de bureau proprement dit.<\/p>\t\t\t\t\t\t\t\t<\/div>\n\t\t\t\t<\/div>\n\t\t\t\t\t<\/div>\n\t\t<\/div>\n\t\t\t\t\t<\/div>\n\t\t<\/section>\n\t\t\t\t<section class=\"elementor-section elementor-top-section elementor-element elementor-element-f255c45 elementor-section-boxed elementor-section-height-default elementor-section-height-default\" data-id=\"f255c45\" data-element_type=\"section\" data-e-type=\"section\">\n\t\t\t\t\t\t<div class=\"elementor-container elementor-column-gap-default\">\n\t\t\t\t\t<div class=\"elementor-column elementor-col-100 elementor-top-column elementor-element elementor-element-68ab996\" data-id=\"68ab996\" data-element_type=\"column\" data-e-type=\"column\">\n\t\t\t<div class=\"elementor-widget-wrap elementor-element-populated\">\n\t\t\t\t\t\t<div class=\"elementor-element elementor-element-fd64190 elementor-widget elementor-widget-heading\" data-id=\"fd64190\" data-element_type=\"widget\" data-e-type=\"widget\" data-widget_type=\"heading.default\">\n\t\t\t\t<div class=\"elementor-widget-container\">\n\t\t\t\t\t<h3 class=\"elementor-heading-title elementor-size-default\">Modernisation et diversification<\/h3>\t\t\t\t<\/div>\n\t\t\t\t<\/div>\n\t\t\t\t\t<\/div>\n\t\t<\/div>\n\t\t\t\t\t<\/div>\n\t\t<\/section>\n\t\t\t\t<section class=\"elementor-section elementor-top-section elementor-element elementor-element-4f6e696 elementor-section-boxed elementor-section-height-default elementor-section-height-default\" data-id=\"4f6e696\" data-element_type=\"section\" data-e-type=\"section\">\n\t\t\t\t\t\t<div class=\"elementor-container elementor-column-gap-default\">\n\t\t\t\t\t<div class=\"elementor-column elementor-col-50 elementor-top-column elementor-element elementor-element-c3b3caf\" data-id=\"c3b3caf\" data-element_type=\"column\" data-e-type=\"column\">\n\t\t\t<div class=\"elementor-widget-wrap elementor-element-populated\">\n\t\t\t\t\t\t<div class=\"elementor-element elementor-element-941a3b2 elementor-widget elementor-widget-text-editor\" data-id=\"941a3b2\" data-element_type=\"widget\" data-e-type=\"widget\" data-widget_type=\"text-editor.default\">\n\t\t\t\t<div class=\"elementor-widget-container\">\n\t\t\t\t\t\t\t\t\t<p style=\"margin-bottom: 0cm; line-height: 100%;\" align=\"justify\">En 1956, l\u2019entreprise dispose d\u2019un effectif de 210 personnes et transforme annuellement 1300 tonnes de t\u00f4les. A l\u2019activit\u00e9 historique s\u2019ajoute une activit\u00e9 de rayonnage industriel.<\/p><p style=\"margin-bottom: 0cm; line-height: 100%;\" align=\"justify\">\u00a0<\/p><p style=\"margin-bottom: 0cm; line-height: 100%;\" align=\"justify\">En 1960, la structure juridique \u00e9volue en SA avec un tonnage estim\u00e9 \u00e0 2900 tonnes.<\/p><p style=\"margin-bottom: 0cm; line-height: 100%;\" align=\"justify\">L\u2019effectif en 1966 est de 320 personnes et le tonnage transform\u00e9 atteint 7000 tonnes.<\/p><p><style type=\"text\/css\">\n\t\t@page { margin: 2cm }\n\t\tp { margin-bottom: 0.25cm; line-height: 115% }\n\t<\/style><\/p><p style=\"margin-bottom: 0cm; line-height: 100%;\" align=\"justify\">Le pic d\u2019activit\u00e9 est atteint en 1974 avec plus de 11900 tonnes transform\u00e9es.<\/p>\t\t\t\t\t\t\t\t<\/div>\n\t\t\t\t<\/div>\n\t\t\t\t\t<\/div>\n\t\t<\/div>\n\t\t\t\t<div class=\"elementor-column elementor-col-50 elementor-top-column elementor-element elementor-element-44396f2\" data-id=\"44396f2\" data-element_type=\"column\" data-e-type=\"column\">\n\t\t\t<div class=\"elementor-widget-wrap elementor-element-populated\">\n\t\t\t\t\t\t<div class=\"elementor-element elementor-element-90e2e98 elementor-widget elementor-widget-text-editor\" data-id=\"90e2e98\" data-element_type=\"widget\" data-e-type=\"widget\" data-widget_type=\"text-editor.default\">\n\t\t\t\t<div class=\"elementor-widget-container\">\n\t\t\t\t\t\t\t\t\t<p>En 1987 l\u2019entreprise SANSEN rejoint le groupe n\u00e9erlandais SAMAS et continue, en 1990, son extension en France et reprend RONEO.<\/p><p>En 2005, SAMAS division FRANCE,\u00a0apr\u00e8s une restructuration n\u00e9cessaire, proc\u00e8de \u00e0 la fusion des deux soci\u00e9t\u00e9s SANSEN et RONEO : SAMAS-FRANCE.<\/p><p>C&rsquo;est en 2006 que Vincent Gruau en devient le PDG et lance la nouvelle marque Majencia. Enfin, le 10 mai 2019, le site de Majencia Guise est rachet\u00e9 pour devenir Tidee. L&rsquo;ambition affich\u00e9e est un retour aux fondamentaux en t\u00f4lerie fine et m\u00e9tallerie par la diversification industrielle.<\/p>\t\t\t\t\t\t\t\t<\/div>\n\t\t\t\t<\/div>\n\t\t\t\t\t<\/div>\n\t\t<\/div>\n\t\t\t\t\t<\/div>\n\t\t<\/section>\n\t\t\t\t<\/div>\n\t\t","protected":false},"excerpt":{"rendered":"<p>Tidee, l&rsquo;h\u00e9ritage d&rsquo;une vieille dame Les industriels Chenest et Larsonnier, concessionnaires depuis 1856 du site de l&rsquo;ancien couvent des Minimes \u00e0 Guise, y \u00e9tablissent une filature de laines peign\u00e9es, transf\u00e9r\u00e9e en 1878 dans des b\u00e2timents plus vastes sur le site actuel. L&rsquo;entreprise est acquise au d\u00e9but du 20e si\u00e8cle par l&rsquo;industriel roubaisien J. Cau.&nbsp; Ce&hellip; <br \/> <a class=\"button small blue\" href=\"https:\/\/dev.tidee.mob-ion.net\/index.php\/lentreprise-tidee\/\">Lire la suite<\/a><\/p>\n","protected":false},"author":2,"featured_media":0,"parent":0,"menu_order":0,"comment_status":"closed","ping_status":"closed","template":"","meta":{"footnotes":""},"class_list":["post-103","page","type-page","status-publish","hentry"],"yoast_head":"<!-- This site is optimized with the Yoast SEO plugin v27.5 - https:\/\/yoast.com\/product\/yoast-seo-wordpress\/ -->\n<title>Entreprise Tidee- t\u00f4lerie fine en France Guise (Aisne)<\/title>\n<meta name=\"description\" content=\"Tidee, bas\u00e9 \u00e0 Guise dans l&#039;Aisne, sp\u00e9cialiste en t\u00f4lerie fine industrielle : pliage, poin\u00e7onnage, d\u00e9coupe laser, soudage par points, thermolaquage\" \/>\n<meta name=\"robots\" content=\"index, follow, max-snippet:-1, max-image-preview:large, max-video-preview:-1\" \/>\n<link rel=\"canonical\" href=\"https:\/\/dev.tidee.mob-ion.net\/index.php\/lentreprise-tidee\/\" \/>\n<meta property=\"og:locale\" content=\"fr_FR\" \/>\n<meta property=\"og:type\" content=\"article\" \/>\n<meta property=\"og:title\" content=\"Entreprise Tidee- t\u00f4lerie fine en France Guise (Aisne)\" \/>\n<meta property=\"og:description\" content=\"Tidee, bas\u00e9 \u00e0 Guise dans l&#039;Aisne, sp\u00e9cialiste en t\u00f4lerie fine industrielle : pliage, poin\u00e7onnage, d\u00e9coupe laser, soudage par points, thermolaquage\" \/>\n<meta property=\"og:url\" content=\"https:\/\/dev.tidee.mob-ion.net\/index.php\/lentreprise-tidee\/\" \/>\n<meta property=\"og:site_name\" content=\"Tidee\" \/>\n<meta property=\"article:publisher\" content=\"https:\/\/www.facebook.com\/TideeTolerie\" \/>\n<meta property=\"article:modified_time\" content=\"2019-11-07T15:55:12+00:00\" \/>\n<meta property=\"og:image\" content=\"https:\/\/dev.tidee.mob-ion.net\/wp-content\/uploads\/2019\/06\/filature-cau-guise.jpg\" \/>\n<meta name=\"twitter:card\" content=\"summary_large_image\" \/>\n<meta name=\"twitter:site\" content=\"@TideeTolerie\" \/>\n<meta name=\"twitter:label1\" content=\"Dur\u00e9e de lecture estim\u00e9e\" \/>\n\t<meta name=\"twitter:data1\" content=\"2 minutes\" \/>\n<script type=\"application\/ld+json\" class=\"yoast-schema-graph\">{\"@context\":\"https:\\\/\\\/schema.org\",\"@graph\":[{\"@type\":\"WebPage\",\"@id\":\"https:\\\/\\\/dev.tidee.mob-ion.net\\\/index.php\\\/lentreprise-tidee\\\/\",\"url\":\"https:\\\/\\\/dev.tidee.mob-ion.net\\\/index.php\\\/lentreprise-tidee\\\/\",\"name\":\"Entreprise Tidee- t\u00f4lerie fine en France Guise (Aisne)\",\"isPartOf\":{\"@id\":\"https:\\\/\\\/dev.tidee.mob-ion.net\\\/#website\"},\"primaryImageOfPage\":{\"@id\":\"https:\\\/\\\/dev.tidee.mob-ion.net\\\/index.php\\\/lentreprise-tidee\\\/#primaryimage\"},\"image\":{\"@id\":\"https:\\\/\\\/dev.tidee.mob-ion.net\\\/index.php\\\/lentreprise-tidee\\\/#primaryimage\"},\"thumbnailUrl\":\"https:\\\/\\\/dev.tidee.mob-ion.net\\\/wp-content\\\/uploads\\\/2019\\\/06\\\/filature-cau-guise.jpg\",\"datePublished\":\"2019-06-11T09:00:36+00:00\",\"dateModified\":\"2019-11-07T15:55:12+00:00\",\"description\":\"Tidee, bas\u00e9 \u00e0 Guise dans l'Aisne, sp\u00e9cialiste en t\u00f4lerie fine industrielle : pliage, poin\u00e7onnage, d\u00e9coupe laser, soudage par points, thermolaquage\",\"breadcrumb\":{\"@id\":\"https:\\\/\\\/dev.tidee.mob-ion.net\\\/index.php\\\/lentreprise-tidee\\\/#breadcrumb\"},\"inLanguage\":\"fr-FR\",\"potentialAction\":[{\"@type\":\"ReadAction\",\"target\":[\"https:\\\/\\\/dev.tidee.mob-ion.net\\\/index.php\\\/lentreprise-tidee\\\/\"]}]},{\"@type\":\"ImageObject\",\"inLanguage\":\"fr-FR\",\"@id\":\"https:\\\/\\\/dev.tidee.mob-ion.net\\\/index.php\\\/lentreprise-tidee\\\/#primaryimage\",\"url\":\"https:\\\/\\\/dev.tidee.mob-ion.net\\\/wp-content\\\/uploads\\\/2019\\\/06\\\/filature-cau-guise.jpg\",\"contentUrl\":\"https:\\\/\\\/dev.tidee.mob-ion.net\\\/wp-content\\\/uploads\\\/2019\\\/06\\\/filature-cau-guise.jpg\"},{\"@type\":\"BreadcrumbList\",\"@id\":\"https:\\\/\\\/dev.tidee.mob-ion.net\\\/index.php\\\/lentreprise-tidee\\\/#breadcrumb\",\"itemListElement\":[{\"@type\":\"ListItem\",\"position\":1,\"name\":\"Accueil\",\"item\":\"https:\\\/\\\/dev.tidee.mob-ion.net\\\/\"},{\"@type\":\"ListItem\",\"position\":2,\"name\":\"L&rsquo;entreprise\"}]},{\"@type\":\"WebSite\",\"@id\":\"https:\\\/\\\/dev.tidee.mob-ion.net\\\/#website\",\"url\":\"https:\\\/\\\/dev.tidee.mob-ion.net\\\/\",\"name\":\"Tidee tolerie fine m\u00e9tallerie\",\"description\":\"\",\"publisher\":{\"@id\":\"https:\\\/\\\/dev.tidee.mob-ion.net\\\/#organization\"},\"potentialAction\":[{\"@type\":\"SearchAction\",\"target\":{\"@type\":\"EntryPoint\",\"urlTemplate\":\"https:\\\/\\\/dev.tidee.mob-ion.net\\\/?s={search_term_string}\"},\"query-input\":{\"@type\":\"PropertyValueSpecification\",\"valueRequired\":true,\"valueName\":\"search_term_string\"}}],\"inLanguage\":\"fr-FR\"},{\"@type\":\"Organization\",\"@id\":\"https:\\\/\\\/dev.tidee.mob-ion.net\\\/#organization\",\"name\":\"Tidee\",\"url\":\"https:\\\/\\\/dev.tidee.mob-ion.net\\\/\",\"logo\":{\"@type\":\"ImageObject\",\"inLanguage\":\"fr-FR\",\"@id\":\"https:\\\/\\\/dev.tidee.mob-ion.net\\\/#\\\/schema\\\/logo\\\/image\\\/\",\"url\":\"https:\\\/\\\/dev.tidee.mob-ion.net\\\/wp-content\\\/uploads\\\/2019\\\/05\\\/tidee-logotype-basse-def.jpg\",\"contentUrl\":\"https:\\\/\\\/dev.tidee.mob-ion.net\\\/wp-content\\\/uploads\\\/2019\\\/05\\\/tidee-logotype-basse-def.jpg\",\"width\":474,\"height\":498,\"caption\":\"Tidee\"},\"image\":{\"@id\":\"https:\\\/\\\/dev.tidee.mob-ion.net\\\/#\\\/schema\\\/logo\\\/image\\\/\"},\"sameAs\":[\"https:\\\/\\\/www.facebook.com\\\/TideeTolerie\",\"https:\\\/\\\/x.com\\\/TideeTolerie\",\"https:\\\/\\\/www.linkedin.com\\\/company\\\/19162475\\\/\"]}]}<\/script>\n<!-- \/ Yoast SEO plugin. -->","yoast_head_json":{"title":"Entreprise Tidee- t\u00f4lerie fine en France Guise (Aisne)","description":"Tidee, bas\u00e9 \u00e0 Guise dans l'Aisne, sp\u00e9cialiste en t\u00f4lerie fine industrielle : pliage, poin\u00e7onnage, d\u00e9coupe laser, soudage par points, thermolaquage","robots":{"index":"index","follow":"follow","max-snippet":"max-snippet:-1","max-image-preview":"max-image-preview:large","max-video-preview":"max-video-preview:-1"},"canonical":"https:\/\/dev.tidee.mob-ion.net\/index.php\/lentreprise-tidee\/","og_locale":"fr_FR","og_type":"article","og_title":"Entreprise Tidee- t\u00f4lerie fine en France Guise (Aisne)","og_description":"Tidee, bas\u00e9 \u00e0 Guise dans l'Aisne, sp\u00e9cialiste en t\u00f4lerie fine industrielle : pliage, poin\u00e7onnage, d\u00e9coupe laser, soudage par points, thermolaquage","og_url":"https:\/\/dev.tidee.mob-ion.net\/index.php\/lentreprise-tidee\/","og_site_name":"Tidee","article_publisher":"https:\/\/www.facebook.com\/TideeTolerie","article_modified_time":"2019-11-07T15:55:12+00:00","og_image":[{"url":"https:\/\/dev.tidee.mob-ion.net\/wp-content\/uploads\/2019\/06\/filature-cau-guise.jpg","type":"","width":"","height":""}],"twitter_card":"summary_large_image","twitter_site":"@TideeTolerie","twitter_misc":{"Dur\u00e9e de lecture estim\u00e9e":"2 minutes"},"schema":{"@context":"https:\/\/schema.org","@graph":[{"@type":"WebPage","@id":"https:\/\/dev.tidee.mob-ion.net\/index.php\/lentreprise-tidee\/","url":"https:\/\/dev.tidee.mob-ion.net\/index.php\/lentreprise-tidee\/","name":"Entreprise Tidee- t\u00f4lerie fine en France Guise (Aisne)","isPartOf":{"@id":"https:\/\/dev.tidee.mob-ion.net\/#website"},"primaryImageOfPage":{"@id":"https:\/\/dev.tidee.mob-ion.net\/index.php\/lentreprise-tidee\/#primaryimage"},"image":{"@id":"https:\/\/dev.tidee.mob-ion.net\/index.php\/lentreprise-tidee\/#primaryimage"},"thumbnailUrl":"https:\/\/dev.tidee.mob-ion.net\/wp-content\/uploads\/2019\/06\/filature-cau-guise.jpg","datePublished":"2019-06-11T09:00:36+00:00","dateModified":"2019-11-07T15:55:12+00:00","description":"Tidee, bas\u00e9 \u00e0 Guise dans l'Aisne, sp\u00e9cialiste en t\u00f4lerie fine industrielle : pliage, poin\u00e7onnage, d\u00e9coupe laser, soudage par points, thermolaquage","breadcrumb":{"@id":"https:\/\/dev.tidee.mob-ion.net\/index.php\/lentreprise-tidee\/#breadcrumb"},"inLanguage":"fr-FR","potentialAction":[{"@type":"ReadAction","target":["https:\/\/dev.tidee.mob-ion.net\/index.php\/lentreprise-tidee\/"]}]},{"@type":"ImageObject","inLanguage":"fr-FR","@id":"https:\/\/dev.tidee.mob-ion.net\/index.php\/lentreprise-tidee\/#primaryimage","url":"https:\/\/dev.tidee.mob-ion.net\/wp-content\/uploads\/2019\/06\/filature-cau-guise.jpg","contentUrl":"https:\/\/dev.tidee.mob-ion.net\/wp-content\/uploads\/2019\/06\/filature-cau-guise.jpg"},{"@type":"BreadcrumbList","@id":"https:\/\/dev.tidee.mob-ion.net\/index.php\/lentreprise-tidee\/#breadcrumb","itemListElement":[{"@type":"ListItem","position":1,"name":"Accueil","item":"https:\/\/dev.tidee.mob-ion.net\/"},{"@type":"ListItem","position":2,"name":"L&rsquo;entreprise"}]},{"@type":"WebSite","@id":"https:\/\/dev.tidee.mob-ion.net\/#website","url":"https:\/\/dev.tidee.mob-ion.net\/","name":"Tidee tolerie fine m\u00e9tallerie","description":"","publisher":{"@id":"https:\/\/dev.tidee.mob-ion.net\/#organization"},"potentialAction":[{"@type":"SearchAction","target":{"@type":"EntryPoint","urlTemplate":"https:\/\/dev.tidee.mob-ion.net\/?s={search_term_string}"},"query-input":{"@type":"PropertyValueSpecification","valueRequired":true,"valueName":"search_term_string"}}],"inLanguage":"fr-FR"},{"@type":"Organization","@id":"https:\/\/dev.tidee.mob-ion.net\/#organization","name":"Tidee","url":"https:\/\/dev.tidee.mob-ion.net\/","logo":{"@type":"ImageObject","inLanguage":"fr-FR","@id":"https:\/\/dev.tidee.mob-ion.net\/#\/schema\/logo\/image\/","url":"https:\/\/dev.tidee.mob-ion.net\/wp-content\/uploads\/2019\/05\/tidee-logotype-basse-def.jpg","contentUrl":"https:\/\/dev.tidee.mob-ion.net\/wp-content\/uploads\/2019\/05\/tidee-logotype-basse-def.jpg","width":474,"height":498,"caption":"Tidee"},"image":{"@id":"https:\/\/dev.tidee.mob-ion.net\/#\/schema\/logo\/image\/"},"sameAs":["https:\/\/www.facebook.com\/TideeTolerie","https:\/\/x.com\/TideeTolerie","https:\/\/www.linkedin.com\/company\/19162475\/"]}]}},"_links":{"self":[{"href":"https:\/\/dev.tidee.mob-ion.net\/index.php\/wp-json\/wp\/v2\/pages\/103","targetHints":{"allow":["GET"]}}],"collection":[{"href":"https:\/\/dev.tidee.mob-ion.net\/index.php\/wp-json\/wp\/v2\/pages"}],"about":[{"href":"https:\/\/dev.tidee.mob-ion.net\/index.php\/wp-json\/wp\/v2\/types\/page"}],"author":[{"embeddable":true,"href":"https:\/\/dev.tidee.mob-ion.net\/index.php\/wp-json\/wp\/v2\/users\/2"}],"replies":[{"embeddable":true,"href":"https:\/\/dev.tidee.mob-ion.net\/index.php\/wp-json\/wp\/v2\/comments?post=103"}],"version-history":[{"count":4,"href":"https:\/\/dev.tidee.mob-ion.net\/index.php\/wp-json\/wp\/v2\/pages\/103\/revisions"}],"predecessor-version":[{"id":243,"href":"https:\/\/dev.tidee.mob-ion.net\/index.php\/wp-json\/wp\/v2\/pages\/103\/revisions\/243"}],"wp:attachment":[{"href":"https:\/\/dev.tidee.mob-ion.net\/index.php\/wp-json\/wp\/v2\/media?parent=103"}],"curies":[{"name":"wp","href":"https:\/\/api.w.org\/{rel}","templated":true}]}}